{"id":5348,"date":"2020-08-16T16:06:19","date_gmt":"2020-08-16T16:06:19","guid":{"rendered":"https:\/\/kastelir-labinci.com\/zastita-osobnih-podataka\/"},"modified":"2020-08-16T16:06:19","modified_gmt":"2020-08-16T16:06:19","slug":"zastita-osobnih-podataka","status":"publish","type":"page","link":"https:\/\/kastelir-labinci.com\/de\/zastita-osobnih-podataka\/","title":{"rendered":"Za\u0161tita osobnih podataka"},"content":{"rendered":"\n<p>Za\u0161tita osobnih podataka na web stranici kastelir-labinci.com.<\/p>\n\n\n\n<p><strong>Podaci koje prikupljamo<\/strong><br>Pristup web stranici studiowebart.eu je slobodan i ne tra\u017ei se registracija. Kontaktiranjem putem kontakt-obrazaca ili elektroni\u010dkom po\u0161tom ispunjavate svoje podatke. Ti su podaci dostupni isklju\u010divo Turisti\u010dke zajednice op\u0107ine Ka\u0161telir \u2013 Labinci u kojima su upu\u0107eni u svrhu rje\u0161avanja va\u0161eg upita. Davanje va\u0161ih osobnih podataka je dobrovoljno. Ne obra\u0111ujemo vi\u0161e osobnih podataka no \u0161to je doista potrebno za odgovaranje na va\u0161 upit.<\/p>\n\n\n\n<p><strong>Za\u0161tita va\u0161ih osobnih podataka<\/strong><br>Turisti\u010dka zajednica op\u0107ine Ka\u0161telir \u2013 Labinci po\u0161tuje va\u0161u privatnost te obra\u0111uje va\u0161e osobne podatke po\u0161teno i zakonito.Va\u0161e osobne podatke spremamo u elektroni\u010dkom obliku te u svrhu za\u0161tite primjenjujemo odgovaraju\u0107e tehni\u010dke, organizacijske i kadrovske mjere za\u0161tite osobnih podataka i procedure kako bismo sprije\u010dili da se osobnim podacima ne bi neovla\u0161teno pristupalo.<\/p>\n\n\n\n<p><strong>Poruke u elektroni\u010dkom obliku<\/strong><br>Kad nam \u0161aljete elektroni\u010dku po\u0161tu (e-mail) s va\u0161im osobnim podacima po kojima vas je mogu\u0107e identificirati, bez obzira na to radi li se o elektroni\u010dkoj po\u0161ti s pitanjem ili to \u010dinite putem kontakt obrazaca koji se nalaze na web stranici, a koji nam dostavljate elektroni\u010dkom po\u0161tom, mi te podatke koristimo samo u svrhu ispunjenja va\u0161ih upita. Osobne podatke ne obra\u0111ujemo u marketin\u0161ke svrhe te se zavr\u0161etkom kalendarske godine bri\u0161u iz na\u0161eg mail programa osim ako niste postali na\u0161 klijent te se tada upi\u0161u u bazu klijenta radi ispostavljanja fakture za dogovorenu uslugu.<\/p>\n\n\n\n<p><strong>Brisanje i va\u0161 pristup osobnim podacima<\/strong><br>Va\u0161e osobne podatke koje ste nam u\u010dinili dostupnima \u010duvati podatke samo u periodu koji je dovoljan da ispuni inicijalna svrha njihovog prikupljanja. Ovla\u0161teni ste u svako doba zatra\u017eiti obavijest o tome koje va\u0161e osobne podatke imamo u na\u0161oj bazi elektroni\u010dke po\u0161te, kao i zatra\u017eiti da sve ili neke osobne podatke izmijenimo (Pravo na ispravak) ili izbri\u0161emo (Pravo na zaborav). To \u0107ete u\u010diniti tako da se javite putem kontakt adrese <a href=\"mailto:info@kastelir-labinci.com\">info@kastelir-labinci.com<\/a> i dostavite obavijest s va\u0161im zahtjevom. Ukoliko postavite jedan od takvih zahtjeva, ulo\u017eit \u0107emo razumne napore da potvrdimo va\u0161 identitet i sprije\u010dimo neautorizirani pristup osobnim podacima.<\/p>\n\n\n\n<p><strong>Dostavljanje osobnih podataka drugim primateljima<\/strong><br>Va\u0161e osobne podatke ne dostavljamo drugim primateljima. Me\u0111utim, na web stranici studiowebart.eu prona\u0107i \u0107ete linkove na druge web stranice. Pravila za\u0161tite privatnosti na tim portalima mogu biti druga\u010dija od Pravila za\u0161tite privatnosti na studiowebart.eu. Na na\u0161oj stranici mo\u017eemo vam ponuditi i kori\u0161tenje dru\u0161tvenih mre\u017ea Turisti\u010dke zajednice op\u0107ine Ka\u0161telir \u2013 Labinci (Facebook, Instagram, Linkedin, Google) te druge servise Google Map, Youtube koje omogu\u0107avaju dijeljenje osobnih podataka.<\/p>\n\n\n\n<p><strong>Statistika poslu\u017eitelja i Google Analiza<\/strong><br>Stranica koristi Google Analytics \u2013 uslugu Internet analize koju pru\u017ea Google Inc. (dalje u tekstu: Google). Google Analiza koristi \u201ekola\u010di\u0107e\u201c \u2013 male tekstualne datoteke koja se automatski postavljaju na tvrdi disk korisnikovog ra\u010dunala \u2013 u svrhu analize korisni\u010dkih navika. Podaci koji se prikupljaju putem \u201ekola\u010di\u0107a\u201c o kori\u0161tenju Stranice (uklju\u010duju\u0107i i korisnikovu IP adresu) Google prenosi i pohranjuje na poslu\u017eitelje (engl. server) koji se nalaze u SAD-u. Google \u0107e prikupljene podatke koristiti u svrhu procjene kori\u0161tenja Stranice, generiranja izvje\u0161taja o aktivnostima na Stranici za potrebe operatera Internet stranica i pru\u017eanja drugih usluga u vezi sa kori\u0161tenjem Stranice i, op\u0107enito, kori\u0161tenjem Interneta. Google ove podatke tako\u0111er mo\u017ee prenositi tre\u0107im osobama, kada je to zakonom propisano ili kada odnosne tre\u0107e osobe vr\u0161e obradu podataka u ime Google-a. Google ne\u0107e povezivati IP adresu korisnika Stranice sa bilo kojim drugim podacima koje Google prikuplja. Mo\u017eete se usprotiviti kori\u0161tenju \u201ekola\u010di\u0107a\u201c odabirom odgovaraju\u0107ih postavki na Va\u0161em pregledniku, time da vodite ra\u010duna o tome da to mo\u017ee utjecati na potpunu funkcionalnost Stranice. Kori\u0161tenjem Stranice dajete suglasnost za obradu Va\u0161ih osobnih podataka od strane Google-a na naprijed navedeni na\u010din.Stoga vas molimo da se upoznate s Pravilima za\u0161tite privatnosti koja se primjenjuju na drugim web stranicama i na dru\u0161tvenim mre\u017eama.<\/p>\n\n\n\n<p><strong>Za\u0161titne mjere<\/strong><br>Turisti\u010dke zajednice op\u0107ine Ka\u0161telir \u2013 Labinci koristi tehnolo\u0161ke i sigurnosne mjere, pravila i ostale postupke radi za\u0161tite osobnih podataka korisnika ove Stranice od neovla\u0161tenog pristupa, zlouporabe, otkrivanja, gubitka ili uni\u0161tenja. Radi osiguranja za\u0161tite tajnosti podataka o korisnicima stranice, Turisti\u010dke zajednice op\u0107ine Ka\u0161telir \u2013 Labinci koristi industrijske standardne za\u0161titne mjere, primjerice firewall i za\u0161tita lozinkom. Ipak, korisnik se du\u017ean pobrinuti da je i ra\u010dunalo koje koristi sigurno i za\u0161ti\u0107eno od zlonamjernog software-a kao \u0161to su trojanci, ra\u010dunalni virusi i crvi. Korisnik Stranice je svjestan da bez adekvatnih mjera sigurnosti (primjerice, sigurna konfiguracija Internet preglednika, a\u017eurirani antivirusni programi, osobni firewall programi, nekori\u0161tenje programa iz sumnjivih izvora) postoji rizik da podaci i lozinke koje koristi radi spre\u010davanja pristupa osobnim podacima, mogu biti otkriveni neovla\u0161tenim tre\u0107im osobama.<\/p>\n\n\n\n<p><strong>Za\u0161tita maloljetnika<\/strong><br>Ova Stranica je namijenjena odraslima. Turisti\u010dke zajednice op\u0107ine Ka\u0161telir \u2013 Labinci ne prikuplja osobne podatke o maloljetnicima (definirani kao osobe mla\u0111e od 18 godina) bez prethodnog, provjerljivog pristanka njezina \/ njegova zakonskog zastupnika. Odnosni zakonski zastupnik ima pravo, na vlastiti zahtjev, pregledati podatke koje je dao maloljetnik i \/ ili zahtijevati brisanje takvih podataka.<\/p>\n\n\n\n<p><strong>Ograni\u010denje odgovornosti<\/strong><br>\u2028Iako poduzimamo dostupne tehni\u010dke, organizacijske i kadrovske mjere u cilju spre\u010davanja neovla\u0161tenog otkrivanja va\u0161ih osobnih podataka, ne mo\u017eemo jam\u010diti da neki od osobnih podataka koje prikupljamo ne\u0107e nikada biti slu\u010dajno otkriveni, suprotno odredbama ovih Pravila za\u0161tite privatnosti. Do najve\u0107e mjere dopu\u0161tene zakonom isklju\u010dujemo odgovornost za \u0161tetu nanesenu korisnicima ili tre\u0107im osobama slu\u010dajnim otkrivanjem osobnih podataka.<\/p>\n\n\n\n<p><strong>Statistika poslu\u017eitelja<\/strong><br>Ova web stranica koristi Google Analytics mjerenje <strong>statistike posje\u0107enosti<\/strong>.<\/p>\n\n\n\n<p><strong>Slu\u017ebenik za za\u0161titu osobnih podataka<\/strong><\/p>\n\n\n\n<p>Turisti\u010dke zajednice op\u0107ine Ka\u0161telir \u2013 Labinci<br>Turisti\u010dki informativni centar<\/p>\n\n\n\n<p>Mob: 098 952 43 13<br>Tel: 00365 52 463 140<br>Fax: 00365 52 463 140<\/p>\n\n\n\n<p>E-mail: <a href=\"mailto:info@tz-kastelirlabinci.hr\">info@tz-kastelirlabinci.hr<\/a><\/p>\n\n\n\n<p>Kori\u0161tenjem stranice  korisnik daje pristanak za postupanje s osobnim podacima na naprijed navedeni na\u010din.<\/p>\n","protected":false},"excerpt":{"rendered":"<p>Za\u0161tita osobnih podataka na web stranici kastelir-labinci.com. Podaci koje prikupljamoPristup web stranici studiowebart.eu je slobodan i ne tra\u017ei se registracija. Kontaktiranjem putem kontakt-obrazaca ili elektroni\u010dkom po\u0161tom ispunjavate svoje podatke. Ti [&hellip;]<\/p>\n","protected":false},"author":1,"featured_media":0,"parent":0,"menu_order":0,"comment_status":"closed","ping_status":"open","template":"","meta":{"_citadela_hide_page_title":"","_citadela_remove_header_space":"","_citadela_custom_class":"","_citadela_half_map_provider":"","_citadela_half_map_theme":"","_citadela_half_map_themeOSM":"","_citadela_half_map_customTheme":"","_citadela_half_map_dataType":"","_citadela_half_map_dynamicTrack":false,"_citadela_half_map_trackColor":"","_citadela_half_map_trackEndpointsColor":"","_citadela_half_map_filterCategory":"","_citadela_half_map_filterLocation":"","_citadela_half_map_filterFeatured":false,"_citadela_half_map_noDataBehavior":"empty-map","_citadela_half_map_noDataText":"","_citadela_half_map_clusterGridSize":80,"_citadela_header":false,"_citadela_header_over_content":false,"_citadela_header_text_color":"","_citadela_header_logo":[],"_citadela_header_bg_image":[],"_citadela_header_bg_position":[],"_citadela_header_bg_size":"","_citadela_header_bg_repeat":"","_citadela_header_bg_fixed":false,"_citadela_header_bg_color":"","_citadela_header_bg_image_overlay":"","_citadela_header_transparent_bg":false,"_citadela_content_width":"","_citadela_half_layout_position":"","footnotes":""},"class_list":["post-5348","page","type-page","status-publish","hentry"],"yoast_head":"<!-- This site is optimized with the Yoast SEO plugin v25.2 - https:\/\/yoast.com\/wordpress\/plugins\/seo\/ -->\n<title>Za\u0161tita osobnih podataka - Together in<\/title>\n<meta name=\"description\" content=\"Together in Ka\u0161telir Labinci\" \/>\n<meta name=\"robots\" content=\"index, follow, max-snippet:-1, max-image-preview:large, max-video-preview:-1\" \/>\n<link rel=\"canonical\" href=\"https:\/\/kastelir-labinci.com\/de\/zastita-osobnih-podataka\/\" \/>\n<meta property=\"og:locale\" content=\"de_DE\" \/>\n<meta property=\"og:type\" content=\"article\" \/>\n<meta property=\"og:title\" content=\"Za\u0161tita osobnih podataka - Together in\" \/>\n<meta property=\"og:description\" content=\"Together in Ka\u0161telir Labinci\" \/>\n<meta property=\"og:url\" content=\"https:\/\/kastelir-labinci.com\/de\/zastita-osobnih-podataka\/\" \/>\n<meta property=\"og:site_name\" content=\"Together in\" \/>\n<meta name=\"twitter:card\" content=\"summary_large_image\" \/>\n<meta name=\"twitter:label1\" content=\"Gesch\u00e4tzte Lesezeit\" \/>\n\t<meta name=\"twitter:data1\" content=\"5\u00a0Minuten\" \/>\n<script type=\"application\/ld+json\" class=\"yoast-schema-graph\">{\"@context\":\"https:\/\/schema.org\",\"@graph\":[{\"@type\":\"WebPage\",\"@id\":\"https:\/\/kastelir-labinci.com\/de\/zastita-osobnih-podataka\/\",\"url\":\"https:\/\/kastelir-labinci.com\/de\/zastita-osobnih-podataka\/\",\"name\":\"Za\u0161tita osobnih podataka - Together in\",\"isPartOf\":{\"@id\":\"https:\/\/kastelir-labinci.com\/de\/#website\"},\"datePublished\":\"2020-08-16T16:06:19+00:00\",\"description\":\"Together in Ka\u0161telir Labinci\",\"breadcrumb\":{\"@id\":\"https:\/\/kastelir-labinci.com\/de\/zastita-osobnih-podataka\/#breadcrumb\"},\"inLanguage\":\"de\",\"potentialAction\":[{\"@type\":\"ReadAction\",\"target\":[\"https:\/\/kastelir-labinci.com\/de\/zastita-osobnih-podataka\/\"]}]},{\"@type\":\"BreadcrumbList\",\"@id\":\"https:\/\/kastelir-labinci.com\/de\/zastita-osobnih-podataka\/#breadcrumb\",\"itemListElement\":[{\"@type\":\"ListItem\",\"position\":1,\"name\":\"Home\",\"item\":\"https:\/\/kastelir-labinci.com\/de\/\"},{\"@type\":\"ListItem\",\"position\":2,\"name\":\"Za\u0161tita osobnih podataka\"}]},{\"@type\":\"WebSite\",\"@id\":\"https:\/\/kastelir-labinci.com\/de\/#website\",\"url\":\"https:\/\/kastelir-labinci.com\/de\/\",\"name\":\"Together in\",\"description\":\"- Ka\u0161telir-Labinci\",\"publisher\":{\"@id\":\"https:\/\/kastelir-labinci.com\/de\/#organization\"},\"potentialAction\":[{\"@type\":\"SearchAction\",\"target\":{\"@type\":\"EntryPoint\",\"urlTemplate\":\"https:\/\/kastelir-labinci.com\/de\/?s={search_term_string}\"},\"query-input\":{\"@type\":\"PropertyValueSpecification\",\"valueRequired\":true,\"valueName\":\"search_term_string\"}}],\"inLanguage\":\"de\"},{\"@type\":\"Organization\",\"@id\":\"https:\/\/kastelir-labinci.com\/de\/#organization\",\"name\":\"TOGETHER IN Ka\u0161telir - Labinci, turisti\u010dka zajednica\",\"url\":\"https:\/\/kastelir-labinci.com\/de\/\",\"logo\":{\"@type\":\"ImageObject\",\"inLanguage\":\"de\",\"@id\":\"https:\/\/kastelir-labinci.com\/de\/#\/schema\/logo\/image\/\",\"url\":\"https:\/\/kastelir-labinci.com\/wp-content\/uploads\/2020\/08\/logotip-3.png\",\"contentUrl\":\"https:\/\/kastelir-labinci.com\/wp-content\/uploads\/2020\/08\/logotip-3.png\",\"width\":512,\"height\":326,\"caption\":\"TOGETHER IN Ka\u0161telir - Labinci, turisti\u010dka zajednica\"},\"image\":{\"@id\":\"https:\/\/kastelir-labinci.com\/de\/#\/schema\/logo\/image\/\"}}]}<\/script>\n<!-- \/ Yoast SEO plugin. -->","yoast_head_json":{"title":"Za\u0161tita osobnih podataka - Together in","description":"Together in Ka\u0161telir Labinci","robots":{"index":"index","follow":"follow","max-snippet":"max-snippet:-1","max-image-preview":"max-image-preview:large","max-video-preview":"max-video-preview:-1"},"canonical":"https:\/\/kastelir-labinci.com\/de\/zastita-osobnih-podataka\/","og_locale":"de_DE","og_type":"article","og_title":"Za\u0161tita osobnih podataka - Together in","og_description":"Together in Ka\u0161telir Labinci","og_url":"https:\/\/kastelir-labinci.com\/de\/zastita-osobnih-podataka\/","og_site_name":"Together in","twitter_card":"summary_large_image","twitter_misc":{"Gesch\u00e4tzte Lesezeit":"5\u00a0Minuten"},"schema":{"@context":"https:\/\/schema.org","@graph":[{"@type":"WebPage","@id":"https:\/\/kastelir-labinci.com\/de\/zastita-osobnih-podataka\/","url":"https:\/\/kastelir-labinci.com\/de\/zastita-osobnih-podataka\/","name":"Za\u0161tita osobnih podataka - Together in","isPartOf":{"@id":"https:\/\/kastelir-labinci.com\/de\/#website"},"datePublished":"2020-08-16T16:06:19+00:00","description":"Together in Ka\u0161telir Labinci","breadcrumb":{"@id":"https:\/\/kastelir-labinci.com\/de\/zastita-osobnih-podataka\/#breadcrumb"},"inLanguage":"de","potentialAction":[{"@type":"ReadAction","target":["https:\/\/kastelir-labinci.com\/de\/zastita-osobnih-podataka\/"]}]},{"@type":"BreadcrumbList","@id":"https:\/\/kastelir-labinci.com\/de\/zastita-osobnih-podataka\/#breadcrumb","itemListElement":[{"@type":"ListItem","position":1,"name":"Home","item":"https:\/\/kastelir-labinci.com\/de\/"},{"@type":"ListItem","position":2,"name":"Za\u0161tita osobnih podataka"}]},{"@type":"WebSite","@id":"https:\/\/kastelir-labinci.com\/de\/#website","url":"https:\/\/kastelir-labinci.com\/de\/","name":"Together in","description":"- Ka\u0161telir-Labinci","publisher":{"@id":"https:\/\/kastelir-labinci.com\/de\/#organization"},"potentialAction":[{"@type":"SearchAction","target":{"@type":"EntryPoint","urlTemplate":"https:\/\/kastelir-labinci.com\/de\/?s={search_term_string}"},"query-input":{"@type":"PropertyValueSpecification","valueRequired":true,"valueName":"search_term_string"}}],"inLanguage":"de"},{"@type":"Organization","@id":"https:\/\/kastelir-labinci.com\/de\/#organization","name":"TOGETHER IN Ka\u0161telir - Labinci, turisti\u010dka zajednica","url":"https:\/\/kastelir-labinci.com\/de\/","logo":{"@type":"ImageObject","inLanguage":"de","@id":"https:\/\/kastelir-labinci.com\/de\/#\/schema\/logo\/image\/","url":"https:\/\/kastelir-labinci.com\/wp-content\/uploads\/2020\/08\/logotip-3.png","contentUrl":"https:\/\/kastelir-labinci.com\/wp-content\/uploads\/2020\/08\/logotip-3.png","width":512,"height":326,"caption":"TOGETHER IN Ka\u0161telir - Labinci, turisti\u010dka zajednica"},"image":{"@id":"https:\/\/kastelir-labinci.com\/de\/#\/schema\/logo\/image\/"}}]}},"_links":{"self":[{"href":"https:\/\/kastelir-labinci.com\/de\/wp-json\/wp\/v2\/pages\/5348"}],"collection":[{"href":"https:\/\/kastelir-labinci.com\/de\/wp-json\/wp\/v2\/pages"}],"about":[{"href":"https:\/\/kastelir-labinci.com\/de\/wp-json\/wp\/v2\/types\/page"}],"author":[{"embeddable":true,"href":"https:\/\/kastelir-labinci.com\/de\/wp-json\/wp\/v2\/users\/1"}],"replies":[{"embeddable":true,"href":"https:\/\/kastelir-labinci.com\/de\/wp-json\/wp\/v2\/comments?post=5348"}],"version-history":[{"count":0,"href":"https:\/\/kastelir-labinci.com\/de\/wp-json\/wp\/v2\/pages\/5348\/revisions"}],"wp:attachment":[{"href":"https:\/\/kastelir-labinci.com\/de\/wp-json\/wp\/v2\/media?parent=5348"}],"curies":[{"name":"wp","href":"https:\/\/api.w.org\/{rel}","templated":true}]}}