{"id":1857,"date":"2020-08-18T10:03:58","date_gmt":"2020-08-18T08:03:58","guid":{"rendered":"http:\/\/kastelir-labinci.com\/?page_id=1857"},"modified":"2025-01-14T11:47:29","modified_gmt":"2025-01-14T10:47:29","slug":"kontakt","status":"publish","type":"page","link":"https:\/\/kastelir-labinci.com\/en\/kontakt\/","title":{"rendered":"Contact"},"content":{"rendered":"\n<div class=\"wp-block-citadela-blocks-custom-container citadela-block-custom-container size-wide bg-type-none inside-space-large\"><div class=\"inner-holder\">\n<div class=\"wp-block-citadela-blocks-spacer citadela-block-spacer\"><div class=\"inner-holder\" style=\"padding-top:180px\"><\/div><\/div>\n\n\n\n<div class=\"wp-block-citadela-blocks-spacer citadela-block-spacer\"><div class=\"inner-holder\" style=\"padding-top:2.2vw\"><\/div><\/div>\n\n\n\n<div class=\"wp-block-columns is-layout-flex wp-container-core-columns-is-layout-1 wp-block-columns-is-layout-flex\">\n<div class=\"wp-block-column is-layout-flow wp-block-column-is-layout-flow\" style=\"flex-basis:50%\">         <div \r\n            class=\"citadela-block-responsive-text align-left\"\r\n                                 >\r\n            <h1 class=\"inner-tag\" style=\"font-size: 52px;\">Contact info<\/h1>         <\/div>\r\n      \n\n         <div \r\n            class=\"citadela-block-responsive-text align-left\"\r\n                                 >\r\n            <h4 class=\"inner-tag\" style=\"font-size: 24px;\">Adress<\/h4>         <\/div>\r\n      \n\n\n<p><\/p>\n\n\n\n<p>Turisti\u010dka zajednica op\u0107ine Ka\u0161telir \u2013 Labinci\/ Castelliere &#8211; S. Domenica<br>Ka\u0161telir 30B<br>HR52464 KA\u0160TELIR<\/p>\n\n\n\n<p><\/p>\n\n\n\n<p><strong>Tel\/Fax:<\/strong><br>Mob: +385 98 952 43 13<br>Tel: 00385 52 463 140<br><br><br>OIB: 09864935198<\/p>\n\n\n\n<p>E-mail: <a href=\"mailto:info@kastelir-labinci.com\">info@kastelir-labinci.com<\/a><\/p>\n\n\n\n<h4 class=\"wp-block-heading\"><\/h4>\n\n\n\n<p><\/p>\n\n\n\n<div class=\"wp-block-citadela-blocks-custom-container citadela-block-custom-container size-content bg-type-none inside-space-zero has-shadow\" style=\"box-shadow: 0px 7px 0px 0px rgba(0, 0, 0, 0.1)\"><div class=\"inner-holder\">\n<div class=\"wp-block-citadela-blocks-spacer citadela-block-spacer\"><div class=\"inner-holder\" style=\"padding-top:35px\"><\/div><\/div>\n<\/div><\/div>\n\n\n\n<div class=\"wp-block-citadela-blocks-spacer citadela-block-spacer\"><div class=\"inner-holder\" style=\"padding-top:60px\"><\/div><\/div>\n\n\n\n<figure class=\"wp-block-gallery has-nested-images columns-default is-cropped wp-block-gallery-1 is-layout-flex wp-block-gallery-is-layout-flex\">\n<figure class=\"wp-block-image size-citadela_service is-style-default\"><a href=\"https:\/\/kastelir-labinci.com\/wp-content\/uploads\/2020\/08\/KASTELIR-5MJ-SPOMENIK-KRIZINA-2.jpg\"><img loading=\"lazy\" decoding=\"async\" width=\"480\" height=\"360\" src=\"http:\/\/kastelir-labinci.com\/wp-content\/uploads\/2020\/08\/KASTELIR-5MJ-SPOMENIK-KRIZINA-2-480x360.jpg\" alt=\"\" class=\"wp-image-911\" srcset=\"https:\/\/kastelir-labinci.com\/wp-content\/uploads\/2020\/08\/KASTELIR-5MJ-SPOMENIK-KRIZINA-2-480x360.jpg 480w, https:\/\/kastelir-labinci.com\/wp-content\/uploads\/2020\/08\/KASTELIR-5MJ-SPOMENIK-KRIZINA-2-640x480.jpg 640w\" sizes=\"(max-width: 480px) 100vw, 480px\" \/><\/a><\/figure>\n\n\n\n<figure class=\"wp-block-image size-citadela_service is-style-default\"><a href=\"https:\/\/kastelir-labinci.com\/wp-content\/uploads\/2020\/08\/KASTELIR-5MJ-6-LOKVA.jpg\"><img loading=\"lazy\" decoding=\"async\" width=\"480\" height=\"360\" src=\"http:\/\/kastelir-labinci.com\/wp-content\/uploads\/2020\/08\/KASTELIR-5MJ-6-LOKVA-480x360.jpg\" alt=\"\" class=\"wp-image-927\" srcset=\"https:\/\/kastelir-labinci.com\/wp-content\/uploads\/2020\/08\/KASTELIR-5MJ-6-LOKVA-480x360.jpg 480w, https:\/\/kastelir-labinci.com\/wp-content\/uploads\/2020\/08\/KASTELIR-5MJ-6-LOKVA-640x480.jpg 640w\" sizes=\"(max-width: 480px) 100vw, 480px\" \/><\/a><\/figure>\n<\/figure>\n\n\n\n<div class=\"wp-block-citadela-blocks-spacer citadela-block-spacer negative-height responsive-options loading hide-in-responsive\" data-block-attr=\"{&quot;desktop&quot;:{&quot;height&quot;:&quot;-16px&quot;,&quot;negative&quot;:true},&quot;mobile&quot;:{&quot;height&quot;:&quot;0px&quot;}}\" data-block-mobile-breakpoint=\"600\"><div class=\"inner-holder\" style=\"margin-top:-16px\"><\/div><\/div>\n<\/div>\n\n\n\n<div class=\"wp-block-column is-layout-flow wp-block-column-is-layout-flow\">\n<div class=\"wp-block-cover is-light\" style=\"min-height:320px;aspect-ratio:unset;\"><span aria-hidden=\"true\" class=\"wp-block-cover__background has-background-dim-0 has-background-dim\"><\/span><img loading=\"lazy\" decoding=\"async\" width=\"1920\" height=\"1280\" class=\"wp-block-cover__image-background wp-image-899\" alt=\"\" src=\"http:\/\/kastelir-labinci.com\/wp-content\/uploads\/2020\/08\/KASTELIR-5MJ-TZ-25.jpg\" style=\"object-position:4% 100%\" data-object-fit=\"cover\" data-object-position=\"4% 100%\" srcset=\"https:\/\/kastelir-labinci.com\/wp-content\/uploads\/2020\/08\/KASTELIR-5MJ-TZ-25.jpg 1920w, https:\/\/kastelir-labinci.com\/wp-content\/uploads\/2020\/08\/KASTELIR-5MJ-TZ-25-300x200.jpg 300w, https:\/\/kastelir-labinci.com\/wp-content\/uploads\/2020\/08\/KASTELIR-5MJ-TZ-25-1024x683.jpg 1024w, https:\/\/kastelir-labinci.com\/wp-content\/uploads\/2020\/08\/KASTELIR-5MJ-TZ-25-768x512.jpg 768w, https:\/\/kastelir-labinci.com\/wp-content\/uploads\/2020\/08\/KASTELIR-5MJ-TZ-25-1536x1024.jpg 1536w\" sizes=\"(max-width: 1920px) 100vw, 1920px\" \/><div class=\"wp-block-cover__inner-container is-layout-flow wp-block-cover-is-layout-flow\">\n<p class=\"has-text-align-center has-large-font-size\"><\/p>\n<\/div><\/div>\n<\/div>\n<\/div>\n<\/div><\/div>\n\n\n\r\n        <div class='wp-block-citadela-blocks ctdl-directory-google-map loading-content custom-height'>\r\n            <div class='citadela-google-map provider-wrapper'>\r\n                <div data-endpoint=\"https:\/\/kastelir-labinci.com\/wp-json\/citadela-directory\/map-data\/points\/citadela-item?dataType=markers&amp;category=63&amp;location=&amp;only_featured=0\"data-theme=\"citadela\"data-custom-theme=\"[]\"data-map-height=\"500px\"data-cluster=\"80\" class='component-container'><\/div>\r\n                \r\n            <\/div>\r\n            <div class='citadela-loader'>\r\n                <div class='inner-wrapper'>\r\n                    <i class='fas fa-circle-notch fa-spin'><\/i>\r\n                <\/div>\r\n            <\/div>\r\n        <\/div>\r\n        \n\n\n<div class=\"wp-block-citadela-blocks-spacer citadela-block-spacer responsive-options loading hide-in-responsive\" data-block-attr=\"{&quot;desktop&quot;:{&quot;height&quot;:&quot;20px&quot;},&quot;mobile&quot;:{&quot;height&quot;:&quot;0px&quot;}}\" data-block-mobile-breakpoint=\"600\"><div class=\"inner-holder\" style=\"padding-top:20px\"><\/div><\/div>\n\n\n\n<div class=\"wp-block-citadela-blocks-spacer citadela-block-spacer\"><div class=\"inner-holder\" style=\"padding-top:2.5vw\"><\/div><\/div>\n\n\n\n<h2 class=\"wp-block-heading\">Potra\u017eite na karti<\/h2>\n\n\n\n<div class=\"wp-block-citadela-blocks-custom-container citadela-block-custom-container size-fullwidth bg-type-none inside-space-zero\"><div class=\"inner-holder\">\r\n        <div class='wp-block-citadela-blocks ctdl-directory-google-map loading-content custom-height'>\r\n            <div class='citadela-google-map provider-wrapper'>\r\n                <div data-endpoint=\"https:\/\/kastelir-labinci.com\/wp-json\/citadela-directory\/map-data\/points\/citadela-item?dataType=all&amp;category=&amp;location=32&amp;only_featured=0\"data-theme=\"citadela\"data-custom-theme=\"[]\"data-map-height=\"500px\"data-cluster=\"80\" class='component-container'><\/div>\r\n                \r\n            <\/div>\r\n            <div class='citadela-loader'>\r\n                <div class='inner-wrapper'>\r\n                    <i class='fas fa-circle-notch fa-spin'><\/i>\r\n                <\/div>\r\n            <\/div>\r\n        <\/div>\r\n        <\/div><\/div>\n\n\n\n<div class=\"wp-block-citadela-blocks-custom-container citadela-block-custom-container size-wide bg-type-none inside-space-large\"><div class=\"inner-holder\">\n<div class=\"wp-block-citadela-blocks-spacer citadela-block-spacer\"><div class=\"inner-holder\" style=\"padding-top:20px\"><\/div><\/div>\n<\/div><\/div>\n\n\n\n<p><\/p>\n","protected":false},"excerpt":{"rendered":"<p>Potra\u017eite na karti<\/p>\n","protected":false},"author":1,"featured_media":0,"parent":0,"menu_order":0,"comment_status":"closed","ping_status":"closed","template":"","meta":{"_citadela_hide_page_title":"1","_citadela_remove_header_space":"1","_citadela_custom_class":"","_citadela_half_map_provider":"","_citadela_half_map_theme":"","_citadela_half_map_themeOSM":"","_citadela_half_map_customTheme":"","_citadela_half_map_dataType":"","_citadela_half_map_dynamicTrack":false,"_citadela_half_map_trackColor":"","_citadela_half_map_trackEndpointsColor":"","_citadela_half_map_filterCategory":"","_citadela_half_map_filterLocation":"","_citadela_half_map_filterFeatured":false,"_citadela_half_map_noDataBehavior":"empty-map","_citadela_half_map_noDataText":"","_citadela_half_map_clusterGridSize":80,"_citadela_header":true,"_citadela_header_over_content":true,"_citadela_header_text_color":"","_citadela_header_logo":[],"_citadela_header_bg_image":[],"_citadela_header_bg_position":{"x":0.5,"y":0.5},"_citadela_header_bg_size":"cover","_citadela_header_bg_repeat":"no-repeat","_citadela_header_bg_fixed":false,"_citadela_header_bg_color":"","_citadela_header_bg_image_overlay":"","_citadela_header_transparent_bg":true,"_citadela_content_width":"wide","_citadela_half_layout_position":"","footnotes":""},"class_list":["post-1857","page","type-page","status-publish","hentry"],"yoast_head":"<!-- This site is optimized with the Yoast SEO plugin v25.2 - https:\/\/yoast.com\/wordpress\/plugins\/seo\/ -->\n<title>Contact - Together in<\/title>\n<meta name=\"description\" content=\"Together in Ka\u0161telir Labinci\" \/>\n<meta name=\"robots\" content=\"index, follow, max-snippet:-1, max-image-preview:large, max-video-preview:-1\" \/>\n<link rel=\"canonical\" href=\"https:\/\/kastelir-labinci.com\/en\/kontakt\/\" \/>\n<meta property=\"og:locale\" content=\"en_US\" \/>\n<meta property=\"og:type\" content=\"article\" \/>\n<meta property=\"og:title\" content=\"Contact - Together in\" \/>\n<meta property=\"og:description\" content=\"Together in Ka\u0161telir Labinci\" \/>\n<meta property=\"og:url\" content=\"https:\/\/kastelir-labinci.com\/en\/kontakt\/\" \/>\n<meta property=\"og:site_name\" content=\"Together in\" \/>\n<meta property=\"article:modified_time\" content=\"2025-01-14T10:47:29+00:00\" \/>\n<meta property=\"og:image\" content=\"https:\/\/kastelir-labinci.com\/wp-content\/uploads\/2020\/08\/KASTELIR-5MJ-SPOMENIK-KRIZINA-2.jpg\" \/>\n\t<meta property=\"og:image:width\" content=\"1920\" \/>\n\t<meta property=\"og:image:height\" content=\"1335\" \/>\n\t<meta property=\"og:image:type\" content=\"image\/jpeg\" \/>\n<meta name=\"twitter:card\" content=\"summary_large_image\" \/>\n<meta name=\"twitter:label1\" content=\"Est. reading time\" \/>\n\t<meta name=\"twitter:data1\" content=\"1 minute\" \/>\n<script type=\"application\/ld+json\" class=\"yoast-schema-graph\">{\"@context\":\"https:\/\/schema.org\",\"@graph\":[{\"@type\":\"WebPage\",\"@id\":\"https:\/\/kastelir-labinci.com\/en\/kontakt\/\",\"url\":\"https:\/\/kastelir-labinci.com\/en\/kontakt\/\",\"name\":\"Contact - Together in\",\"isPartOf\":{\"@id\":\"https:\/\/kastelir-labinci.com\/en\/#website\"},\"primaryImageOfPage\":{\"@id\":\"https:\/\/kastelir-labinci.com\/en\/kontakt\/#primaryimage\"},\"image\":{\"@id\":\"https:\/\/kastelir-labinci.com\/en\/kontakt\/#primaryimage\"},\"thumbnailUrl\":\"http:\/\/kastelir-labinci.com\/wp-content\/uploads\/2020\/08\/KASTELIR-5MJ-SPOMENIK-KRIZINA-2-480x360.jpg\",\"datePublished\":\"2020-08-18T08:03:58+00:00\",\"dateModified\":\"2025-01-14T10:47:29+00:00\",\"description\":\"Together in Ka\u0161telir Labinci\",\"breadcrumb\":{\"@id\":\"https:\/\/kastelir-labinci.com\/en\/kontakt\/#breadcrumb\"},\"inLanguage\":\"en-US\",\"potentialAction\":[{\"@type\":\"ReadAction\",\"target\":[\"https:\/\/kastelir-labinci.com\/en\/kontakt\/\"]}]},{\"@type\":\"ImageObject\",\"inLanguage\":\"en-US\",\"@id\":\"https:\/\/kastelir-labinci.com\/en\/kontakt\/#primaryimage\",\"url\":\"http:\/\/kastelir-labinci.com\/wp-content\/uploads\/2020\/08\/KASTELIR-5MJ-SPOMENIK-KRIZINA-2-480x360.jpg\",\"contentUrl\":\"http:\/\/kastelir-labinci.com\/wp-content\/uploads\/2020\/08\/KASTELIR-5MJ-SPOMENIK-KRIZINA-2-480x360.jpg\"},{\"@type\":\"BreadcrumbList\",\"@id\":\"https:\/\/kastelir-labinci.com\/en\/kontakt\/#breadcrumb\",\"itemListElement\":[{\"@type\":\"ListItem\",\"position\":1,\"name\":\"Home\",\"item\":\"https:\/\/kastelir-labinci.com\/en\/\"},{\"@type\":\"ListItem\",\"position\":2,\"name\":\"Contact\"}]},{\"@type\":\"WebSite\",\"@id\":\"https:\/\/kastelir-labinci.com\/en\/#website\",\"url\":\"https:\/\/kastelir-labinci.com\/en\/\",\"name\":\"Together in\",\"description\":\"- Ka\u0161telir-Labinci\",\"publisher\":{\"@id\":\"https:\/\/kastelir-labinci.com\/en\/#organization\"},\"potentialAction\":[{\"@type\":\"SearchAction\",\"target\":{\"@type\":\"EntryPoint\",\"urlTemplate\":\"https:\/\/kastelir-labinci.com\/en\/?s={search_term_string}\"},\"query-input\":{\"@type\":\"PropertyValueSpecification\",\"valueRequired\":true,\"valueName\":\"search_term_string\"}}],\"inLanguage\":\"en-US\"},{\"@type\":\"Organization\",\"@id\":\"https:\/\/kastelir-labinci.com\/en\/#organization\",\"name\":\"TOGETHER IN Ka\u0161telir - Labinci, turisti\u010dka zajednica\",\"url\":\"https:\/\/kastelir-labinci.com\/en\/\",\"logo\":{\"@type\":\"ImageObject\",\"inLanguage\":\"en-US\",\"@id\":\"https:\/\/kastelir-labinci.com\/en\/#\/schema\/logo\/image\/\",\"url\":\"https:\/\/kastelir-labinci.com\/wp-content\/uploads\/2020\/08\/logotip-3.png\",\"contentUrl\":\"https:\/\/kastelir-labinci.com\/wp-content\/uploads\/2020\/08\/logotip-3.png\",\"width\":512,\"height\":326,\"caption\":\"TOGETHER IN Ka\u0161telir - Labinci, turisti\u010dka zajednica\"},\"image\":{\"@id\":\"https:\/\/kastelir-labinci.com\/en\/#\/schema\/logo\/image\/\"}}]}<\/script>\n<!-- \/ Yoast SEO plugin. -->","yoast_head_json":{"title":"Contact - Together in","description":"Together in Ka\u0161telir Labinci","robots":{"index":"index","follow":"follow","max-snippet":"max-snippet:-1","max-image-preview":"max-image-preview:large","max-video-preview":"max-video-preview:-1"},"canonical":"https:\/\/kastelir-labinci.com\/en\/kontakt\/","og_locale":"en_US","og_type":"article","og_title":"Contact - Together in","og_description":"Together in Ka\u0161telir Labinci","og_url":"https:\/\/kastelir-labinci.com\/en\/kontakt\/","og_site_name":"Together in","article_modified_time":"2025-01-14T10:47:29+00:00","og_image":[{"width":1920,"height":1335,"url":"https:\/\/kastelir-labinci.com\/wp-content\/uploads\/2020\/08\/KASTELIR-5MJ-SPOMENIK-KRIZINA-2.jpg","type":"image\/jpeg"}],"twitter_card":"summary_large_image","twitter_misc":{"Est. reading time":"1 minute"},"schema":{"@context":"https:\/\/schema.org","@graph":[{"@type":"WebPage","@id":"https:\/\/kastelir-labinci.com\/en\/kontakt\/","url":"https:\/\/kastelir-labinci.com\/en\/kontakt\/","name":"Contact - Together in","isPartOf":{"@id":"https:\/\/kastelir-labinci.com\/en\/#website"},"primaryImageOfPage":{"@id":"https:\/\/kastelir-labinci.com\/en\/kontakt\/#primaryimage"},"image":{"@id":"https:\/\/kastelir-labinci.com\/en\/kontakt\/#primaryimage"},"thumbnailUrl":"http:\/\/kastelir-labinci.com\/wp-content\/uploads\/2020\/08\/KASTELIR-5MJ-SPOMENIK-KRIZINA-2-480x360.jpg","datePublished":"2020-08-18T08:03:58+00:00","dateModified":"2025-01-14T10:47:29+00:00","description":"Together in Ka\u0161telir Labinci","breadcrumb":{"@id":"https:\/\/kastelir-labinci.com\/en\/kontakt\/#breadcrumb"},"inLanguage":"en-US","potentialAction":[{"@type":"ReadAction","target":["https:\/\/kastelir-labinci.com\/en\/kontakt\/"]}]},{"@type":"ImageObject","inLanguage":"en-US","@id":"https:\/\/kastelir-labinci.com\/en\/kontakt\/#primaryimage","url":"http:\/\/kastelir-labinci.com\/wp-content\/uploads\/2020\/08\/KASTELIR-5MJ-SPOMENIK-KRIZINA-2-480x360.jpg","contentUrl":"http:\/\/kastelir-labinci.com\/wp-content\/uploads\/2020\/08\/KASTELIR-5MJ-SPOMENIK-KRIZINA-2-480x360.jpg"},{"@type":"BreadcrumbList","@id":"https:\/\/kastelir-labinci.com\/en\/kontakt\/#breadcrumb","itemListElement":[{"@type":"ListItem","position":1,"name":"Home","item":"https:\/\/kastelir-labinci.com\/en\/"},{"@type":"ListItem","position":2,"name":"Contact"}]},{"@type":"WebSite","@id":"https:\/\/kastelir-labinci.com\/en\/#website","url":"https:\/\/kastelir-labinci.com\/en\/","name":"Together in","description":"- Ka\u0161telir-Labinci","publisher":{"@id":"https:\/\/kastelir-labinci.com\/en\/#organization"},"potentialAction":[{"@type":"SearchAction","target":{"@type":"EntryPoint","urlTemplate":"https:\/\/kastelir-labinci.com\/en\/?s={search_term_string}"},"query-input":{"@type":"PropertyValueSpecification","valueRequired":true,"valueName":"search_term_string"}}],"inLanguage":"en-US"},{"@type":"Organization","@id":"https:\/\/kastelir-labinci.com\/en\/#organization","name":"TOGETHER IN Ka\u0161telir - Labinci, turisti\u010dka zajednica","url":"https:\/\/kastelir-labinci.com\/en\/","logo":{"@type":"ImageObject","inLanguage":"en-US","@id":"https:\/\/kastelir-labinci.com\/en\/#\/schema\/logo\/image\/","url":"https:\/\/kastelir-labinci.com\/wp-content\/uploads\/2020\/08\/logotip-3.png","contentUrl":"https:\/\/kastelir-labinci.com\/wp-content\/uploads\/2020\/08\/logotip-3.png","width":512,"height":326,"caption":"TOGETHER IN Ka\u0161telir - Labinci, turisti\u010dka zajednica"},"image":{"@id":"https:\/\/kastelir-labinci.com\/en\/#\/schema\/logo\/image\/"}}]}},"_links":{"self":[{"href":"https:\/\/kastelir-labinci.com\/en\/wp-json\/wp\/v2\/pages\/1857"}],"collection":[{"href":"https:\/\/kastelir-labinci.com\/en\/wp-json\/wp\/v2\/pages"}],"about":[{"href":"https:\/\/kastelir-labinci.com\/en\/wp-json\/wp\/v2\/types\/page"}],"author":[{"embeddable":true,"href":"https:\/\/kastelir-labinci.com\/en\/wp-json\/wp\/v2\/users\/1"}],"replies":[{"embeddable":true,"href":"https:\/\/kastelir-labinci.com\/en\/wp-json\/wp\/v2\/comments?post=1857"}],"version-history":[{"count":14,"href":"https:\/\/kastelir-labinci.com\/en\/wp-json\/wp\/v2\/pages\/1857\/revisions"}],"predecessor-version":[{"id":14450,"href":"https:\/\/kastelir-labinci.com\/en\/wp-json\/wp\/v2\/pages\/1857\/revisions\/14450"}],"wp:attachment":[{"href":"https:\/\/kastelir-labinci.com\/en\/wp-json\/wp\/v2\/media?parent=1857"}],"curies":[{"name":"wp","href":"https:\/\/api.w.org\/{rel}","templated":true}]}}