{"id":4930,"date":"2021-04-21T21:12:03","date_gmt":"2021-04-21T21:12:03","guid":{"rendered":"https:\/\/kastelir-labinci.com\/o-nama\/"},"modified":"2025-11-12T12:49:40","modified_gmt":"2025-11-12T11:49:40","slug":"about-us","status":"publish","type":"page","link":"https:\/\/kastelir-labinci.com\/en\/about-us\/","title":{"rendered":"About us"},"content":{"rendered":"\n<p><br>The Municipality of Ka\u0161telir-Labinci &#8211; Castelliere-Santa Domenica is located in the northwestern part of Istria, just 10 kilometers from Pore\u010d. It covers an area of 32 km\u00b2 and consists of 15 hamlets: <strong>Babi\u0107i, Brnobi\u0107i, Cerjani, Dekli\u0107i, Dvori, Ka\u0161telir, Kova\u010di, Kran\u010di\u0107i, Labinci, Meki\u0161i near Ka\u0161telir, Rogovi\u0107i, Rojci, Ro\u0161ki\u0107i, Tadini, and Valenti\u0107i.<\/strong><\/p>\n\n\n\n<figure class=\"wp-block-gallery has-nested-images columns-default is-cropped columns-3 wp-block-gallery-1 is-layout-flex wp-block-gallery-is-layout-flex\">\n<figure class=\"wp-block-image size-large\"><a href=\"https:\/\/kastelir-labinci.com\/wp-content\/uploads\/2025\/11\/FOTKE-WEB_DJI_20250603140840_0193_D-scaled.jpg\"><img loading=\"lazy\" decoding=\"async\" width=\"1024\" height=\"768\" data-id=\"16190\" src=\"https:\/\/kastelir-labinci.com\/wp-content\/uploads\/2025\/11\/FOTKE-WEB_DJI_20250603140840_0193_D-1024x768.jpg\" alt=\"\" class=\"wp-image-16190\" srcset=\"https:\/\/kastelir-labinci.com\/wp-content\/uploads\/2025\/11\/FOTKE-WEB_DJI_20250603140840_0193_D-1024x768.jpg 1024w, https:\/\/kastelir-labinci.com\/wp-content\/uploads\/2025\/11\/FOTKE-WEB_DJI_20250603140840_0193_D-300x225.jpg 300w, https:\/\/kastelir-labinci.com\/wp-content\/uploads\/2025\/11\/FOTKE-WEB_DJI_20250603140840_0193_D-768x576.jpg 768w, https:\/\/kastelir-labinci.com\/wp-content\/uploads\/2025\/11\/FOTKE-WEB_DJI_20250603140840_0193_D-1536x1152.jpg 1536w, https:\/\/kastelir-labinci.com\/wp-content\/uploads\/2025\/11\/FOTKE-WEB_DJI_20250603140840_0193_D-2048x1536.jpg 2048w, https:\/\/kastelir-labinci.com\/wp-content\/uploads\/2025\/11\/FOTKE-WEB_DJI_20250603140840_0193_D-640x480.jpg 640w, https:\/\/kastelir-labinci.com\/wp-content\/uploads\/2025\/11\/FOTKE-WEB_DJI_20250603140840_0193_D-480x360.jpg 480w\" sizes=\"(max-width: 1024px) 100vw, 1024px\" \/><\/a><\/figure>\n\n\n\n<figure class=\"wp-block-image size-large\"><a href=\"https:\/\/kastelir-labinci.com\/wp-content\/uploads\/2025\/11\/FOTKE-WEB_DJI_20250603101347_0058_D-scaled.jpg\"><img loading=\"lazy\" decoding=\"async\" width=\"1024\" height=\"768\" data-id=\"16201\" src=\"https:\/\/kastelir-labinci.com\/wp-content\/uploads\/2025\/11\/FOTKE-WEB_DJI_20250603101347_0058_D-1024x768.jpg\" alt=\"\" class=\"wp-image-16201\" srcset=\"https:\/\/kastelir-labinci.com\/wp-content\/uploads\/2025\/11\/FOTKE-WEB_DJI_20250603101347_0058_D-1024x768.jpg 1024w, https:\/\/kastelir-labinci.com\/wp-content\/uploads\/2025\/11\/FOTKE-WEB_DJI_20250603101347_0058_D-300x225.jpg 300w, https:\/\/kastelir-labinci.com\/wp-content\/uploads\/2025\/11\/FOTKE-WEB_DJI_20250603101347_0058_D-768x576.jpg 768w, https:\/\/kastelir-labinci.com\/wp-content\/uploads\/2025\/11\/FOTKE-WEB_DJI_20250603101347_0058_D-1536x1152.jpg 1536w, https:\/\/kastelir-labinci.com\/wp-content\/uploads\/2025\/11\/FOTKE-WEB_DJI_20250603101347_0058_D-2048x1536.jpg 2048w, https:\/\/kastelir-labinci.com\/wp-content\/uploads\/2025\/11\/FOTKE-WEB_DJI_20250603101347_0058_D-640x480.jpg 640w, https:\/\/kastelir-labinci.com\/wp-content\/uploads\/2025\/11\/FOTKE-WEB_DJI_20250603101347_0058_D-480x360.jpg 480w\" sizes=\"(max-width: 1024px) 100vw, 1024px\" \/><\/a><\/figure>\n\n\n\n<figure class=\"wp-block-image size-large\"><a href=\"https:\/\/kastelir-labinci.com\/wp-content\/uploads\/2025\/11\/FOTKE-WEB_DJI_20250622203043_0129_D-scaled.jpg\"><img loading=\"lazy\" decoding=\"async\" width=\"1024\" height=\"768\" data-id=\"16206\" src=\"https:\/\/kastelir-labinci.com\/wp-content\/uploads\/2025\/11\/FOTKE-WEB_DJI_20250622203043_0129_D-1024x768.jpg\" alt=\"\" class=\"wp-image-16206\" srcset=\"https:\/\/kastelir-labinci.com\/wp-content\/uploads\/2025\/11\/FOTKE-WEB_DJI_20250622203043_0129_D-1024x768.jpg 1024w, https:\/\/kastelir-labinci.com\/wp-content\/uploads\/2025\/11\/FOTKE-WEB_DJI_20250622203043_0129_D-300x225.jpg 300w, https:\/\/kastelir-labinci.com\/wp-content\/uploads\/2025\/11\/FOTKE-WEB_DJI_20250622203043_0129_D-768x576.jpg 768w, https:\/\/kastelir-labinci.com\/wp-content\/uploads\/2025\/11\/FOTKE-WEB_DJI_20250622203043_0129_D-1536x1152.jpg 1536w, https:\/\/kastelir-labinci.com\/wp-content\/uploads\/2025\/11\/FOTKE-WEB_DJI_20250622203043_0129_D-2048x1536.jpg 2048w, https:\/\/kastelir-labinci.com\/wp-content\/uploads\/2025\/11\/FOTKE-WEB_DJI_20250622203043_0129_D-640x480.jpg 640w, https:\/\/kastelir-labinci.com\/wp-content\/uploads\/2025\/11\/FOTKE-WEB_DJI_20250622203043_0129_D-480x360.jpg 480w\" sizes=\"(max-width: 1024px) 100vw, 1024px\" \/><\/a><\/figure>\n<\/figure>\n\n\n\n<p><\/p>\n\n\n\n<p>Situated inland but still close to the sea, <strong>Ka\u0161telir-Labinci <\/strong>offers the perfect blend of authentic Istrian everyday life and coastal proximity. Here, you can enjoy peace, nature, and local products, while being only a few minutes away from the beautiful beaches and rich coastal offer of Pore\u010d.<\/p>\n\n\n\n<p>More than half of the residents are <strong>engaged in some form of agricultural production<\/strong>, making Ka\u0161telir-Labinci one of the most fertile and active regions in Istria. Our producers produce wines, olive oils, potatoes and other vegetables, as well as traditional products that make this area so well-known. Agriculture is not just a way of life here &#8211; it is a part of our identity that we proudly preserve.<\/p>\n\n\n\n<figure class=\"wp-block-gallery has-nested-images columns-default is-cropped columns-3 wp-block-gallery-2 is-layout-flex wp-block-gallery-is-layout-flex\">\n<figure class=\"wp-block-image size-large\"><a href=\"https:\/\/kastelir-labinci.com\/wp-content\/uploads\/2025\/11\/FOTKE-WEB_Bros_tulani-Gramper-124-1024x683.jpg\"><img loading=\"lazy\" decoding=\"async\" width=\"1024\" height=\"683\" data-id=\"16216\" src=\"https:\/\/kastelir-labinci.com\/wp-content\/uploads\/2025\/11\/FOTKE-WEB_Bros_tulani-Gramper-124-1024x683.jpg\" alt=\"\" class=\"wp-image-16216\" srcset=\"https:\/\/kastelir-labinci.com\/wp-content\/uploads\/2025\/11\/FOTKE-WEB_Bros_tulani-Gramper-124-1024x683.jpg 1024w, https:\/\/kastelir-labinci.com\/wp-content\/uploads\/2025\/11\/FOTKE-WEB_Bros_tulani-Gramper-124-300x200.jpg 300w, https:\/\/kastelir-labinci.com\/wp-content\/uploads\/2025\/11\/FOTKE-WEB_Bros_tulani-Gramper-124-768x512.jpg 768w, https:\/\/kastelir-labinci.com\/wp-content\/uploads\/2025\/11\/FOTKE-WEB_Bros_tulani-Gramper-124-1536x1024.jpg 1536w, https:\/\/kastelir-labinci.com\/wp-content\/uploads\/2025\/11\/FOTKE-WEB_Bros_tulani-Gramper-124.jpg 2048w\" sizes=\"(max-width: 1024px) 100vw, 1024px\" \/><\/a><\/figure>\n\n\n\n<figure class=\"wp-block-image size-large\"><a href=\"https:\/\/kastelir-labinci.com\/wp-content\/uploads\/2025\/11\/FOTKE-WEB_DJI_20250603130937_0148_D-3-scaled.jpg\"><img loading=\"lazy\" decoding=\"async\" width=\"1024\" height=\"768\" data-id=\"16289\" src=\"https:\/\/kastelir-labinci.com\/wp-content\/uploads\/2025\/11\/FOTKE-WEB_DJI_20250603130937_0148_D-3-1024x768.jpg\" alt=\"\" class=\"wp-image-16289\" srcset=\"https:\/\/kastelir-labinci.com\/wp-content\/uploads\/2025\/11\/FOTKE-WEB_DJI_20250603130937_0148_D-3-1024x768.jpg 1024w, https:\/\/kastelir-labinci.com\/wp-content\/uploads\/2025\/11\/FOTKE-WEB_DJI_20250603130937_0148_D-3-300x225.jpg 300w, https:\/\/kastelir-labinci.com\/wp-content\/uploads\/2025\/11\/FOTKE-WEB_DJI_20250603130937_0148_D-3-768x576.jpg 768w, https:\/\/kastelir-labinci.com\/wp-content\/uploads\/2025\/11\/FOTKE-WEB_DJI_20250603130937_0148_D-3-1536x1152.jpg 1536w, https:\/\/kastelir-labinci.com\/wp-content\/uploads\/2025\/11\/FOTKE-WEB_DJI_20250603130937_0148_D-3-2048x1536.jpg 2048w, https:\/\/kastelir-labinci.com\/wp-content\/uploads\/2025\/11\/FOTKE-WEB_DJI_20250603130937_0148_D-3-640x480.jpg 640w, https:\/\/kastelir-labinci.com\/wp-content\/uploads\/2025\/11\/FOTKE-WEB_DJI_20250603130937_0148_D-3-480x360.jpg 480w\" sizes=\"(max-width: 1024px) 100vw, 1024px\" \/><\/a><\/figure>\n\n\n\n<figure class=\"wp-block-image size-large\"><a href=\"https:\/\/kastelir-labinci.com\/wp-content\/uploads\/2025\/11\/FOTKE-WEB_Kas_telir-Labinci_Friday-Tasting-2025-44-1024x683.jpg\"><img loading=\"lazy\" decoding=\"async\" width=\"1024\" height=\"683\" data-id=\"16269\" src=\"https:\/\/kastelir-labinci.com\/wp-content\/uploads\/2025\/11\/FOTKE-WEB_Kas_telir-Labinci_Friday-Tasting-2025-44-1024x683.jpg\" alt=\"\" class=\"wp-image-16269\" srcset=\"https:\/\/kastelir-labinci.com\/wp-content\/uploads\/2025\/11\/FOTKE-WEB_Kas_telir-Labinci_Friday-Tasting-2025-44-1024x683.jpg 1024w, https:\/\/kastelir-labinci.com\/wp-content\/uploads\/2025\/11\/FOTKE-WEB_Kas_telir-Labinci_Friday-Tasting-2025-44-300x200.jpg 300w, https:\/\/kastelir-labinci.com\/wp-content\/uploads\/2025\/11\/FOTKE-WEB_Kas_telir-Labinci_Friday-Tasting-2025-44-768x512.jpg 768w, https:\/\/kastelir-labinci.com\/wp-content\/uploads\/2025\/11\/FOTKE-WEB_Kas_telir-Labinci_Friday-Tasting-2025-44-1536x1024.jpg 1536w, https:\/\/kastelir-labinci.com\/wp-content\/uploads\/2025\/11\/FOTKE-WEB_Kas_telir-Labinci_Friday-Tasting-2025-44.jpg 2048w\" sizes=\"(max-width: 1024px) 100vw, 1024px\" \/><\/a><\/figure>\n\n\n\n<figure class=\"wp-block-image size-large\"><a href=\"https:\/\/kastelir-labinci.com\/wp-content\/uploads\/2025\/11\/WEB-1.jpg\"><img loading=\"lazy\" decoding=\"async\" width=\"800\" height=\"533\" data-id=\"16304\" src=\"https:\/\/kastelir-labinci.com\/wp-content\/uploads\/2025\/11\/WEB-1.jpg\" alt=\"\" class=\"wp-image-16304\" srcset=\"https:\/\/kastelir-labinci.com\/wp-content\/uploads\/2025\/11\/WEB-1.jpg 800w, https:\/\/kastelir-labinci.com\/wp-content\/uploads\/2025\/11\/WEB-1-300x200.jpg 300w, https:\/\/kastelir-labinci.com\/wp-content\/uploads\/2025\/11\/WEB-1-768x512.jpg 768w\" sizes=\"(max-width: 800px) 100vw, 800px\" \/><\/a><\/figure>\n\n\n\n<figure class=\"wp-block-image size-large\"><a href=\"https:\/\/kastelir-labinci.com\/wp-content\/uploads\/2025\/11\/FOTKE-WEB_Gramperijada-2024-191-1024x683.jpg\"><img loading=\"lazy\" decoding=\"async\" width=\"1024\" height=\"683\" data-id=\"16221\" src=\"https:\/\/kastelir-labinci.com\/wp-content\/uploads\/2025\/11\/FOTKE-WEB_Gramperijada-2024-191-1024x683.jpg\" alt=\"\" class=\"wp-image-16221\" srcset=\"https:\/\/kastelir-labinci.com\/wp-content\/uploads\/2025\/11\/FOTKE-WEB_Gramperijada-2024-191-1024x683.jpg 1024w, https:\/\/kastelir-labinci.com\/wp-content\/uploads\/2025\/11\/FOTKE-WEB_Gramperijada-2024-191-300x200.jpg 300w, https:\/\/kastelir-labinci.com\/wp-content\/uploads\/2025\/11\/FOTKE-WEB_Gramperijada-2024-191-768x512.jpg 768w, https:\/\/kastelir-labinci.com\/wp-content\/uploads\/2025\/11\/FOTKE-WEB_Gramperijada-2024-191-1536x1024.jpg 1536w, https:\/\/kastelir-labinci.com\/wp-content\/uploads\/2025\/11\/FOTKE-WEB_Gramperijada-2024-191.jpg 2048w\" sizes=\"(max-width: 1024px) 100vw, 1024px\" \/><\/a><\/figure>\n<\/figure>\n\n\n\n<p><br><strong>Ka\u0161telir-Labinci has been included among the Best Tourism Villages by the World Tourism Organization (UNWTO)<\/strong> &#8211; an acknowledgment that confirms the sustainable development, rich tradition, and contemporary spirit of our community. Under the slogan \u201cWhere modern life meets tradition,\u201d Ka\u0161telir-Labinci continues to grow as a recognizable Istrian destination &#8211; a place where culture, agriculture, and tourism intertwine in the warm, harmonious rhythm of Istrian life.<\/p>\n\n\n\n<figure class=\"wp-block-image size-large\"><img loading=\"lazy\" decoding=\"async\" width=\"1024\" height=\"768\" src=\"https:\/\/kastelir-labinci.com\/wp-content\/uploads\/2025\/11\/FOTKE-WEB_ZA-VIZUAL--1024x768.jpg\" alt=\"\" class=\"wp-image-16263\" srcset=\"https:\/\/kastelir-labinci.com\/wp-content\/uploads\/2025\/11\/FOTKE-WEB_ZA-VIZUAL--1024x768.jpg 1024w, https:\/\/kastelir-labinci.com\/wp-content\/uploads\/2025\/11\/FOTKE-WEB_ZA-VIZUAL--300x225.jpg 300w, https:\/\/kastelir-labinci.com\/wp-content\/uploads\/2025\/11\/FOTKE-WEB_ZA-VIZUAL--768x576.jpg 768w, https:\/\/kastelir-labinci.com\/wp-content\/uploads\/2025\/11\/FOTKE-WEB_ZA-VIZUAL--1536x1152.jpg 1536w, https:\/\/kastelir-labinci.com\/wp-content\/uploads\/2025\/11\/FOTKE-WEB_ZA-VIZUAL--2048x1536.jpg 2048w, https:\/\/kastelir-labinci.com\/wp-content\/uploads\/2025\/11\/FOTKE-WEB_ZA-VIZUAL--640x480.jpg 640w, https:\/\/kastelir-labinci.com\/wp-content\/uploads\/2025\/11\/FOTKE-WEB_ZA-VIZUAL--480x360.jpg 480w\" sizes=\"(max-width: 1024px) 100vw, 1024px\" \/><\/figure>\n","protected":false},"excerpt":{"rendered":"<p>The Municipality of Ka\u0161telir-Labinci &#8211; Castelliere-Santa Domenica is located in the northwestern part of Istria, just 10 kilometers from Pore\u010d. It covers an area of 32 km\u00b2 and consists of [&hellip;]<\/p>\n","protected":false},"author":1,"featured_media":0,"parent":0,"menu_order":0,"comment_status":"closed","ping_status":"closed","template":"","meta":{"_citadela_hide_page_title":"","_citadela_remove_header_space":"","_citadela_custom_class":"","_citadela_half_map_provider":"","_citadela_half_map_theme":"","_citadela_half_map_themeOSM":"","_citadela_half_map_customTheme":"","_citadela_half_map_dataType":"","_citadela_half_map_dynamicTrack":false,"_citadela_half_map_trackColor":"","_citadela_half_map_trackEndpointsColor":"","_citadela_half_map_filterCategory":"","_citadela_half_map_filterLocation":"","_citadela_half_map_filterFeatured":false,"_citadela_half_map_noDataBehavior":"empty-map","_citadela_half_map_noDataText":"","_citadela_half_map_clusterGridSize":80,"_citadela_header":false,"_citadela_header_over_content":false,"_citadela_header_text_color":"","_citadela_header_logo":[],"_citadela_header_bg_image":[],"_citadela_header_bg_position":[],"_citadela_header_bg_size":"","_citadela_header_bg_repeat":"","_citadela_header_bg_fixed":false,"_citadela_header_bg_color":"","_citadela_header_bg_image_overlay":"","_citadela_header_transparent_bg":false,"_citadela_content_width":"","_citadela_half_layout_position":"","footnotes":""},"class_list":["post-4930","page","type-page","status-publish","hentry"],"yoast_head":"<!-- This site is optimized with the Yoast SEO plugin v25.2 - https:\/\/yoast.com\/wordpress\/plugins\/seo\/ -->\n<title>About us - Together in<\/title>\n<meta name=\"description\" content=\"Together in Ka\u0161telir Labinci\" \/>\n<meta name=\"robots\" content=\"index, follow, max-snippet:-1, max-image-preview:large, max-video-preview:-1\" \/>\n<link rel=\"canonical\" href=\"https:\/\/kastelir-labinci.com\/en\/about-us\/\" \/>\n<meta property=\"og:locale\" content=\"en_US\" \/>\n<meta property=\"og:type\" content=\"article\" \/>\n<meta property=\"og:title\" content=\"About us - Together in\" \/>\n<meta property=\"og:description\" content=\"Together in Ka\u0161telir Labinci\" \/>\n<meta property=\"og:url\" content=\"https:\/\/kastelir-labinci.com\/en\/about-us\/\" \/>\n<meta property=\"og:site_name\" content=\"Together in\" \/>\n<meta property=\"article:modified_time\" content=\"2025-11-12T11:49:40+00:00\" \/>\n<meta property=\"og:image\" content=\"https:\/\/kastelir-labinci.com\/wp-content\/uploads\/2025\/11\/FOTKE-WEB_DJI_20250603140840_0193_D-scaled.jpg\" \/>\n\t<meta property=\"og:image:width\" content=\"2560\" \/>\n\t<meta property=\"og:image:height\" content=\"1920\" \/>\n\t<meta property=\"og:image:type\" content=\"image\/jpeg\" \/>\n<meta name=\"twitter:card\" content=\"summary_large_image\" \/>\n<meta name=\"twitter:label1\" content=\"Est. reading time\" \/>\n\t<meta name=\"twitter:data1\" content=\"4 minutes\" \/>\n<script type=\"application\/ld+json\" class=\"yoast-schema-graph\">{\"@context\":\"https:\/\/schema.org\",\"@graph\":[{\"@type\":\"WebPage\",\"@id\":\"https:\/\/kastelir-labinci.com\/en\/about-us\/\",\"url\":\"https:\/\/kastelir-labinci.com\/en\/about-us\/\",\"name\":\"About us - Together in\",\"isPartOf\":{\"@id\":\"https:\/\/kastelir-labinci.com\/en\/#website\"},\"primaryImageOfPage\":{\"@id\":\"https:\/\/kastelir-labinci.com\/en\/about-us\/#primaryimage\"},\"image\":{\"@id\":\"https:\/\/kastelir-labinci.com\/en\/about-us\/#primaryimage\"},\"thumbnailUrl\":\"https:\/\/kastelir-labinci.com\/wp-content\/uploads\/2025\/11\/FOTKE-WEB_DJI_20250603140840_0193_D-1024x768.jpg\",\"datePublished\":\"2021-04-21T21:12:03+00:00\",\"dateModified\":\"2025-11-12T11:49:40+00:00\",\"description\":\"Together in Ka\u0161telir Labinci\",\"breadcrumb\":{\"@id\":\"https:\/\/kastelir-labinci.com\/en\/about-us\/#breadcrumb\"},\"inLanguage\":\"en-US\",\"potentialAction\":[{\"@type\":\"ReadAction\",\"target\":[\"https:\/\/kastelir-labinci.com\/en\/about-us\/\"]}]},{\"@type\":\"ImageObject\",\"inLanguage\":\"en-US\",\"@id\":\"https:\/\/kastelir-labinci.com\/en\/about-us\/#primaryimage\",\"url\":\"https:\/\/kastelir-labinci.com\/wp-content\/uploads\/2025\/11\/FOTKE-WEB_DJI_20250603140840_0193_D-1024x768.jpg\",\"contentUrl\":\"https:\/\/kastelir-labinci.com\/wp-content\/uploads\/2025\/11\/FOTKE-WEB_DJI_20250603140840_0193_D-1024x768.jpg\"},{\"@type\":\"BreadcrumbList\",\"@id\":\"https:\/\/kastelir-labinci.com\/en\/about-us\/#breadcrumb\",\"itemListElement\":[{\"@type\":\"ListItem\",\"position\":1,\"name\":\"Home\",\"item\":\"https:\/\/kastelir-labinci.com\/en\/\"},{\"@type\":\"ListItem\",\"position\":2,\"name\":\"About us\"}]},{\"@type\":\"WebSite\",\"@id\":\"https:\/\/kastelir-labinci.com\/en\/#website\",\"url\":\"https:\/\/kastelir-labinci.com\/en\/\",\"name\":\"Together in\",\"description\":\"- Ka\u0161telir-Labinci\",\"publisher\":{\"@id\":\"https:\/\/kastelir-labinci.com\/en\/#organization\"},\"potentialAction\":[{\"@type\":\"SearchAction\",\"target\":{\"@type\":\"EntryPoint\",\"urlTemplate\":\"https:\/\/kastelir-labinci.com\/en\/?s={search_term_string}\"},\"query-input\":{\"@type\":\"PropertyValueSpecification\",\"valueRequired\":true,\"valueName\":\"search_term_string\"}}],\"inLanguage\":\"en-US\"},{\"@type\":\"Organization\",\"@id\":\"https:\/\/kastelir-labinci.com\/en\/#organization\",\"name\":\"TOGETHER IN Ka\u0161telir - Labinci, turisti\u010dka zajednica\",\"url\":\"https:\/\/kastelir-labinci.com\/en\/\",\"logo\":{\"@type\":\"ImageObject\",\"inLanguage\":\"en-US\",\"@id\":\"https:\/\/kastelir-labinci.com\/en\/#\/schema\/logo\/image\/\",\"url\":\"https:\/\/kastelir-labinci.com\/wp-content\/uploads\/2020\/08\/logotip-3.png\",\"contentUrl\":\"https:\/\/kastelir-labinci.com\/wp-content\/uploads\/2020\/08\/logotip-3.png\",\"width\":512,\"height\":326,\"caption\":\"TOGETHER IN Ka\u0161telir - Labinci, turisti\u010dka zajednica\"},\"image\":{\"@id\":\"https:\/\/kastelir-labinci.com\/en\/#\/schema\/logo\/image\/\"}}]}<\/script>\n<!-- \/ Yoast SEO plugin. -->","yoast_head_json":{"title":"About us - Together in","description":"Together in Ka\u0161telir Labinci","robots":{"index":"index","follow":"follow","max-snippet":"max-snippet:-1","max-image-preview":"max-image-preview:large","max-video-preview":"max-video-preview:-1"},"canonical":"https:\/\/kastelir-labinci.com\/en\/about-us\/","og_locale":"en_US","og_type":"article","og_title":"About us - Together in","og_description":"Together in Ka\u0161telir Labinci","og_url":"https:\/\/kastelir-labinci.com\/en\/about-us\/","og_site_name":"Together in","article_modified_time":"2025-11-12T11:49:40+00:00","og_image":[{"width":2560,"height":1920,"url":"https:\/\/kastelir-labinci.com\/wp-content\/uploads\/2025\/11\/FOTKE-WEB_DJI_20250603140840_0193_D-scaled.jpg","type":"image\/jpeg"}],"twitter_card":"summary_large_image","twitter_misc":{"Est. reading time":"4 minutes"},"schema":{"@context":"https:\/\/schema.org","@graph":[{"@type":"WebPage","@id":"https:\/\/kastelir-labinci.com\/en\/about-us\/","url":"https:\/\/kastelir-labinci.com\/en\/about-us\/","name":"About us - Together in","isPartOf":{"@id":"https:\/\/kastelir-labinci.com\/en\/#website"},"primaryImageOfPage":{"@id":"https:\/\/kastelir-labinci.com\/en\/about-us\/#primaryimage"},"image":{"@id":"https:\/\/kastelir-labinci.com\/en\/about-us\/#primaryimage"},"thumbnailUrl":"https:\/\/kastelir-labinci.com\/wp-content\/uploads\/2025\/11\/FOTKE-WEB_DJI_20250603140840_0193_D-1024x768.jpg","datePublished":"2021-04-21T21:12:03+00:00","dateModified":"2025-11-12T11:49:40+00:00","description":"Together in Ka\u0161telir Labinci","breadcrumb":{"@id":"https:\/\/kastelir-labinci.com\/en\/about-us\/#breadcrumb"},"inLanguage":"en-US","potentialAction":[{"@type":"ReadAction","target":["https:\/\/kastelir-labinci.com\/en\/about-us\/"]}]},{"@type":"ImageObject","inLanguage":"en-US","@id":"https:\/\/kastelir-labinci.com\/en\/about-us\/#primaryimage","url":"https:\/\/kastelir-labinci.com\/wp-content\/uploads\/2025\/11\/FOTKE-WEB_DJI_20250603140840_0193_D-1024x768.jpg","contentUrl":"https:\/\/kastelir-labinci.com\/wp-content\/uploads\/2025\/11\/FOTKE-WEB_DJI_20250603140840_0193_D-1024x768.jpg"},{"@type":"BreadcrumbList","@id":"https:\/\/kastelir-labinci.com\/en\/about-us\/#breadcrumb","itemListElement":[{"@type":"ListItem","position":1,"name":"Home","item":"https:\/\/kastelir-labinci.com\/en\/"},{"@type":"ListItem","position":2,"name":"About us"}]},{"@type":"WebSite","@id":"https:\/\/kastelir-labinci.com\/en\/#website","url":"https:\/\/kastelir-labinci.com\/en\/","name":"Together in","description":"- Ka\u0161telir-Labinci","publisher":{"@id":"https:\/\/kastelir-labinci.com\/en\/#organization"},"potentialAction":[{"@type":"SearchAction","target":{"@type":"EntryPoint","urlTemplate":"https:\/\/kastelir-labinci.com\/en\/?s={search_term_string}"},"query-input":{"@type":"PropertyValueSpecification","valueRequired":true,"valueName":"search_term_string"}}],"inLanguage":"en-US"},{"@type":"Organization","@id":"https:\/\/kastelir-labinci.com\/en\/#organization","name":"TOGETHER IN Ka\u0161telir - Labinci, turisti\u010dka zajednica","url":"https:\/\/kastelir-labinci.com\/en\/","logo":{"@type":"ImageObject","inLanguage":"en-US","@id":"https:\/\/kastelir-labinci.com\/en\/#\/schema\/logo\/image\/","url":"https:\/\/kastelir-labinci.com\/wp-content\/uploads\/2020\/08\/logotip-3.png","contentUrl":"https:\/\/kastelir-labinci.com\/wp-content\/uploads\/2020\/08\/logotip-3.png","width":512,"height":326,"caption":"TOGETHER IN Ka\u0161telir - Labinci, turisti\u010dka zajednica"},"image":{"@id":"https:\/\/kastelir-labinci.com\/en\/#\/schema\/logo\/image\/"}}]}},"_links":{"self":[{"href":"https:\/\/kastelir-labinci.com\/en\/wp-json\/wp\/v2\/pages\/4930"}],"collection":[{"href":"https:\/\/kastelir-labinci.com\/en\/wp-json\/wp\/v2\/pages"}],"about":[{"href":"https:\/\/kastelir-labinci.com\/en\/wp-json\/wp\/v2\/types\/page"}],"author":[{"embeddable":true,"href":"https:\/\/kastelir-labinci.com\/en\/wp-json\/wp\/v2\/users\/1"}],"replies":[{"embeddable":true,"href":"https:\/\/kastelir-labinci.com\/en\/wp-json\/wp\/v2\/comments?post=4930"}],"version-history":[{"count":8,"href":"https:\/\/kastelir-labinci.com\/en\/wp-json\/wp\/v2\/pages\/4930\/revisions"}],"predecessor-version":[{"id":16315,"href":"https:\/\/kastelir-labinci.com\/en\/wp-json\/wp\/v2\/pages\/4930\/revisions\/16315"}],"wp:attachment":[{"href":"https:\/\/kastelir-labinci.com\/en\/wp-json\/wp\/v2\/media?parent=4930"}],"curies":[{"name":"wp","href":"https:\/\/api.w.org\/{rel}","templated":true}]}}