{"id":5332,"date":"2021-04-21T21:12:03","date_gmt":"2021-04-21T21:12:03","guid":{"rendered":"https:\/\/kastelir-labinci.com\/o-nama\/"},"modified":"2025-11-14T10:11:08","modified_gmt":"2025-11-14T09:11:08","slug":"chi-siamo","status":"publish","type":"page","link":"https:\/\/kastelir-labinci.com\/it\/chi-siamo\/","title":{"rendered":"Chi siamo"},"content":{"rendered":"\n<p><br>Il Comune di Ka\u0161telir &#8211; Labinci \u2013 Castelliere &#8211; Santa Domenica si trova nel nord-ovest dell\u2019Istria, a soli 10 chilometri da Parenzo. Si estende su una superficie di 32 km\u00b2 e comprende quindici localit\u00e0: Babi\u0107i, Brnobi\u0107i, Cerjani, Dekli\u0107i, Dvori, Ka\u0161telir, Kova\u010di, Kran\u010di\u0107i, Labinci, Meki\u0161i presso Ka\u0161telir, Rogovi\u0107i, Rojci, Ro\u0161ki\u0107i, Tadini e Valenti\u0107i.<\/p>\n\n\n\n<figure class=\"wp-block-gallery has-nested-images columns-default is-cropped columns-3 wp-block-gallery-1 is-layout-flex wp-block-gallery-is-layout-flex\">\n<figure class=\"wp-block-image size-large\"><a href=\"https:\/\/kastelir-labinci.com\/wp-content\/uploads\/2025\/11\/FOTKE-WEB_DJI_20250603140840_0193_D-scaled.jpg\"><img loading=\"lazy\" decoding=\"async\" width=\"1024\" height=\"768\" data-id=\"16192\" src=\"https:\/\/kastelir-labinci.com\/wp-content\/uploads\/2025\/11\/FOTKE-WEB_DJI_20250603140840_0193_D-1024x768.jpg\" alt=\"\" class=\"wp-image-16192\" srcset=\"https:\/\/kastelir-labinci.com\/wp-content\/uploads\/2025\/11\/FOTKE-WEB_DJI_20250603140840_0193_D-1024x768.jpg 1024w, https:\/\/kastelir-labinci.com\/wp-content\/uploads\/2025\/11\/FOTKE-WEB_DJI_20250603140840_0193_D-300x225.jpg 300w, https:\/\/kastelir-labinci.com\/wp-content\/uploads\/2025\/11\/FOTKE-WEB_DJI_20250603140840_0193_D-768x576.jpg 768w, https:\/\/kastelir-labinci.com\/wp-content\/uploads\/2025\/11\/FOTKE-WEB_DJI_20250603140840_0193_D-1536x1152.jpg 1536w, https:\/\/kastelir-labinci.com\/wp-content\/uploads\/2025\/11\/FOTKE-WEB_DJI_20250603140840_0193_D-2048x1536.jpg 2048w, https:\/\/kastelir-labinci.com\/wp-content\/uploads\/2025\/11\/FOTKE-WEB_DJI_20250603140840_0193_D-640x480.jpg 640w, https:\/\/kastelir-labinci.com\/wp-content\/uploads\/2025\/11\/FOTKE-WEB_DJI_20250603140840_0193_D-480x360.jpg 480w\" sizes=\"(max-width: 1024px) 100vw, 1024px\" \/><\/a><\/figure>\n\n\n\n<figure class=\"wp-block-image size-large\"><a href=\"https:\/\/kastelir-labinci.com\/wp-content\/uploads\/2025\/11\/FOTKE-WEB_DJI_20250603101347_0058_D-scaled.jpg\"><img loading=\"lazy\" decoding=\"async\" width=\"1024\" height=\"768\" data-id=\"16203\" src=\"https:\/\/kastelir-labinci.com\/wp-content\/uploads\/2025\/11\/FOTKE-WEB_DJI_20250603101347_0058_D-1024x768.jpg\" alt=\"\" class=\"wp-image-16203\" srcset=\"https:\/\/kastelir-labinci.com\/wp-content\/uploads\/2025\/11\/FOTKE-WEB_DJI_20250603101347_0058_D-1024x768.jpg 1024w, https:\/\/kastelir-labinci.com\/wp-content\/uploads\/2025\/11\/FOTKE-WEB_DJI_20250603101347_0058_D-300x225.jpg 300w, https:\/\/kastelir-labinci.com\/wp-content\/uploads\/2025\/11\/FOTKE-WEB_DJI_20250603101347_0058_D-768x576.jpg 768w, https:\/\/kastelir-labinci.com\/wp-content\/uploads\/2025\/11\/FOTKE-WEB_DJI_20250603101347_0058_D-1536x1152.jpg 1536w, https:\/\/kastelir-labinci.com\/wp-content\/uploads\/2025\/11\/FOTKE-WEB_DJI_20250603101347_0058_D-2048x1536.jpg 2048w, https:\/\/kastelir-labinci.com\/wp-content\/uploads\/2025\/11\/FOTKE-WEB_DJI_20250603101347_0058_D-640x480.jpg 640w, https:\/\/kastelir-labinci.com\/wp-content\/uploads\/2025\/11\/FOTKE-WEB_DJI_20250603101347_0058_D-480x360.jpg 480w\" sizes=\"(max-width: 1024px) 100vw, 1024px\" \/><\/a><\/figure>\n\n\n\n<figure class=\"wp-block-image size-large\"><a href=\"https:\/\/kastelir-labinci.com\/wp-content\/uploads\/2025\/11\/FOTKE-WEB_DJI_20250622203043_0129_D-scaled.jpg\"><img loading=\"lazy\" decoding=\"async\" width=\"1024\" height=\"768\" data-id=\"16208\" src=\"https:\/\/kastelir-labinci.com\/wp-content\/uploads\/2025\/11\/FOTKE-WEB_DJI_20250622203043_0129_D-1024x768.jpg\" alt=\"\" class=\"wp-image-16208\" srcset=\"https:\/\/kastelir-labinci.com\/wp-content\/uploads\/2025\/11\/FOTKE-WEB_DJI_20250622203043_0129_D-1024x768.jpg 1024w, https:\/\/kastelir-labinci.com\/wp-content\/uploads\/2025\/11\/FOTKE-WEB_DJI_20250622203043_0129_D-300x225.jpg 300w, https:\/\/kastelir-labinci.com\/wp-content\/uploads\/2025\/11\/FOTKE-WEB_DJI_20250622203043_0129_D-768x576.jpg 768w, https:\/\/kastelir-labinci.com\/wp-content\/uploads\/2025\/11\/FOTKE-WEB_DJI_20250622203043_0129_D-1536x1152.jpg 1536w, https:\/\/kastelir-labinci.com\/wp-content\/uploads\/2025\/11\/FOTKE-WEB_DJI_20250622203043_0129_D-2048x1536.jpg 2048w, https:\/\/kastelir-labinci.com\/wp-content\/uploads\/2025\/11\/FOTKE-WEB_DJI_20250622203043_0129_D-640x480.jpg 640w, https:\/\/kastelir-labinci.com\/wp-content\/uploads\/2025\/11\/FOTKE-WEB_DJI_20250622203043_0129_D-480x360.jpg 480w\" sizes=\"(max-width: 1024px) 100vw, 1024px\" \/><\/a><\/figure>\n<\/figure>\n\n\n\n<p>Situato nell\u2019entroterra, ma abbastanza vicino al mare, Castelliere &#8211; Santa Domenica offre una<br>combinazione &nbsp; perfetta tra l\u2019autenticit\u00e0 della vita quotidiana istriana e la vicinanza alla costa. Qui si pu\u00f2 godere della tranquillit\u00e0, della natura e dei prodotti locali, pur rimanendo a pochi minuti dalle splendide spiagge di Parenzo e dalla ricca offerta della riviera.<\/p>\n\n\n\n<p>Oltre la met\u00e0 degli abitanti \u00e8 impegnata in qualche forma di produzione agricola, rendendo<br>Castelliere &#8211; Santa Domenica una delle zone pi\u00f9 fertili e vivaci dell\u2019Istria. I nostri produttori creano vini, oli d\u2019oliva, patate e ortaggi, oltre a specialit\u00e0 tradizionali che rendono questo territorio rinomato. L\u2019agricoltura non \u00e8 solo un modo di vivere, ma parte integrante della nostra identit\u00e0, che custodiamo con orgoglio.<\/p>\n\n\n\n<figure class=\"wp-block-gallery has-nested-images columns-default is-cropped columns-3 wp-block-gallery-2 is-layout-flex wp-block-gallery-is-layout-flex\">\n<figure class=\"wp-block-image size-large\"><a href=\"https:\/\/kastelir-labinci.com\/wp-content\/uploads\/2025\/11\/WEB-1.jpg\"><img loading=\"lazy\" decoding=\"async\" width=\"800\" height=\"533\" data-id=\"16306\" src=\"https:\/\/kastelir-labinci.com\/wp-content\/uploads\/2025\/11\/WEB-1.jpg\" alt=\"\" class=\"wp-image-16306\" srcset=\"https:\/\/kastelir-labinci.com\/wp-content\/uploads\/2025\/11\/WEB-1.jpg 800w, https:\/\/kastelir-labinci.com\/wp-content\/uploads\/2025\/11\/WEB-1-300x200.jpg 300w, https:\/\/kastelir-labinci.com\/wp-content\/uploads\/2025\/11\/WEB-1-768x512.jpg 768w\" sizes=\"(max-width: 800px) 100vw, 800px\" \/><\/a><\/figure>\n\n\n\n<figure class=\"wp-block-image size-large\"><a href=\"https:\/\/kastelir-labinci.com\/wp-content\/uploads\/2025\/11\/FOTKE-WEB_Kas_telir-Labinci_Friday-Tasting-2025-44-1024x683.jpg\"><img loading=\"lazy\" decoding=\"async\" width=\"1024\" height=\"683\" data-id=\"16271\" src=\"https:\/\/kastelir-labinci.com\/wp-content\/uploads\/2025\/11\/FOTKE-WEB_Kas_telir-Labinci_Friday-Tasting-2025-44-1024x683.jpg\" alt=\"\" class=\"wp-image-16271\" srcset=\"https:\/\/kastelir-labinci.com\/wp-content\/uploads\/2025\/11\/FOTKE-WEB_Kas_telir-Labinci_Friday-Tasting-2025-44-1024x683.jpg 1024w, https:\/\/kastelir-labinci.com\/wp-content\/uploads\/2025\/11\/FOTKE-WEB_Kas_telir-Labinci_Friday-Tasting-2025-44-300x200.jpg 300w, https:\/\/kastelir-labinci.com\/wp-content\/uploads\/2025\/11\/FOTKE-WEB_Kas_telir-Labinci_Friday-Tasting-2025-44-768x512.jpg 768w, https:\/\/kastelir-labinci.com\/wp-content\/uploads\/2025\/11\/FOTKE-WEB_Kas_telir-Labinci_Friday-Tasting-2025-44-1536x1024.jpg 1536w, https:\/\/kastelir-labinci.com\/wp-content\/uploads\/2025\/11\/FOTKE-WEB_Kas_telir-Labinci_Friday-Tasting-2025-44.jpg 2048w\" sizes=\"(max-width: 1024px) 100vw, 1024px\" \/><\/a><\/figure>\n\n\n\n<figure class=\"wp-block-image size-large\"><a href=\"https:\/\/kastelir-labinci.com\/wp-content\/uploads\/2025\/11\/FOTKE-WEB_DJI_20250603130937_0148_D-3-scaled.jpg\"><img loading=\"lazy\" decoding=\"async\" width=\"1024\" height=\"768\" data-id=\"16291\" src=\"https:\/\/kastelir-labinci.com\/wp-content\/uploads\/2025\/11\/FOTKE-WEB_DJI_20250603130937_0148_D-3-1024x768.jpg\" alt=\"\" class=\"wp-image-16291\" srcset=\"https:\/\/kastelir-labinci.com\/wp-content\/uploads\/2025\/11\/FOTKE-WEB_DJI_20250603130937_0148_D-3-1024x768.jpg 1024w, https:\/\/kastelir-labinci.com\/wp-content\/uploads\/2025\/11\/FOTKE-WEB_DJI_20250603130937_0148_D-3-300x225.jpg 300w, https:\/\/kastelir-labinci.com\/wp-content\/uploads\/2025\/11\/FOTKE-WEB_DJI_20250603130937_0148_D-3-768x576.jpg 768w, https:\/\/kastelir-labinci.com\/wp-content\/uploads\/2025\/11\/FOTKE-WEB_DJI_20250603130937_0148_D-3-1536x1152.jpg 1536w, https:\/\/kastelir-labinci.com\/wp-content\/uploads\/2025\/11\/FOTKE-WEB_DJI_20250603130937_0148_D-3-2048x1536.jpg 2048w, https:\/\/kastelir-labinci.com\/wp-content\/uploads\/2025\/11\/FOTKE-WEB_DJI_20250603130937_0148_D-3-640x480.jpg 640w, https:\/\/kastelir-labinci.com\/wp-content\/uploads\/2025\/11\/FOTKE-WEB_DJI_20250603130937_0148_D-3-480x360.jpg 480w\" sizes=\"(max-width: 1024px) 100vw, 1024px\" \/><\/a><\/figure>\n\n\n\n<figure class=\"wp-block-image size-large\"><a href=\"https:\/\/kastelir-labinci.com\/wp-content\/uploads\/2025\/11\/FOTKE-WEB_Gramperijada-2024-191-1024x683.jpg\"><img loading=\"lazy\" decoding=\"async\" width=\"1024\" height=\"683\" data-id=\"16223\" src=\"https:\/\/kastelir-labinci.com\/wp-content\/uploads\/2025\/11\/FOTKE-WEB_Gramperijada-2024-191-1024x683.jpg\" alt=\"\" class=\"wp-image-16223\" srcset=\"https:\/\/kastelir-labinci.com\/wp-content\/uploads\/2025\/11\/FOTKE-WEB_Gramperijada-2024-191-1024x683.jpg 1024w, https:\/\/kastelir-labinci.com\/wp-content\/uploads\/2025\/11\/FOTKE-WEB_Gramperijada-2024-191-300x200.jpg 300w, https:\/\/kastelir-labinci.com\/wp-content\/uploads\/2025\/11\/FOTKE-WEB_Gramperijada-2024-191-768x512.jpg 768w, https:\/\/kastelir-labinci.com\/wp-content\/uploads\/2025\/11\/FOTKE-WEB_Gramperijada-2024-191-1536x1024.jpg 1536w, https:\/\/kastelir-labinci.com\/wp-content\/uploads\/2025\/11\/FOTKE-WEB_Gramperijada-2024-191.jpg 2048w\" sizes=\"(max-width: 1024px) 100vw, 1024px\" \/><\/a><\/figure>\n\n\n\n<figure class=\"wp-block-image size-large\"><a href=\"https:\/\/kastelir-labinci.com\/wp-content\/uploads\/2025\/11\/FOTKE-WEB_Bros_tulani-Gramper-124-1024x683.jpg\"><img loading=\"lazy\" decoding=\"async\" width=\"1024\" height=\"683\" data-id=\"16218\" src=\"https:\/\/kastelir-labinci.com\/wp-content\/uploads\/2025\/11\/FOTKE-WEB_Bros_tulani-Gramper-124-1024x683.jpg\" alt=\"\" class=\"wp-image-16218\" srcset=\"https:\/\/kastelir-labinci.com\/wp-content\/uploads\/2025\/11\/FOTKE-WEB_Bros_tulani-Gramper-124-1024x683.jpg 1024w, https:\/\/kastelir-labinci.com\/wp-content\/uploads\/2025\/11\/FOTKE-WEB_Bros_tulani-Gramper-124-300x200.jpg 300w, https:\/\/kastelir-labinci.com\/wp-content\/uploads\/2025\/11\/FOTKE-WEB_Bros_tulani-Gramper-124-768x512.jpg 768w, https:\/\/kastelir-labinci.com\/wp-content\/uploads\/2025\/11\/FOTKE-WEB_Bros_tulani-Gramper-124-1536x1024.jpg 1536w, https:\/\/kastelir-labinci.com\/wp-content\/uploads\/2025\/11\/FOTKE-WEB_Bros_tulani-Gramper-124.jpg 2048w\" sizes=\"(max-width: 1024px) 100vw, 1024px\" \/><\/a><\/figure>\n<\/figure>\n\n\n\n<p><br>Castelliere &#8211; Santa Domenica \u00e8 stato inserito tra i Migliori Villaggi Turistici del Mondo (Best Tourism Villages) dall\u2019Organizzazione Mondiale del Turismo (UNWTO) \u2013 un riconoscimento che conferma lo sviluppo sostenibile, la ricca tradizione e lo spirito moderno del nostro territorio. Con il motto \u201c<em>Dove la vita moderna incontra la tradizione<\/em>\u201d, Castelliere &#8211; Santa Domenica cresce come una destinazione istriana riconoscibile \u2013 un luogo in cui cultura, agricoltura e turismo si intrecciano nel caldo e armonioso ritmo della vita istriana.<\/p>\n\n\n\n<figure class=\"wp-block-gallery has-nested-images columns-default is-cropped wp-block-gallery-3 is-layout-flex wp-block-gallery-is-layout-flex\">\n<figure class=\"wp-block-image size-large\"><img loading=\"lazy\" decoding=\"async\" width=\"1024\" height=\"768\" data-id=\"16265\" src=\"https:\/\/kastelir-labinci.com\/wp-content\/uploads\/2025\/11\/FOTKE-WEB_ZA-VIZUAL--1024x768.jpg\" alt=\"\" class=\"wp-image-16265\" srcset=\"https:\/\/kastelir-labinci.com\/wp-content\/uploads\/2025\/11\/FOTKE-WEB_ZA-VIZUAL--1024x768.jpg 1024w, https:\/\/kastelir-labinci.com\/wp-content\/uploads\/2025\/11\/FOTKE-WEB_ZA-VIZUAL--300x225.jpg 300w, https:\/\/kastelir-labinci.com\/wp-content\/uploads\/2025\/11\/FOTKE-WEB_ZA-VIZUAL--768x576.jpg 768w, https:\/\/kastelir-labinci.com\/wp-content\/uploads\/2025\/11\/FOTKE-WEB_ZA-VIZUAL--1536x1152.jpg 1536w, https:\/\/kastelir-labinci.com\/wp-content\/uploads\/2025\/11\/FOTKE-WEB_ZA-VIZUAL--2048x1536.jpg 2048w, https:\/\/kastelir-labinci.com\/wp-content\/uploads\/2025\/11\/FOTKE-WEB_ZA-VIZUAL--640x480.jpg 640w, https:\/\/kastelir-labinci.com\/wp-content\/uploads\/2025\/11\/FOTKE-WEB_ZA-VIZUAL--480x360.jpg 480w\" sizes=\"(max-width: 1024px) 100vw, 1024px\" \/><figcaption class=\"wp-element-caption\">default<\/figcaption><\/figure>\n<\/figure>\n","protected":false},"excerpt":{"rendered":"<p>Il Comune di Ka\u0161telir &#8211; Labinci \u2013 Castelliere &#8211; Santa Domenica si trova nel nord-ovest dell\u2019Istria, a soli 10 chilometri da Parenzo. Si estende su una superficie di 32 km\u00b2 [&hellip;]<\/p>\n","protected":false},"author":1,"featured_media":0,"parent":0,"menu_order":0,"comment_status":"closed","ping_status":"closed","template":"","meta":{"_citadela_hide_page_title":"0","_citadela_remove_header_space":"0","_citadela_custom_class":"","_citadela_half_map_provider":"","_citadela_half_map_theme":"","_citadela_half_map_themeOSM":"","_citadela_half_map_customTheme":"","_citadela_half_map_dataType":"","_citadela_half_map_dynamicTrack":false,"_citadela_half_map_trackColor":"","_citadela_half_map_trackEndpointsColor":"","_citadela_half_map_filterCategory":"","_citadela_half_map_filterLocation":"","_citadela_half_map_filterFeatured":false,"_citadela_half_map_noDataBehavior":"empty-map","_citadela_half_map_noDataText":"","_citadela_half_map_clusterGridSize":80,"_citadela_header":false,"_citadela_header_over_content":false,"_citadela_header_text_color":"","_citadela_header_logo":[],"_citadela_header_bg_image":[],"_citadela_header_bg_position":{"x":0.5,"y":0.5},"_citadela_header_bg_size":"cover","_citadela_header_bg_repeat":"no-repeat","_citadela_header_bg_fixed":false,"_citadela_header_bg_color":"","_citadela_header_bg_image_overlay":"","_citadela_header_transparent_bg":false,"_citadela_content_width":"","_citadela_half_layout_position":"","footnotes":""},"class_list":["post-5332","page","type-page","status-publish","hentry"],"yoast_head":"<!-- This site is optimized with the Yoast SEO plugin v25.2 - https:\/\/yoast.com\/wordpress\/plugins\/seo\/ -->\n<title>Chi siamo - Together in<\/title>\n<meta name=\"description\" content=\"Together in Ka\u0161telir Labinci\" \/>\n<meta name=\"robots\" content=\"index, follow, max-snippet:-1, max-image-preview:large, max-video-preview:-1\" \/>\n<link rel=\"canonical\" href=\"https:\/\/kastelir-labinci.com\/it\/chi-siamo\/\" \/>\n<meta property=\"og:locale\" content=\"it_IT\" \/>\n<meta property=\"og:type\" content=\"article\" \/>\n<meta property=\"og:title\" content=\"Chi siamo - Together in\" \/>\n<meta property=\"og:description\" content=\"Together in Ka\u0161telir Labinci\" \/>\n<meta property=\"og:url\" content=\"https:\/\/kastelir-labinci.com\/it\/chi-siamo\/\" \/>\n<meta property=\"og:site_name\" content=\"Together in\" \/>\n<meta property=\"article:modified_time\" content=\"2025-11-14T09:11:08+00:00\" \/>\n<meta property=\"og:image\" content=\"https:\/\/kastelir-labinci.com\/wp-content\/uploads\/2025\/11\/FOTKE-WEB_DJI_20250603140840_0193_D-scaled.jpg\" \/>\n\t<meta property=\"og:image:width\" content=\"2560\" \/>\n\t<meta property=\"og:image:height\" content=\"1920\" \/>\n\t<meta property=\"og:image:type\" content=\"image\/jpeg\" \/>\n<meta name=\"twitter:card\" content=\"summary_large_image\" \/>\n<meta name=\"twitter:label1\" content=\"Tempo di lettura stimato\" \/>\n\t<meta name=\"twitter:data1\" content=\"4 minuti\" \/>\n<script type=\"application\/ld+json\" class=\"yoast-schema-graph\">{\"@context\":\"https:\/\/schema.org\",\"@graph\":[{\"@type\":\"WebPage\",\"@id\":\"https:\/\/kastelir-labinci.com\/it\/chi-siamo\/\",\"url\":\"https:\/\/kastelir-labinci.com\/it\/chi-siamo\/\",\"name\":\"Chi siamo - Together in\",\"isPartOf\":{\"@id\":\"https:\/\/kastelir-labinci.com\/it\/#website\"},\"primaryImageOfPage\":{\"@id\":\"https:\/\/kastelir-labinci.com\/it\/chi-siamo\/#primaryimage\"},\"image\":{\"@id\":\"https:\/\/kastelir-labinci.com\/it\/chi-siamo\/#primaryimage\"},\"thumbnailUrl\":\"https:\/\/kastelir-labinci.com\/wp-content\/uploads\/2025\/11\/FOTKE-WEB_DJI_20250603140840_0193_D-1024x768.jpg\",\"datePublished\":\"2021-04-21T21:12:03+00:00\",\"dateModified\":\"2025-11-14T09:11:08+00:00\",\"description\":\"Together in Ka\u0161telir Labinci\",\"breadcrumb\":{\"@id\":\"https:\/\/kastelir-labinci.com\/it\/chi-siamo\/#breadcrumb\"},\"inLanguage\":\"it-IT\",\"potentialAction\":[{\"@type\":\"ReadAction\",\"target\":[\"https:\/\/kastelir-labinci.com\/it\/chi-siamo\/\"]}]},{\"@type\":\"ImageObject\",\"inLanguage\":\"it-IT\",\"@id\":\"https:\/\/kastelir-labinci.com\/it\/chi-siamo\/#primaryimage\",\"url\":\"https:\/\/kastelir-labinci.com\/wp-content\/uploads\/2025\/11\/FOTKE-WEB_DJI_20250603140840_0193_D-1024x768.jpg\",\"contentUrl\":\"https:\/\/kastelir-labinci.com\/wp-content\/uploads\/2025\/11\/FOTKE-WEB_DJI_20250603140840_0193_D-1024x768.jpg\"},{\"@type\":\"BreadcrumbList\",\"@id\":\"https:\/\/kastelir-labinci.com\/it\/chi-siamo\/#breadcrumb\",\"itemListElement\":[{\"@type\":\"ListItem\",\"position\":1,\"name\":\"Home\",\"item\":\"https:\/\/kastelir-labinci.com\/it\/\"},{\"@type\":\"ListItem\",\"position\":2,\"name\":\"Chi siamo\"}]},{\"@type\":\"WebSite\",\"@id\":\"https:\/\/kastelir-labinci.com\/it\/#website\",\"url\":\"https:\/\/kastelir-labinci.com\/it\/\",\"name\":\"Together in\",\"description\":\"- Ka\u0161telir-Labinci\",\"publisher\":{\"@id\":\"https:\/\/kastelir-labinci.com\/it\/#organization\"},\"potentialAction\":[{\"@type\":\"SearchAction\",\"target\":{\"@type\":\"EntryPoint\",\"urlTemplate\":\"https:\/\/kastelir-labinci.com\/it\/?s={search_term_string}\"},\"query-input\":{\"@type\":\"PropertyValueSpecification\",\"valueRequired\":true,\"valueName\":\"search_term_string\"}}],\"inLanguage\":\"it-IT\"},{\"@type\":\"Organization\",\"@id\":\"https:\/\/kastelir-labinci.com\/it\/#organization\",\"name\":\"TOGETHER IN Ka\u0161telir - Labinci, turisti\u010dka zajednica\",\"url\":\"https:\/\/kastelir-labinci.com\/it\/\",\"logo\":{\"@type\":\"ImageObject\",\"inLanguage\":\"it-IT\",\"@id\":\"https:\/\/kastelir-labinci.com\/it\/#\/schema\/logo\/image\/\",\"url\":\"https:\/\/kastelir-labinci.com\/wp-content\/uploads\/2020\/08\/logotip-3.png\",\"contentUrl\":\"https:\/\/kastelir-labinci.com\/wp-content\/uploads\/2020\/08\/logotip-3.png\",\"width\":512,\"height\":326,\"caption\":\"TOGETHER IN Ka\u0161telir - Labinci, turisti\u010dka zajednica\"},\"image\":{\"@id\":\"https:\/\/kastelir-labinci.com\/it\/#\/schema\/logo\/image\/\"}}]}<\/script>\n<!-- \/ Yoast SEO plugin. -->","yoast_head_json":{"title":"Chi siamo - Together in","description":"Together in Ka\u0161telir Labinci","robots":{"index":"index","follow":"follow","max-snippet":"max-snippet:-1","max-image-preview":"max-image-preview:large","max-video-preview":"max-video-preview:-1"},"canonical":"https:\/\/kastelir-labinci.com\/it\/chi-siamo\/","og_locale":"it_IT","og_type":"article","og_title":"Chi siamo - Together in","og_description":"Together in Ka\u0161telir Labinci","og_url":"https:\/\/kastelir-labinci.com\/it\/chi-siamo\/","og_site_name":"Together in","article_modified_time":"2025-11-14T09:11:08+00:00","og_image":[{"width":2560,"height":1920,"url":"https:\/\/kastelir-labinci.com\/wp-content\/uploads\/2025\/11\/FOTKE-WEB_DJI_20250603140840_0193_D-scaled.jpg","type":"image\/jpeg"}],"twitter_card":"summary_large_image","twitter_misc":{"Tempo di lettura stimato":"4 minuti"},"schema":{"@context":"https:\/\/schema.org","@graph":[{"@type":"WebPage","@id":"https:\/\/kastelir-labinci.com\/it\/chi-siamo\/","url":"https:\/\/kastelir-labinci.com\/it\/chi-siamo\/","name":"Chi siamo - Together in","isPartOf":{"@id":"https:\/\/kastelir-labinci.com\/it\/#website"},"primaryImageOfPage":{"@id":"https:\/\/kastelir-labinci.com\/it\/chi-siamo\/#primaryimage"},"image":{"@id":"https:\/\/kastelir-labinci.com\/it\/chi-siamo\/#primaryimage"},"thumbnailUrl":"https:\/\/kastelir-labinci.com\/wp-content\/uploads\/2025\/11\/FOTKE-WEB_DJI_20250603140840_0193_D-1024x768.jpg","datePublished":"2021-04-21T21:12:03+00:00","dateModified":"2025-11-14T09:11:08+00:00","description":"Together in Ka\u0161telir Labinci","breadcrumb":{"@id":"https:\/\/kastelir-labinci.com\/it\/chi-siamo\/#breadcrumb"},"inLanguage":"it-IT","potentialAction":[{"@type":"ReadAction","target":["https:\/\/kastelir-labinci.com\/it\/chi-siamo\/"]}]},{"@type":"ImageObject","inLanguage":"it-IT","@id":"https:\/\/kastelir-labinci.com\/it\/chi-siamo\/#primaryimage","url":"https:\/\/kastelir-labinci.com\/wp-content\/uploads\/2025\/11\/FOTKE-WEB_DJI_20250603140840_0193_D-1024x768.jpg","contentUrl":"https:\/\/kastelir-labinci.com\/wp-content\/uploads\/2025\/11\/FOTKE-WEB_DJI_20250603140840_0193_D-1024x768.jpg"},{"@type":"BreadcrumbList","@id":"https:\/\/kastelir-labinci.com\/it\/chi-siamo\/#breadcrumb","itemListElement":[{"@type":"ListItem","position":1,"name":"Home","item":"https:\/\/kastelir-labinci.com\/it\/"},{"@type":"ListItem","position":2,"name":"Chi siamo"}]},{"@type":"WebSite","@id":"https:\/\/kastelir-labinci.com\/it\/#website","url":"https:\/\/kastelir-labinci.com\/it\/","name":"Together in","description":"- Ka\u0161telir-Labinci","publisher":{"@id":"https:\/\/kastelir-labinci.com\/it\/#organization"},"potentialAction":[{"@type":"SearchAction","target":{"@type":"EntryPoint","urlTemplate":"https:\/\/kastelir-labinci.com\/it\/?s={search_term_string}"},"query-input":{"@type":"PropertyValueSpecification","valueRequired":true,"valueName":"search_term_string"}}],"inLanguage":"it-IT"},{"@type":"Organization","@id":"https:\/\/kastelir-labinci.com\/it\/#organization","name":"TOGETHER IN Ka\u0161telir - Labinci, turisti\u010dka zajednica","url":"https:\/\/kastelir-labinci.com\/it\/","logo":{"@type":"ImageObject","inLanguage":"it-IT","@id":"https:\/\/kastelir-labinci.com\/it\/#\/schema\/logo\/image\/","url":"https:\/\/kastelir-labinci.com\/wp-content\/uploads\/2020\/08\/logotip-3.png","contentUrl":"https:\/\/kastelir-labinci.com\/wp-content\/uploads\/2020\/08\/logotip-3.png","width":512,"height":326,"caption":"TOGETHER IN Ka\u0161telir - Labinci, turisti\u010dka zajednica"},"image":{"@id":"https:\/\/kastelir-labinci.com\/it\/#\/schema\/logo\/image\/"}}]}},"_links":{"self":[{"href":"https:\/\/kastelir-labinci.com\/it\/wp-json\/wp\/v2\/pages\/5332"}],"collection":[{"href":"https:\/\/kastelir-labinci.com\/it\/wp-json\/wp\/v2\/pages"}],"about":[{"href":"https:\/\/kastelir-labinci.com\/it\/wp-json\/wp\/v2\/types\/page"}],"author":[{"embeddable":true,"href":"https:\/\/kastelir-labinci.com\/it\/wp-json\/wp\/v2\/users\/1"}],"replies":[{"embeddable":true,"href":"https:\/\/kastelir-labinci.com\/it\/wp-json\/wp\/v2\/comments?post=5332"}],"version-history":[{"count":8,"href":"https:\/\/kastelir-labinci.com\/it\/wp-json\/wp\/v2\/pages\/5332\/revisions"}],"predecessor-version":[{"id":16336,"href":"https:\/\/kastelir-labinci.com\/it\/wp-json\/wp\/v2\/pages\/5332\/revisions\/16336"}],"wp:attachment":[{"href":"https:\/\/kastelir-labinci.com\/it\/wp-json\/wp\/v2\/media?parent=5332"}],"curies":[{"name":"wp","href":"https:\/\/api.w.org\/{rel}","templated":true}]}}