{"id":5342,"date":"2020-08-16T16:09:07","date_gmt":"2020-08-16T16:09:07","guid":{"rendered":"https:\/\/kastelir-labinci.com\/izjava-o-koristenju-kolacica\/"},"modified":"2021-07-27T13:12:32","modified_gmt":"2021-07-27T13:12:32","slug":"izjava-o-koristenju-kolacica","status":"publish","type":"page","link":"https:\/\/kastelir-labinci.com\/it\/izjava-o-koristenju-kolacica\/","title":{"rendered":"Izjava o kori\u0161tenju Kola\u010di\u0107a"},"content":{"rendered":"\n<p><strong>Kori\u0161tenje \u201ekola\u010di\u0107a\u201c (cookies)<\/strong><br>Web stranice  koriste tzv. kola\u010di\u0107e (eng. \u2018cookies\u2019) kako bi se korisniku mogla pru\u017eiti usluga s potpunim funkcionalnostima i \u0161to kvalitetnijim sadr\u017eajem. Kola\u010di\u0107i predstavljaju skup podataka koje generira poslu\u017eitelj web stranica i koje web preglednik sprema na disk korisnika u obliku male tekstualne datoteke.Na\u0161im korisnicima stalno nastojimo pru\u017eiti najbolje mogu\u0107e korisni\u010dko iskustvo pa je potrebno napomenuti da na\u0161e Internet stranice rade optimalno samo ako su kola\u010di\u0107i omogu\u0107eni. Da bi \u201ekola\u010di\u0107e\u201c mogli koristiti sukladno Zakonu o elektroni\u010dkim komunikacijama, Zakonu o za\u0161titi osobnih podataka i Direktivama EU treba nam va\u0161a privola. Kori\u0161tenjem ove Internet stranice dajete privolu i pristajete na uporabu kola\u010di\u0107a. Blokiranjem kola\u010di\u0107a i dalje mo\u017eete pregledavati stranicu, no neke njezine mogu\u0107nosti Vam ne\u0107e biti dostupne.Tokom pregledavanja stvara se i sesijski kola\u010di\u0107 koji se postavlja na ra\u010dunalo korisnika web stranica www.kastelir-labinci.com samo za vrijeme trajanja posjete te se korisniku na taj na\u010din omogu\u0107uje da se u\u010dinkovitije slu\u017ei web stranicama www.kastelir-labinci.com i automatski istje\u010de kada zatvori svoj preglednik. Dodatne informacije, poput Va\u0161eg imena ili e-mail adrese ne\u0107e biti spremljene \u2013 web stranice ne mogu dobiti pristup informacijama koje im Vi niste dali i ne mogu pristupiti drugim datotekama na Va\u0161em ra\u010dunalu.<\/p>\n\n\n\n<p><strong>Kola\u010di\u0107i vanjskih servisa<\/strong><br>Turisti\u010dka zajednica op\u0107ine Ka\u0161telir \u2013 Labincina svojim internetskim stranicama koristi vlastite kola\u010di\u0107e, a istovremeno omogu\u0107uje odabranim tre\u0107im stranama da na korisnikovo ra\u010dunalo instaliraju svoje kola\u010di\u0107e. Korisnik kori\u0161tenjem Internet stranice daje suglasnost za upotrebu kola\u010di\u0107a i vanjskim servisima. Primjer vanjskog servisa koji slu\u017ei za statisti\u010dku posje\u0107enost radi dobivanja informacije o uspje\u0161nosti stranica na tr\u017ei\u0161tu je Google Analytics. Detaljne informacije dostupne su na: Google analytics.<br><\/p>\n\n\n\n<p><strong>Kako onemogu\u0107iti kola\u010di\u0107e?<\/strong><br>Isklju\u010divanjem kola\u010di\u0107a odlu\u010dujete ho\u0107ete li dopustiti pohranjivanje kola\u010di\u0107a na va\u0161em ra\u010dunalu. Postavke za kola\u010di\u0107e mogu se kontrolirati i konfigurirati u va\u0161em Internet pregledniku.Ovla\u0161teni ste zabraniti primanje kola\u010di\u0107a tako da u izborniku Alati\/Opcije (Tools\/Options) u svom pregledniku izaberete tu mogu\u0107nost. Turisti\u010dka zajednica op\u0107ine Ka\u0161telir \u2013 Labinciisklju\u010duje svaku odgovornost za bilo kakav gubitak funkcionalnosti i\/ili kvalitete sadr\u017eaja web stranica www.tz-kastelirlabinci.hr u svim slu\u010dajevima odabira regulacije primanja kola\u010di\u0107a od strane korisnika. Smatra se da su korisnici u svakom trenutku upoznati i suglasni s ovim uvjetima kori\u0161tenja i mogu\u0107nostima u vezi s kola\u010di\u0107ima.<\/p>\n\n\n\n<p>Turisti\u010dke zajednice op\u0107ine Ka\u0161telir \u2013 Labinci<br>Turisti\u010dki informativni centar<\/p>\n\n\n\n<p>Mob: 098 952 43 13<br>Tel: 00365 52 463 140<br>Fax: 00365 52 463 140<\/p>\n\n\n\n<p>E-mail: <a href=\"mailto:info@tz-kastelirlabinci.hr\">info@tz-kastelirlabinci.hr<\/a><\/p>\n\n\n\n<p>Kori\u0161tenjem stranice  korisnik daje pristanak za postupanje s osobnim podacima na naprijed navedeni na\u010din.<\/p>\n","protected":false},"excerpt":{"rendered":"<p>Kori\u0161tenje \u201ekola\u010di\u0107a\u201c (cookies)Web stranice koriste tzv. kola\u010di\u0107e (eng. \u2018cookies\u2019) kako bi se korisniku mogla pru\u017eiti usluga s potpunim funkcionalnostima i \u0161to kvalitetnijim sadr\u017eajem. Kola\u010di\u0107i predstavljaju skup podataka koje generira poslu\u017eitelj [&hellip;]<\/p>\n","protected":false},"author":1,"featured_media":0,"parent":0,"menu_order":0,"comment_status":"closed","ping_status":"open","template":"","meta":{"_citadela_hide_page_title":"","_citadela_remove_header_space":"","_citadela_custom_class":"","_citadela_half_map_provider":"","_citadela_half_map_theme":"","_citadela_half_map_themeOSM":"","_citadela_half_map_customTheme":"","_citadela_half_map_dataType":"","_citadela_half_map_dynamicTrack":false,"_citadela_half_map_trackColor":"","_citadela_half_map_trackEndpointsColor":"","_citadela_half_map_filterCategory":"","_citadela_half_map_filterLocation":"","_citadela_half_map_filterFeatured":false,"_citadela_half_map_noDataBehavior":"empty-map","_citadela_half_map_noDataText":"","_citadela_half_map_clusterGridSize":80,"_citadela_header":false,"_citadela_header_over_content":false,"_citadela_header_text_color":"","_citadela_header_logo":[],"_citadela_header_bg_image":[],"_citadela_header_bg_position":[],"_citadela_header_bg_size":"","_citadela_header_bg_repeat":"","_citadela_header_bg_fixed":false,"_citadela_header_bg_color":"","_citadela_header_bg_image_overlay":"","_citadela_header_transparent_bg":false,"_citadela_content_width":"","_citadela_half_layout_position":"","footnotes":""},"class_list":["post-5342","page","type-page","status-publish","hentry"],"yoast_head":"<!-- This site is optimized with the Yoast SEO plugin v25.2 - https:\/\/yoast.com\/wordpress\/plugins\/seo\/ -->\n<title>Izjava o kori\u0161tenju Kola\u010di\u0107a - Together in<\/title>\n<meta name=\"description\" content=\"Together in Ka\u0161telir Labinci\" \/>\n<meta name=\"robots\" content=\"index, follow, max-snippet:-1, max-image-preview:large, max-video-preview:-1\" \/>\n<link rel=\"canonical\" href=\"https:\/\/kastelir-labinci.com\/it\/izjava-o-koristenju-kolacica\/\" \/>\n<meta property=\"og:locale\" content=\"it_IT\" \/>\n<meta property=\"og:type\" content=\"article\" \/>\n<meta property=\"og:title\" content=\"Izjava o kori\u0161tenju Kola\u010di\u0107a - Together in\" \/>\n<meta property=\"og:description\" content=\"Together in Ka\u0161telir Labinci\" \/>\n<meta property=\"og:url\" content=\"https:\/\/kastelir-labinci.com\/it\/izjava-o-koristenju-kolacica\/\" \/>\n<meta property=\"og:site_name\" content=\"Together in\" \/>\n<meta property=\"article:modified_time\" content=\"2021-07-27T13:12:32+00:00\" \/>\n<meta name=\"twitter:card\" content=\"summary_large_image\" \/>\n<meta name=\"twitter:label1\" content=\"Tempo di lettura stimato\" \/>\n\t<meta name=\"twitter:data1\" content=\"2 minuti\" \/>\n<script type=\"application\/ld+json\" class=\"yoast-schema-graph\">{\"@context\":\"https:\/\/schema.org\",\"@graph\":[{\"@type\":\"WebPage\",\"@id\":\"https:\/\/kastelir-labinci.com\/it\/izjava-o-koristenju-kolacica\/\",\"url\":\"https:\/\/kastelir-labinci.com\/it\/izjava-o-koristenju-kolacica\/\",\"name\":\"Izjava o kori\u0161tenju Kola\u010di\u0107a - Together in\",\"isPartOf\":{\"@id\":\"https:\/\/kastelir-labinci.com\/it\/#website\"},\"datePublished\":\"2020-08-16T16:09:07+00:00\",\"dateModified\":\"2021-07-27T13:12:32+00:00\",\"description\":\"Together in Ka\u0161telir Labinci\",\"breadcrumb\":{\"@id\":\"https:\/\/kastelir-labinci.com\/it\/izjava-o-koristenju-kolacica\/#breadcrumb\"},\"inLanguage\":\"it-IT\",\"potentialAction\":[{\"@type\":\"ReadAction\",\"target\":[\"https:\/\/kastelir-labinci.com\/it\/izjava-o-koristenju-kolacica\/\"]}]},{\"@type\":\"BreadcrumbList\",\"@id\":\"https:\/\/kastelir-labinci.com\/it\/izjava-o-koristenju-kolacica\/#breadcrumb\",\"itemListElement\":[{\"@type\":\"ListItem\",\"position\":1,\"name\":\"Home\",\"item\":\"https:\/\/kastelir-labinci.com\/it\/\"},{\"@type\":\"ListItem\",\"position\":2,\"name\":\"Izjava o kori\u0161tenju Kola\u010di\u0107a\"}]},{\"@type\":\"WebSite\",\"@id\":\"https:\/\/kastelir-labinci.com\/it\/#website\",\"url\":\"https:\/\/kastelir-labinci.com\/it\/\",\"name\":\"Together in\",\"description\":\"- Ka\u0161telir-Labinci\",\"publisher\":{\"@id\":\"https:\/\/kastelir-labinci.com\/it\/#organization\"},\"potentialAction\":[{\"@type\":\"SearchAction\",\"target\":{\"@type\":\"EntryPoint\",\"urlTemplate\":\"https:\/\/kastelir-labinci.com\/it\/?s={search_term_string}\"},\"query-input\":{\"@type\":\"PropertyValueSpecification\",\"valueRequired\":true,\"valueName\":\"search_term_string\"}}],\"inLanguage\":\"it-IT\"},{\"@type\":\"Organization\",\"@id\":\"https:\/\/kastelir-labinci.com\/it\/#organization\",\"name\":\"TOGETHER IN Ka\u0161telir - Labinci, turisti\u010dka zajednica\",\"url\":\"https:\/\/kastelir-labinci.com\/it\/\",\"logo\":{\"@type\":\"ImageObject\",\"inLanguage\":\"it-IT\",\"@id\":\"https:\/\/kastelir-labinci.com\/it\/#\/schema\/logo\/image\/\",\"url\":\"https:\/\/kastelir-labinci.com\/wp-content\/uploads\/2020\/08\/logotip-3.png\",\"contentUrl\":\"https:\/\/kastelir-labinci.com\/wp-content\/uploads\/2020\/08\/logotip-3.png\",\"width\":512,\"height\":326,\"caption\":\"TOGETHER IN Ka\u0161telir - Labinci, turisti\u010dka zajednica\"},\"image\":{\"@id\":\"https:\/\/kastelir-labinci.com\/it\/#\/schema\/logo\/image\/\"}}]}<\/script>\n<!-- \/ Yoast SEO plugin. -->","yoast_head_json":{"title":"Izjava o kori\u0161tenju Kola\u010di\u0107a - Together in","description":"Together in Ka\u0161telir Labinci","robots":{"index":"index","follow":"follow","max-snippet":"max-snippet:-1","max-image-preview":"max-image-preview:large","max-video-preview":"max-video-preview:-1"},"canonical":"https:\/\/kastelir-labinci.com\/it\/izjava-o-koristenju-kolacica\/","og_locale":"it_IT","og_type":"article","og_title":"Izjava o kori\u0161tenju Kola\u010di\u0107a - Together in","og_description":"Together in Ka\u0161telir Labinci","og_url":"https:\/\/kastelir-labinci.com\/it\/izjava-o-koristenju-kolacica\/","og_site_name":"Together in","article_modified_time":"2021-07-27T13:12:32+00:00","twitter_card":"summary_large_image","twitter_misc":{"Tempo di lettura stimato":"2 minuti"},"schema":{"@context":"https:\/\/schema.org","@graph":[{"@type":"WebPage","@id":"https:\/\/kastelir-labinci.com\/it\/izjava-o-koristenju-kolacica\/","url":"https:\/\/kastelir-labinci.com\/it\/izjava-o-koristenju-kolacica\/","name":"Izjava o kori\u0161tenju Kola\u010di\u0107a - Together in","isPartOf":{"@id":"https:\/\/kastelir-labinci.com\/it\/#website"},"datePublished":"2020-08-16T16:09:07+00:00","dateModified":"2021-07-27T13:12:32+00:00","description":"Together in Ka\u0161telir Labinci","breadcrumb":{"@id":"https:\/\/kastelir-labinci.com\/it\/izjava-o-koristenju-kolacica\/#breadcrumb"},"inLanguage":"it-IT","potentialAction":[{"@type":"ReadAction","target":["https:\/\/kastelir-labinci.com\/it\/izjava-o-koristenju-kolacica\/"]}]},{"@type":"BreadcrumbList","@id":"https:\/\/kastelir-labinci.com\/it\/izjava-o-koristenju-kolacica\/#breadcrumb","itemListElement":[{"@type":"ListItem","position":1,"name":"Home","item":"https:\/\/kastelir-labinci.com\/it\/"},{"@type":"ListItem","position":2,"name":"Izjava o kori\u0161tenju Kola\u010di\u0107a"}]},{"@type":"WebSite","@id":"https:\/\/kastelir-labinci.com\/it\/#website","url":"https:\/\/kastelir-labinci.com\/it\/","name":"Together in","description":"- Ka\u0161telir-Labinci","publisher":{"@id":"https:\/\/kastelir-labinci.com\/it\/#organization"},"potentialAction":[{"@type":"SearchAction","target":{"@type":"EntryPoint","urlTemplate":"https:\/\/kastelir-labinci.com\/it\/?s={search_term_string}"},"query-input":{"@type":"PropertyValueSpecification","valueRequired":true,"valueName":"search_term_string"}}],"inLanguage":"it-IT"},{"@type":"Organization","@id":"https:\/\/kastelir-labinci.com\/it\/#organization","name":"TOGETHER IN Ka\u0161telir - Labinci, turisti\u010dka zajednica","url":"https:\/\/kastelir-labinci.com\/it\/","logo":{"@type":"ImageObject","inLanguage":"it-IT","@id":"https:\/\/kastelir-labinci.com\/it\/#\/schema\/logo\/image\/","url":"https:\/\/kastelir-labinci.com\/wp-content\/uploads\/2020\/08\/logotip-3.png","contentUrl":"https:\/\/kastelir-labinci.com\/wp-content\/uploads\/2020\/08\/logotip-3.png","width":512,"height":326,"caption":"TOGETHER IN Ka\u0161telir - Labinci, turisti\u010dka zajednica"},"image":{"@id":"https:\/\/kastelir-labinci.com\/it\/#\/schema\/logo\/image\/"}}]}},"_links":{"self":[{"href":"https:\/\/kastelir-labinci.com\/it\/wp-json\/wp\/v2\/pages\/5342"}],"collection":[{"href":"https:\/\/kastelir-labinci.com\/it\/wp-json\/wp\/v2\/pages"}],"about":[{"href":"https:\/\/kastelir-labinci.com\/it\/wp-json\/wp\/v2\/types\/page"}],"author":[{"embeddable":true,"href":"https:\/\/kastelir-labinci.com\/it\/wp-json\/wp\/v2\/users\/1"}],"replies":[{"embeddable":true,"href":"https:\/\/kastelir-labinci.com\/it\/wp-json\/wp\/v2\/comments?post=5342"}],"version-history":[{"count":1,"href":"https:\/\/kastelir-labinci.com\/it\/wp-json\/wp\/v2\/pages\/5342\/revisions"}],"predecessor-version":[{"id":5346,"href":"https:\/\/kastelir-labinci.com\/it\/wp-json\/wp\/v2\/pages\/5342\/revisions\/5346"}],"wp:attachment":[{"href":"https:\/\/kastelir-labinci.com\/it\/wp-json\/wp\/v2\/media?parent=5342"}],"curies":[{"name":"wp","href":"https:\/\/api.w.org\/{rel}","templated":true}]}}