{"id":5387,"date":"2020-06-01T14:36:39","date_gmt":"2020-06-01T14:36:39","guid":{"rendered":"https:\/\/kastelir-labinci.com\/home\/"},"modified":"2021-08-15T21:19:16","modified_gmt":"2021-08-15T21:19:16","slug":"home","status":"publish","type":"page","link":"https:\/\/kastelir-labinci.com\/it\/","title":{"rendered":"Together in"},"content":{"rendered":"\n<div class=\"wp-block-citadela-blocks-spacer citadela-block-spacer\"><div class=\"inner-holder\" style=\"padding-top:150px\"><\/div><\/div>\n\n\n\n<div class=\"wp-block-citadela-blocks-custom-container citadela-block-custom-container size-wide bg-type-color inside-space-none has-bg has-min-height vertical-align-top\" style=\"min-height:65vh;background-color:rgba(246, 246, 246, 1)\"><div class=\"inner-holder\">\n<div class=\"wp-block-columns is-layout-flex wp-container-core-columns-is-layout-1 wp-block-columns-is-layout-flex\">\n<div class=\"wp-block-column is-vertically-aligned-bottom is-layout-flow wp-block-column-is-layout-flow\" style=\"flex-basis:90%\">\n<div class=\"wp-block-citadela-blocks-spacer citadela-block-spacer responsive-options loading\" data-block-attr=\"{&quot;desktop&quot;:{&quot;height&quot;:&quot;5px&quot;},&quot;mobile&quot;:{&quot;height&quot;:&quot;50px&quot;}}\" data-block-mobile-breakpoint=\"600\"><div class=\"inner-holder\" style=\"padding-top:5px\"><\/div><\/div>\n\n\n         <div \r\n            class=\"citadela-block-responsive-text align-center\"\r\n                                 >\r\n            <h1 class=\"inner-tag\" style=\"font-size: 40px;\"><span style=\"color:#9bb93c\" class=\"has-inline-color\">TOGETHER IN Ka\u0161telir &#8211; dove la vita moderna incontra la tradizione<\/span> <span style=\"color:#f25353\" class=\"has-inline-color\"><\/span><\/h1>         <\/div>\r\n      <\/div>\n\n\n\n<div class=\"wp-block-column is-vertically-aligned-bottom is-layout-flow wp-block-column-is-layout-flow\" style=\"flex-basis:10%\">         <div \r\n            class=\"citadela-block-responsive-text align-right responsive-options loading\"\r\n            data-block-mobile-attr=\"{&quot;desktop&quot;:{&quot;fontSize&quot;:&quot;7px&quot;,&quot;lineHeight&quot;:0.5},&quot;mobile&quot;:{&quot;fontSize&quot;:&quot;6px&quot;,&quot;lineHeight&quot;:0.5}}\"            data-block-mobile-breakpoint=\"600\"         >\r\n            <p class=\"inner-tag\" style=\"font-size: 7px; line-height: 0.5; letter-spacing: 0.02em;\">    <a href=\"https:\/\/www.instagram.com\/togetherin_kl\/\"><code><img loading=\"lazy\" decoding=\"async\" width=\"40\" height=\"40\" class=\"wp-image-2395\" style=\"width: 40px;\" src=\"https:\/\/kastelir-labinci.com\/wp-content\/uploads\/2021\/02\/instalogo-e1612560092411.png\" alt=\"\"><\/code><\/a><a href=\"https:\/\/www.facebook.com\/togetherinkl\"><img loading=\"lazy\" decoding=\"async\" width=\"40\" height=\"40\" class=\"wp-image-2390\" style=\"width: 40px;\" src=\"https:\/\/kastelir-labinci.com\/wp-content\/uploads\/2021\/02\/Facebook_Logo_2019-e1612559768526.png\" alt=\"\"><\/a>   <\/p>         <\/div>\r\n      <\/div>\n<\/div>\n\n\n\n<div class=\"alignwide\"><div id=\"metaslider-id-2469\" style=\"width: 100%; margin: 0 auto;\" class=\"ml-slider-3-105-0 metaslider metaslider-flex metaslider-2469 ml-slider has-dots-nav ms-theme-default\" role=\"region\" aria-label=\"Naslovna TOP\" data-height=\"700\" data-width=\"1400\">\n    <div id=\"metaslider_container_2469\">\n        <div id=\"metaslider_2469\" class=\"flexslider\">\n            <ul class='slides'>\n            <\/ul>\n        <\/div>\n        \n    <\/div>\n<\/div><\/div>\n\n\n        \r\n        <div class=\"wp-block-citadela-blocks ctdl-posts layout-box size-medium grid-type-1 border-none show-item-featured-image show-item-date show-item-description show-item-categories\">\r\n            \r\n<div class=\"citadela-block-articles\">\r\n    <div class=\"citadela-block-articles-wrap\">\r\n\r\n        \r\n    <\/div>\r\n<\/div>        <\/div>\r\n        \r\n        \n\n\n<div class=\"wp-block-citadela-blocks-spacer citadela-block-spacer\"><div class=\"inner-holder\" style=\"padding-top:1vw\"><\/div><\/div>\n\n\n\n<div class=\"wp-block-citadela-blocks-spacer citadela-block-spacer\"><div class=\"inner-holder\" style=\"padding-top:10px\"><\/div><\/div>\n\n\n\n<div class=\"wp-block-columns is-layout-flex wp-container-core-columns-is-layout-4 wp-block-columns-is-layout-flex\">\n<div class=\"wp-block-column is-layout-flow wp-block-column-is-layout-flow\">\n<div class=\"wp-block-columns is-layout-flex wp-container-core-columns-is-layout-2 wp-block-columns-is-layout-flex\">\n<div class=\"wp-block-column is-layout-flow wp-block-column-is-layout-flow\">\n<div class=\"wp-block-group\"><div class=\"wp-block-group__inner-container is-layout-flow wp-block-group-is-layout-flow\">\n<figure class=\"wp-block-image size-large is-resized\"><a href=\"https:\/\/kastelir-labinci.com\/it\/cat\/alloggio\/\"><img loading=\"lazy\" decoding=\"async\" src=\"https:\/\/kastelir-labinci.com\/wp-content\/uploads\/2021\/03\/Photo8-t.jpg\" alt=\"Imamo razne vrste smje\u0161taja, ali sve odreda udobne i gostoljubive\" class=\"wp-image-2684\" width=\"771\" height=\"957\" srcset=\"https:\/\/kastelir-labinci.com\/wp-content\/uploads\/2021\/03\/Photo8-t.jpg 771w, https:\/\/kastelir-labinci.com\/wp-content\/uploads\/2021\/03\/Photo8-t-242x300.jpg 242w, https:\/\/kastelir-labinci.com\/wp-content\/uploads\/2021\/03\/Photo8-t-768x953.jpg 768w\" sizes=\"(max-width: 771px) 100vw, 771px\" \/><\/a><\/figure>\n\n\n\n<div class=\"wp-block-citadela-blocks-spacer citadela-block-spacer negative-height\"><div class=\"inner-holder\" style=\"margin-top:-10px\"><\/div><\/div>\n\n\n\n<div class=\"wp-block-citadela-blocks-custom-container citadela-block-custom-container size-content bg-type-none inside-space-zero has-shadow\" style=\"box-shadow: 0px -8px 0px 0px rgba(241, 183, 82, 1)\"><div class=\"inner-holder\">\n<div class=\"wp-block-citadela-blocks-spacer citadela-block-spacer\"><div class=\"inner-holder\" style=\"padding-top:8px\"><\/div><\/div>\n\n\n\n<h4 class=\"wp-block-heading\"><a href=\"https:\/\/kastelir-labinci.com\/it\/cat\/alloggio\/\"><span style=\"color:#f79520\" class=\"has-inline-color\"><strong>ALLOGGIO<\/strong><\/span><\/a><\/h4>\n\n\n\n<div class=\"wp-block-citadela-blocks-spacer citadela-block-spacer\"><div class=\"inner-holder\" style=\"padding-top:15px\"><\/div><\/div>\n<\/div><\/div>\n<\/div><\/div>\n\n\n\n<p><\/p>\n<\/div>\n\n\n\n<div class=\"wp-block-column is-layout-flow wp-block-column-is-layout-flow\">\n<div class=\"wp-block-group\"><div class=\"wp-block-group__inner-container is-layout-flow wp-block-group-is-layout-flow\">\n<figure class=\"wp-block-image size-large is-resized\"><a href=\"https:\/\/kastelir-labinci.com\/it\/sapori\/\"><img loading=\"lazy\" decoding=\"async\" src=\"https:\/\/kastelir-labinci.com\/wp-content\/uploads\/2021\/03\/Photo7-t.jpg\" alt=\"Vinogradi su na\u0161e blago, pa u\u017eivajte u njihovoj ljepoti i vrhunskim\u00a0vinima lokalnih\u00a0vinara\" class=\"wp-image-2686\" width=\"770\" height=\"957\" srcset=\"https:\/\/kastelir-labinci.com\/wp-content\/uploads\/2021\/03\/Photo7-t.jpg 770w, https:\/\/kastelir-labinci.com\/wp-content\/uploads\/2021\/03\/Photo7-t-241x300.jpg 241w, https:\/\/kastelir-labinci.com\/wp-content\/uploads\/2021\/03\/Photo7-t-768x955.jpg 768w\" sizes=\"(max-width: 770px) 100vw, 770px\" \/><\/a><\/figure>\n\n\n\n<div class=\"wp-block-citadela-blocks-spacer citadela-block-spacer negative-height\"><div class=\"inner-holder\" style=\"margin-top:-10px\"><\/div><\/div>\n\n\n\n<div class=\"wp-block-citadela-blocks-custom-container citadela-block-custom-container size-content bg-type-none inside-space-zero has-shadow\" style=\"box-shadow: 0px -8px 0px 0px rgba(155, 185, 60, 1)\"><div class=\"inner-holder\">\n<div class=\"wp-block-citadela-blocks-spacer citadela-block-spacer\"><div class=\"inner-holder\" style=\"padding-top:8px\"><\/div><\/div>\n\n\n\n<h4 class=\"wp-block-heading\"><a href=\"https:\/\/kastelir-labinci.com\/it\/sapori\/\"><span style=\"color:#9bb93c\" class=\"has-inline-color\"><strong>SAPORI<\/strong><\/span><\/a><\/h4>\n\n\n\n<div class=\"wp-block-citadela-blocks-spacer citadela-block-spacer negative-height\"><div class=\"inner-holder\" style=\"margin-top:-7px\"><\/div><\/div>\n<\/div><\/div>\n<\/div><\/div>\n<\/div>\n<\/div>\n<\/div>\n\n\n\n<div class=\"wp-block-column is-layout-flow wp-block-column-is-layout-flow\">\n<div class=\"wp-block-columns is-layout-flex wp-container-core-columns-is-layout-3 wp-block-columns-is-layout-flex\">\n<div class=\"wp-block-column is-layout-flow wp-block-column-is-layout-flow\">\n<div class=\"wp-block-group\"><div class=\"wp-block-group__inner-container is-layout-flow wp-block-group-is-layout-flow\">\n<figure class=\"wp-block-image size-large is-resized\"><a href=\"https:\/\/kastelir-labinci.com\/it\/lesperienza\/\" rel=\"https:\/\/kastelir-labinci.com\/dozivljaj\/\"><img loading=\"lazy\" decoding=\"async\" src=\"https:\/\/kastelir-labinci.com\/wp-content\/uploads\/2021\/03\/Photo5-t.jpg\" alt=\"Kada obilazite magi\u010dno lijepu prirodu u okolici,\u00a0odmorite\u00a0se uz predivan\u00a0pogled\" class=\"wp-image-2688\" width=\"770\" height=\"957\" srcset=\"https:\/\/kastelir-labinci.com\/wp-content\/uploads\/2021\/03\/Photo5-t.jpg 770w, https:\/\/kastelir-labinci.com\/wp-content\/uploads\/2021\/03\/Photo5-t-241x300.jpg 241w, https:\/\/kastelir-labinci.com\/wp-content\/uploads\/2021\/03\/Photo5-t-768x955.jpg 768w\" sizes=\"(max-width: 770px) 100vw, 770px\" \/><\/a><\/figure>\n\n\n\n<div class=\"wp-block-citadela-blocks-spacer citadela-block-spacer negative-height\"><div class=\"inner-holder\" style=\"margin-top:-10px\"><\/div><\/div>\n\n\n\n<div class=\"wp-block-citadela-blocks-custom-container citadela-block-custom-container size-content bg-type-none inside-space-zero has-shadow\" style=\"box-shadow: 0px -8px 0px 0px rgba(247, 149, 32, 1)\"><div class=\"inner-holder\">\n<div class=\"wp-block-citadela-blocks-spacer citadela-block-spacer\"><div class=\"inner-holder\" style=\"padding-top:8px\"><\/div><\/div>\n\n\n\n<h4 class=\"wp-block-heading\"><a href=\"https:\/\/kastelir-labinci.com\/it\/lesperienza\"><span style=\"color:#f79520\" class=\"has-inline-color\"><strong>L&#8217;ESPERIENZA<\/strong><\/span><\/a><\/h4>\n\n\n\n<div class=\"wp-block-citadela-blocks-spacer citadela-block-spacer\"><div class=\"inner-holder\" style=\"padding-top:15px\"><\/div><\/div>\n<\/div><\/div>\n<\/div><\/div>\n<\/div>\n\n\n\n<div class=\"wp-block-column is-layout-flow wp-block-column-is-layout-flow\">\n<div class=\"wp-block-group\"><div class=\"wp-block-group__inner-container is-layout-flow wp-block-group-is-layout-flow\">\n<figure class=\"wp-block-image size-large\"><a href=\"https:\/\/kastelir-labinci.com\/it\/attivita\/\"><img loading=\"lazy\" decoding=\"async\" width=\"769\" height=\"957\" src=\"https:\/\/kastelir-labinci.com\/wp-content\/uploads\/2020\/08\/most-2.jpg\" alt=\"\" class=\"wp-image-2856\" srcset=\"https:\/\/kastelir-labinci.com\/wp-content\/uploads\/2020\/08\/most-2.jpg 769w, https:\/\/kastelir-labinci.com\/wp-content\/uploads\/2020\/08\/most-2-241x300.jpg 241w\" sizes=\"(max-width: 769px) 100vw, 769px\" \/><\/a><\/figure>\n\n\n\n<div class=\"wp-block-citadela-blocks-spacer citadela-block-spacer negative-height\"><div class=\"inner-holder\" style=\"margin-top:-10px\"><\/div><\/div>\n\n\n\n<div class=\"wp-block-citadela-blocks-custom-container citadela-block-custom-container size-content bg-type-none inside-space-zero has-shadow\" style=\"box-shadow: 0px -8px 0px 0px rgba(155, 185, 60, 1)\"><div class=\"inner-holder\">\n<div class=\"wp-block-citadela-blocks-spacer citadela-block-spacer\"><div class=\"inner-holder\" style=\"padding-top:8px\"><\/div><\/div>\n\n\n\n<h4 class=\"wp-block-heading\"><a href=\"https:\/\/kastelir-labinci.com\/it\/attivita\/\"><span style=\"color:#9bb93c\" class=\"has-inline-color\"><strong>A<strong>TTIVIT\u00c0<\/strong><\/strong><\/span><\/a><\/h4>\n\n\n\n<div class=\"wp-block-citadela-blocks-spacer citadela-block-spacer\"><div class=\"inner-holder\" style=\"padding-top:20px\"><\/div><\/div>\n<\/div><\/div>\n<\/div><\/div>\n<\/div>\n<\/div>\n<\/div>\n<\/div>\n<\/div><\/div>\n\n\n\n<div class=\"wp-block-citadela-blocks-spacer citadela-block-spacer\"><div class=\"inner-holder\" style=\"padding-top:0px\"><\/div><\/div>\n\n\n\n<div class=\"wp-block-citadela-blocks-custom-container citadela-block-custom-container responsive-options loading-image size-fullwidth bg-type-image inside-space-large bg-size-cover fixed-bg has-overlay has-min-height vertical-align-top\" style=\"min-height:80vh;background-image:url(http:\/\/kastelir-labinci.com\/wp-content\/uploads\/2020\/08\/ed-68.jpg);background-repeat:no-repeat\" data-block-attr=\"{&quot;backgroundImage&quot;:&quot;url(http:\/\/kastelir-labinci.com\/wp-content\/uploads\/2020\/06\/blank.png)&quot;}\" data-block-mobile-breakpoint=\"600\"><div class=\"bg-image-overlay\" style=\"opacity:0.5\"><\/div><div class=\"inner-holder\">\n<div class=\"wp-block-columns alignwide is-layout-flex wp-container-core-columns-is-layout-6 wp-block-columns-is-layout-flex\">\n<div class=\"wp-block-column is-vertically-aligned-center is-layout-flow wp-block-column-is-layout-flow\" style=\"flex-basis:100%\">\n<div class=\"wp-block-citadela-blocks-spacer citadela-block-spacer responsive-options loading hide-in-responsive\" data-block-attr=\"{&quot;desktop&quot;:{&quot;height&quot;:&quot;20px&quot;},&quot;mobile&quot;:{&quot;height&quot;:&quot;0px&quot;}}\" data-block-mobile-breakpoint=\"600\"><div class=\"inner-holder\" style=\"padding-top:20px\"><\/div><\/div>\n\n\n\n<div class=\"wp-block-columns is-layout-flex wp-container-core-columns-is-layout-5 wp-block-columns-is-layout-flex\">\n<div class=\"wp-block-column is-layout-flow wp-block-column-is-layout-flow\" style=\"flex-basis:100%\">\n<div class=\"wp-block-group\"><div class=\"wp-block-group__inner-container is-layout-flow wp-block-group-is-layout-flow\">\r\n        <div class='wp-block-citadela-blocks ctdl-directory-google-map loading-content custom-height'>\r\n            <div class='citadela-google-map provider-wrapper'>\r\n                <div data-endpoint=\"https:\/\/kastelir-labinci.com\/wp-json\/citadela-directory\/map-data\/points\/citadela-item?dataType=markers&amp;category=&amp;location=32&amp;only_featured=0\"data-theme=\"citadela\"data-custom-theme=\"[]\"data-map-height=\"500px\"data-outside-form-breakpoint=\"600\"data-cluster=\"80\" class='component-container'><\/div>\r\n                \n\r\n        <div class=\"wp-block-citadela-blocks ctdl-directory-search-form border-thin shadow-default align-center\">\r\n            <div class=\"citadela-block-form search-form-component-container\" style=\"\" data-action=\"&quot;https:\\\/\\\/kastelir-labinci.com\\\/it\\\/&quot;\"data-post-type=\"citadela-item\"data-category-taxonomy=\"citadela-item-category\"data-location-taxonomy=\"citadela-item-location\">\r\n            <\/div>\r\n                    <\/div>\r\n\r\n        \n\r\n            <\/div>\r\n            <div class='citadela-loader'>\r\n                <div class='inner-wrapper'>\r\n                    <i class='fas fa-circle-notch fa-spin'><\/i>\r\n                <\/div>\r\n            <\/div>\r\n        <\/div>\r\n        <\/div><\/div>\n<\/div>\n<\/div>\n\n\n\n<div class=\"wp-block-citadela-blocks-spacer citadela-block-spacer negative-height responsive-options loading hide-in-responsive\" data-block-attr=\"{&quot;desktop&quot;:{&quot;height&quot;:&quot;-100px&quot;,&quot;negative&quot;:true},&quot;mobile&quot;:{&quot;height&quot;:&quot;0px&quot;}}\" data-block-mobile-breakpoint=\"600\"><div class=\"inner-holder\" style=\"margin-top:-100px\"><\/div><\/div>\n\n\n\n<p><\/p>\n<\/div>\n\n\n\n<div class=\"wp-block-column is-vertically-aligned-top is-layout-flow wp-block-column-is-layout-flow\">\n<div class=\"wp-block-citadela-blocks-spacer citadela-block-spacer negative-height responsive-options loading hide-in-responsive\" data-block-attr=\"{&quot;desktop&quot;:{&quot;height&quot;:&quot;-120px&quot;,&quot;negative&quot;:true},&quot;mobile&quot;:{&quot;height&quot;:&quot;0px&quot;}}\" data-block-mobile-breakpoint=\"600\"><div class=\"inner-holder\" style=\"margin-top:-120px\"><\/div><\/div>\n\n\n\n<div class=\"wp-block-citadela-blocks-spacer citadela-block-spacer negative-height\"><div class=\"inner-holder\" style=\"margin-top:-100px\"><\/div><\/div>\n\n\n\n<p><\/p>\n<\/div>\n<\/div>\n<\/div><\/div>\n\n\n\n<div class=\"wp-block-group alignwide\"><div class=\"wp-block-group__inner-container is-layout-flow wp-block-group-is-layout-flow\">\n<p><\/p>\n<\/div><\/div>\n\n\n\n<p><\/p>\n","protected":false},"excerpt":{"rendered":"","protected":false},"author":1,"featured_media":0,"parent":0,"menu_order":0,"comment_status":"closed","ping_status":"closed","template":"","meta":{"_citadela_hide_page_title":"1","_citadela_remove_header_space":"1","_citadela_custom_class":"","_citadela_half_map_provider":"","_citadela_half_map_theme":"","_citadela_half_map_themeOSM":"","_citadela_half_map_customTheme":"","_citadela_half_map_dataType":"","_citadela_half_map_dynamicTrack":false,"_citadela_half_map_trackColor":"","_citadela_half_map_trackEndpointsColor":"","_citadela_half_map_filterCategory":"","_citadela_half_map_filterLocation":"","_citadela_half_map_filterFeatured":false,"_citadela_half_map_noDataBehavior":"empty-map","_citadela_half_map_noDataText":"","_citadela_half_map_clusterGridSize":80,"_citadela_header":true,"_citadela_header_over_content":true,"_citadela_header_text_color":"","_citadela_header_logo":[],"_citadela_header_bg_image":[],"_citadela_header_bg_position":{"x":0.5,"y":0.5},"_citadela_header_bg_size":"cover","_citadela_header_bg_repeat":"no-repeat","_citadela_header_bg_fixed":false,"_citadela_header_bg_color":"","_citadela_header_bg_image_overlay":"","_citadela_header_transparent_bg":false,"_citadela_content_width":"","_citadela_half_layout_position":"","footnotes":""},"class_list":["post-5387","page","type-page","status-publish","hentry"],"yoast_head":"<!-- This site is optimized with the Yoast SEO plugin v25.2 - https:\/\/yoast.com\/wordpress\/plugins\/seo\/ -->\n<title>Together in - Ka\u0161telir Labinci<\/title>\n<meta name=\"description\" content=\"Together in - turisti\u010dka zajednica Ka\u0161telir-Labinici\" \/>\n<meta name=\"robots\" content=\"index, follow, max-snippet:-1, max-image-preview:large, max-video-preview:-1\" \/>\n<link rel=\"canonical\" href=\"https:\/\/kastelir-labinci.com\/it\/\" \/>\n<meta property=\"og:locale\" content=\"it_IT\" \/>\n<meta property=\"og:type\" content=\"article\" \/>\n<meta property=\"og:title\" content=\"Together in - Ka\u0161telir Labinci\" \/>\n<meta property=\"og:description\" content=\"Together in - turisti\u010dka zajednica Ka\u0161telir-Labinici\" \/>\n<meta property=\"og:url\" content=\"https:\/\/kastelir-labinci.com\/it\/\" \/>\n<meta property=\"og:site_name\" content=\"Together in\" \/>\n<meta property=\"article:modified_time\" content=\"2021-08-15T21:19:16+00:00\" \/>\n<meta property=\"og:image\" content=\"https:\/\/kastelir-labinci.com\/wp-content\/uploads\/2021\/03\/Photo8-t.jpg\" \/>\n<meta name=\"twitter:card\" content=\"summary_large_image\" \/>\n<meta name=\"twitter:label1\" content=\"Tempo di lettura stimato\" \/>\n\t<meta name=\"twitter:data1\" content=\"1 minuto\" \/>\n<script type=\"application\/ld+json\" class=\"yoast-schema-graph\">{\"@context\":\"https:\/\/schema.org\",\"@graph\":[{\"@type\":\"WebPage\",\"@id\":\"https:\/\/kastelir-labinci.com\/it\/\",\"url\":\"https:\/\/kastelir-labinci.com\/it\/\",\"name\":\"Together in - Ka\u0161telir Labinci\",\"isPartOf\":{\"@id\":\"https:\/\/kastelir-labinci.com\/it\/#website\"},\"primaryImageOfPage\":{\"@id\":\"https:\/\/kastelir-labinci.com\/it\/#primaryimage\"},\"image\":{\"@id\":\"https:\/\/kastelir-labinci.com\/it\/#primaryimage\"},\"thumbnailUrl\":\"https:\/\/kastelir-labinci.com\/wp-content\/uploads\/2021\/03\/Photo8-t.jpg\",\"datePublished\":\"2020-06-01T14:36:39+00:00\",\"dateModified\":\"2021-08-15T21:19:16+00:00\",\"description\":\"Together in - turisti\u010dka zajednica Ka\u0161telir-Labinici\",\"breadcrumb\":{\"@id\":\"https:\/\/kastelir-labinci.com\/it\/#breadcrumb\"},\"inLanguage\":\"it-IT\",\"potentialAction\":[{\"@type\":\"ReadAction\",\"target\":[\"https:\/\/kastelir-labinci.com\/it\/\"]}]},{\"@type\":\"ImageObject\",\"inLanguage\":\"it-IT\",\"@id\":\"https:\/\/kastelir-labinci.com\/it\/#primaryimage\",\"url\":\"https:\/\/kastelir-labinci.com\/wp-content\/uploads\/2021\/03\/Photo8-t.jpg\",\"contentUrl\":\"https:\/\/kastelir-labinci.com\/wp-content\/uploads\/2021\/03\/Photo8-t.jpg\"},{\"@type\":\"BreadcrumbList\",\"@id\":\"https:\/\/kastelir-labinci.com\/it\/#breadcrumb\",\"itemListElement\":[{\"@type\":\"ListItem\",\"position\":1,\"name\":\"Home\",\"item\":\"https:\/\/kastelir-labinci.com\/it\/\"},{\"@type\":\"ListItem\",\"position\":2,\"name\":\"Together in\"}]},{\"@type\":\"WebSite\",\"@id\":\"https:\/\/kastelir-labinci.com\/it\/#website\",\"url\":\"https:\/\/kastelir-labinci.com\/it\/\",\"name\":\"Together in\",\"description\":\"- Ka\u0161telir-Labinci\",\"publisher\":{\"@id\":\"https:\/\/kastelir-labinci.com\/it\/#organization\"},\"potentialAction\":[{\"@type\":\"SearchAction\",\"target\":{\"@type\":\"EntryPoint\",\"urlTemplate\":\"https:\/\/kastelir-labinci.com\/it\/?s={search_term_string}\"},\"query-input\":{\"@type\":\"PropertyValueSpecification\",\"valueRequired\":true,\"valueName\":\"search_term_string\"}}],\"inLanguage\":\"it-IT\"},{\"@type\":\"Organization\",\"@id\":\"https:\/\/kastelir-labinci.com\/it\/#organization\",\"name\":\"TOGETHER IN Ka\u0161telir - Labinci, turisti\u010dka zajednica\",\"url\":\"https:\/\/kastelir-labinci.com\/it\/\",\"logo\":{\"@type\":\"ImageObject\",\"inLanguage\":\"it-IT\",\"@id\":\"https:\/\/kastelir-labinci.com\/it\/#\/schema\/logo\/image\/\",\"url\":\"https:\/\/kastelir-labinci.com\/wp-content\/uploads\/2020\/08\/logotip-3.png\",\"contentUrl\":\"https:\/\/kastelir-labinci.com\/wp-content\/uploads\/2020\/08\/logotip-3.png\",\"width\":512,\"height\":326,\"caption\":\"TOGETHER IN Ka\u0161telir - Labinci, turisti\u010dka zajednica\"},\"image\":{\"@id\":\"https:\/\/kastelir-labinci.com\/it\/#\/schema\/logo\/image\/\"}}]}<\/script>\n<!-- \/ Yoast SEO plugin. -->","yoast_head_json":{"title":"Together in - Ka\u0161telir Labinci","description":"Together in - turisti\u010dka zajednica Ka\u0161telir-Labinici","robots":{"index":"index","follow":"follow","max-snippet":"max-snippet:-1","max-image-preview":"max-image-preview:large","max-video-preview":"max-video-preview:-1"},"canonical":"https:\/\/kastelir-labinci.com\/it\/","og_locale":"it_IT","og_type":"article","og_title":"Together in - Ka\u0161telir Labinci","og_description":"Together in - turisti\u010dka zajednica Ka\u0161telir-Labinici","og_url":"https:\/\/kastelir-labinci.com\/it\/","og_site_name":"Together in","article_modified_time":"2021-08-15T21:19:16+00:00","og_image":[{"url":"https:\/\/kastelir-labinci.com\/wp-content\/uploads\/2021\/03\/Photo8-t.jpg","type":"","width":"","height":""}],"twitter_card":"summary_large_image","twitter_misc":{"Tempo di lettura stimato":"1 minuto"},"schema":{"@context":"https:\/\/schema.org","@graph":[{"@type":"WebPage","@id":"https:\/\/kastelir-labinci.com\/it\/","url":"https:\/\/kastelir-labinci.com\/it\/","name":"Together in - Ka\u0161telir Labinci","isPartOf":{"@id":"https:\/\/kastelir-labinci.com\/it\/#website"},"primaryImageOfPage":{"@id":"https:\/\/kastelir-labinci.com\/it\/#primaryimage"},"image":{"@id":"https:\/\/kastelir-labinci.com\/it\/#primaryimage"},"thumbnailUrl":"https:\/\/kastelir-labinci.com\/wp-content\/uploads\/2021\/03\/Photo8-t.jpg","datePublished":"2020-06-01T14:36:39+00:00","dateModified":"2021-08-15T21:19:16+00:00","description":"Together in - turisti\u010dka zajednica Ka\u0161telir-Labinici","breadcrumb":{"@id":"https:\/\/kastelir-labinci.com\/it\/#breadcrumb"},"inLanguage":"it-IT","potentialAction":[{"@type":"ReadAction","target":["https:\/\/kastelir-labinci.com\/it\/"]}]},{"@type":"ImageObject","inLanguage":"it-IT","@id":"https:\/\/kastelir-labinci.com\/it\/#primaryimage","url":"https:\/\/kastelir-labinci.com\/wp-content\/uploads\/2021\/03\/Photo8-t.jpg","contentUrl":"https:\/\/kastelir-labinci.com\/wp-content\/uploads\/2021\/03\/Photo8-t.jpg"},{"@type":"BreadcrumbList","@id":"https:\/\/kastelir-labinci.com\/it\/#breadcrumb","itemListElement":[{"@type":"ListItem","position":1,"name":"Home","item":"https:\/\/kastelir-labinci.com\/it\/"},{"@type":"ListItem","position":2,"name":"Together in"}]},{"@type":"WebSite","@id":"https:\/\/kastelir-labinci.com\/it\/#website","url":"https:\/\/kastelir-labinci.com\/it\/","name":"Together in","description":"- Ka\u0161telir-Labinci","publisher":{"@id":"https:\/\/kastelir-labinci.com\/it\/#organization"},"potentialAction":[{"@type":"SearchAction","target":{"@type":"EntryPoint","urlTemplate":"https:\/\/kastelir-labinci.com\/it\/?s={search_term_string}"},"query-input":{"@type":"PropertyValueSpecification","valueRequired":true,"valueName":"search_term_string"}}],"inLanguage":"it-IT"},{"@type":"Organization","@id":"https:\/\/kastelir-labinci.com\/it\/#organization","name":"TOGETHER IN Ka\u0161telir - Labinci, turisti\u010dka zajednica","url":"https:\/\/kastelir-labinci.com\/it\/","logo":{"@type":"ImageObject","inLanguage":"it-IT","@id":"https:\/\/kastelir-labinci.com\/it\/#\/schema\/logo\/image\/","url":"https:\/\/kastelir-labinci.com\/wp-content\/uploads\/2020\/08\/logotip-3.png","contentUrl":"https:\/\/kastelir-labinci.com\/wp-content\/uploads\/2020\/08\/logotip-3.png","width":512,"height":326,"caption":"TOGETHER IN Ka\u0161telir - Labinci, turisti\u010dka zajednica"},"image":{"@id":"https:\/\/kastelir-labinci.com\/it\/#\/schema\/logo\/image\/"}}]}},"_links":{"self":[{"href":"https:\/\/kastelir-labinci.com\/it\/wp-json\/wp\/v2\/pages\/5387"}],"collection":[{"href":"https:\/\/kastelir-labinci.com\/it\/wp-json\/wp\/v2\/pages"}],"about":[{"href":"https:\/\/kastelir-labinci.com\/it\/wp-json\/wp\/v2\/types\/page"}],"author":[{"embeddable":true,"href":"https:\/\/kastelir-labinci.com\/it\/wp-json\/wp\/v2\/users\/1"}],"replies":[{"embeddable":true,"href":"https:\/\/kastelir-labinci.com\/it\/wp-json\/wp\/v2\/comments?post=5387"}],"version-history":[{"count":3,"href":"https:\/\/kastelir-labinci.com\/it\/wp-json\/wp\/v2\/pages\/5387\/revisions"}],"predecessor-version":[{"id":7998,"href":"https:\/\/kastelir-labinci.com\/it\/wp-json\/wp\/v2\/pages\/5387\/revisions\/7998"}],"wp:attachment":[{"href":"https:\/\/kastelir-labinci.com\/it\/wp-json\/wp\/v2\/media?parent=5387"}],"curies":[{"name":"wp","href":"https:\/\/api.w.org\/{rel}","templated":true}]}}