{"id":16383,"date":"2021-04-21T21:12:03","date_gmt":"2021-04-21T21:12:03","guid":{"rendered":"https:\/\/kastelir-labinci.com\/o-nama\/"},"modified":"2025-11-14T20:46:37","modified_gmt":"2025-11-14T19:46:37","slug":"o-nas","status":"publish","type":"page","link":"https:\/\/kastelir-labinci.com\/sl\/o-nas\/","title":{"rendered":"O nas"},"content":{"rendered":"\n<p>Ob\u010dina Ka\u0161telir-Labinci \u2013 Castelliere \u2013 Santa Domenica se nahaja na severozahodu Istre, le 10 kilometrov od Pore\u010da. Obsega obmo\u010dje velikosti 32 km\u00b2 in vklju\u010duje 15 naselij: <strong>Babi\u0107i, Brnobi\u0107i, Cerjani, Dekli\u0107i, Dvori, Ka\u0161telir, Kova\u010di, Kran\u010di\u0107i, Labinci, Meki\u0161i pri Ka\u0161telirju, Rogovi\u0107i, Rojci, Ro\u0161ki\u0107i, Tadini in Valenti\u0107i.<\/strong><\/p>\n\n\n\n<figure class=\"wp-block-gallery has-nested-images columns-default is-cropped wp-block-gallery-1 is-layout-flex wp-block-gallery-is-layout-flex\">\n<figure class=\"wp-block-image size-large\"><a href=\"https:\/\/kastelir-labinci.com\/wp-content\/uploads\/2025\/11\/FOTKE-WEB_DJI_20250603140840_0193_D-scaled.jpg\"><img loading=\"lazy\" decoding=\"async\" width=\"1024\" height=\"768\" data-id=\"16189\" src=\"https:\/\/kastelir-labinci.com\/wp-content\/uploads\/2025\/11\/FOTKE-WEB_DJI_20250603140840_0193_D-1024x768.jpg\" alt=\"\" class=\"wp-image-16189\" srcset=\"https:\/\/kastelir-labinci.com\/wp-content\/uploads\/2025\/11\/FOTKE-WEB_DJI_20250603140840_0193_D-1024x768.jpg 1024w, https:\/\/kastelir-labinci.com\/wp-content\/uploads\/2025\/11\/FOTKE-WEB_DJI_20250603140840_0193_D-300x225.jpg 300w, https:\/\/kastelir-labinci.com\/wp-content\/uploads\/2025\/11\/FOTKE-WEB_DJI_20250603140840_0193_D-768x576.jpg 768w, https:\/\/kastelir-labinci.com\/wp-content\/uploads\/2025\/11\/FOTKE-WEB_DJI_20250603140840_0193_D-1536x1152.jpg 1536w, https:\/\/kastelir-labinci.com\/wp-content\/uploads\/2025\/11\/FOTKE-WEB_DJI_20250603140840_0193_D-2048x1536.jpg 2048w, https:\/\/kastelir-labinci.com\/wp-content\/uploads\/2025\/11\/FOTKE-WEB_DJI_20250603140840_0193_D-640x480.jpg 640w, https:\/\/kastelir-labinci.com\/wp-content\/uploads\/2025\/11\/FOTKE-WEB_DJI_20250603140840_0193_D-480x360.jpg 480w\" sizes=\"(max-width: 1024px) 100vw, 1024px\" \/><\/a><\/figure>\n\n\n\n<figure class=\"wp-block-image size-large\"><a href=\"https:\/\/kastelir-labinci.com\/wp-content\/uploads\/2025\/11\/FOTKE-WEB_DJI_20250603101347_0058_D-scaled.jpg\"><img loading=\"lazy\" decoding=\"async\" width=\"1024\" height=\"768\" data-id=\"16200\" src=\"https:\/\/kastelir-labinci.com\/wp-content\/uploads\/2025\/11\/FOTKE-WEB_DJI_20250603101347_0058_D-1024x768.jpg\" alt=\"\" class=\"wp-image-16200\" srcset=\"https:\/\/kastelir-labinci.com\/wp-content\/uploads\/2025\/11\/FOTKE-WEB_DJI_20250603101347_0058_D-1024x768.jpg 1024w, https:\/\/kastelir-labinci.com\/wp-content\/uploads\/2025\/11\/FOTKE-WEB_DJI_20250603101347_0058_D-300x225.jpg 300w, https:\/\/kastelir-labinci.com\/wp-content\/uploads\/2025\/11\/FOTKE-WEB_DJI_20250603101347_0058_D-768x576.jpg 768w, https:\/\/kastelir-labinci.com\/wp-content\/uploads\/2025\/11\/FOTKE-WEB_DJI_20250603101347_0058_D-1536x1152.jpg 1536w, https:\/\/kastelir-labinci.com\/wp-content\/uploads\/2025\/11\/FOTKE-WEB_DJI_20250603101347_0058_D-2048x1536.jpg 2048w, https:\/\/kastelir-labinci.com\/wp-content\/uploads\/2025\/11\/FOTKE-WEB_DJI_20250603101347_0058_D-640x480.jpg 640w, https:\/\/kastelir-labinci.com\/wp-content\/uploads\/2025\/11\/FOTKE-WEB_DJI_20250603101347_0058_D-480x360.jpg 480w\" sizes=\"(max-width: 1024px) 100vw, 1024px\" \/><\/a><\/figure>\n\n\n\n<figure class=\"wp-block-image size-large\"><a href=\"https:\/\/kastelir-labinci.com\/wp-content\/uploads\/2025\/11\/FOTKE-WEB_DJI_20250622203043_0129_D-scaled.jpg\"><img loading=\"lazy\" decoding=\"async\" width=\"1024\" height=\"768\" data-id=\"16205\" src=\"https:\/\/kastelir-labinci.com\/wp-content\/uploads\/2025\/11\/FOTKE-WEB_DJI_20250622203043_0129_D-1024x768.jpg\" alt=\"\" class=\"wp-image-16205\" srcset=\"https:\/\/kastelir-labinci.com\/wp-content\/uploads\/2025\/11\/FOTKE-WEB_DJI_20250622203043_0129_D-1024x768.jpg 1024w, https:\/\/kastelir-labinci.com\/wp-content\/uploads\/2025\/11\/FOTKE-WEB_DJI_20250622203043_0129_D-300x225.jpg 300w, https:\/\/kastelir-labinci.com\/wp-content\/uploads\/2025\/11\/FOTKE-WEB_DJI_20250622203043_0129_D-768x576.jpg 768w, https:\/\/kastelir-labinci.com\/wp-content\/uploads\/2025\/11\/FOTKE-WEB_DJI_20250622203043_0129_D-1536x1152.jpg 1536w, https:\/\/kastelir-labinci.com\/wp-content\/uploads\/2025\/11\/FOTKE-WEB_DJI_20250622203043_0129_D-2048x1536.jpg 2048w, https:\/\/kastelir-labinci.com\/wp-content\/uploads\/2025\/11\/FOTKE-WEB_DJI_20250622203043_0129_D-640x480.jpg 640w, https:\/\/kastelir-labinci.com\/wp-content\/uploads\/2025\/11\/FOTKE-WEB_DJI_20250622203043_0129_D-480x360.jpg 480w\" sizes=\"(max-width: 1024px) 100vw, 1024px\" \/><\/a><\/figure>\n<\/figure>\n\n\n\n<p><\/p>\n\n\n\n<p>Nahaja se v notranjosti, vendar dovolj blizu morja, zato Ka\u0161telir-Labinci ponujata popolno kombinacijo pristnega istrskega vsakdana in bli\u017eine obale. Tukaj lahko u\u017eivate v miru, naravi in doma\u010dih izdelkih, hkrati pa ste le nekaj minut oddaljeni od \u010dudovitih pla\u017e Pore\u010da in bogate obalne ponudbe.<\/p>\n\n\n\n<p>Ve\u010d kot polovica prebivalcev se ukvarja z neko obliko kmetijske proizvodnje, kar Ka\u0161telir-Labince uvr\u0161\u010da med najbolj rodovitne in dejavne dele Istre. Na\u0161i pridelovalci ustvarjajo vina, olj\u010dna olja, krompir in drugo zelenjavo ter tradicionalne izdelke, po katerih je ta kraj prepoznaven. Kmetijstvo tu ni le na\u010din \u017eivljenja, temve\u010d del identitete, ki jo ponosno ohranjamo.<\/p>\n\n\n\n<figure class=\"wp-block-gallery has-nested-images columns-default is-cropped wp-block-gallery-2 is-layout-flex wp-block-gallery-is-layout-flex\">\n<figure class=\"wp-block-image size-large\"><a href=\"https:\/\/kastelir-labinci.com\/wp-content\/uploads\/2025\/11\/FOTKE-WEB_Bros_tulani-Gramper-124-1024x683.jpg\"><img loading=\"lazy\" decoding=\"async\" width=\"1024\" height=\"683\" data-id=\"16215\" src=\"https:\/\/kastelir-labinci.com\/wp-content\/uploads\/2025\/11\/FOTKE-WEB_Bros_tulani-Gramper-124-1024x683.jpg\" alt=\"\" class=\"wp-image-16215\" srcset=\"https:\/\/kastelir-labinci.com\/wp-content\/uploads\/2025\/11\/FOTKE-WEB_Bros_tulani-Gramper-124-1024x683.jpg 1024w, https:\/\/kastelir-labinci.com\/wp-content\/uploads\/2025\/11\/FOTKE-WEB_Bros_tulani-Gramper-124-300x200.jpg 300w, https:\/\/kastelir-labinci.com\/wp-content\/uploads\/2025\/11\/FOTKE-WEB_Bros_tulani-Gramper-124-768x512.jpg 768w, https:\/\/kastelir-labinci.com\/wp-content\/uploads\/2025\/11\/FOTKE-WEB_Bros_tulani-Gramper-124-1536x1024.jpg 1536w, https:\/\/kastelir-labinci.com\/wp-content\/uploads\/2025\/11\/FOTKE-WEB_Bros_tulani-Gramper-124.jpg 2048w\" sizes=\"(max-width: 1024px) 100vw, 1024px\" \/><\/a><\/figure>\n\n\n\n<figure class=\"wp-block-image size-large\"><img loading=\"lazy\" decoding=\"async\" width=\"1024\" height=\"768\" data-id=\"16283\" src=\"https:\/\/kastelir-labinci.com\/wp-content\/uploads\/2025\/11\/FOTKE-WEB_DJI_20250603130937_0148_D-2-1024x768.jpg\" alt=\"\" class=\"wp-image-16283\" srcset=\"https:\/\/kastelir-labinci.com\/wp-content\/uploads\/2025\/11\/FOTKE-WEB_DJI_20250603130937_0148_D-2-1024x768.jpg 1024w, https:\/\/kastelir-labinci.com\/wp-content\/uploads\/2025\/11\/FOTKE-WEB_DJI_20250603130937_0148_D-2-300x225.jpg 300w, https:\/\/kastelir-labinci.com\/wp-content\/uploads\/2025\/11\/FOTKE-WEB_DJI_20250603130937_0148_D-2-768x576.jpg 768w, https:\/\/kastelir-labinci.com\/wp-content\/uploads\/2025\/11\/FOTKE-WEB_DJI_20250603130937_0148_D-2-1536x1152.jpg 1536w, https:\/\/kastelir-labinci.com\/wp-content\/uploads\/2025\/11\/FOTKE-WEB_DJI_20250603130937_0148_D-2-2048x1536.jpg 2048w, https:\/\/kastelir-labinci.com\/wp-content\/uploads\/2025\/11\/FOTKE-WEB_DJI_20250603130937_0148_D-2-640x480.jpg 640w, https:\/\/kastelir-labinci.com\/wp-content\/uploads\/2025\/11\/FOTKE-WEB_DJI_20250603130937_0148_D-2-480x360.jpg 480w\" sizes=\"(max-width: 1024px) 100vw, 1024px\" \/><\/figure>\n\n\n\n<figure class=\"wp-block-image size-large\"><img loading=\"lazy\" decoding=\"async\" width=\"1024\" height=\"683\" data-id=\"16268\" src=\"https:\/\/kastelir-labinci.com\/wp-content\/uploads\/2025\/11\/FOTKE-WEB_Kas_telir-Labinci_Friday-Tasting-2025-44-1024x683.jpg\" alt=\"\" class=\"wp-image-16268\" srcset=\"https:\/\/kastelir-labinci.com\/wp-content\/uploads\/2025\/11\/FOTKE-WEB_Kas_telir-Labinci_Friday-Tasting-2025-44-1024x683.jpg 1024w, https:\/\/kastelir-labinci.com\/wp-content\/uploads\/2025\/11\/FOTKE-WEB_Kas_telir-Labinci_Friday-Tasting-2025-44-300x200.jpg 300w, https:\/\/kastelir-labinci.com\/wp-content\/uploads\/2025\/11\/FOTKE-WEB_Kas_telir-Labinci_Friday-Tasting-2025-44-768x512.jpg 768w, https:\/\/kastelir-labinci.com\/wp-content\/uploads\/2025\/11\/FOTKE-WEB_Kas_telir-Labinci_Friday-Tasting-2025-44-1536x1024.jpg 1536w, https:\/\/kastelir-labinci.com\/wp-content\/uploads\/2025\/11\/FOTKE-WEB_Kas_telir-Labinci_Friday-Tasting-2025-44.jpg 2048w\" sizes=\"(max-width: 1024px) 100vw, 1024px\" \/><\/figure>\n\n\n\n<figure class=\"wp-block-image size-large\"><img loading=\"lazy\" decoding=\"async\" width=\"800\" height=\"533\" data-id=\"16303\" src=\"https:\/\/kastelir-labinci.com\/wp-content\/uploads\/2025\/11\/WEB-1.jpg\" alt=\"\" class=\"wp-image-16303\" srcset=\"https:\/\/kastelir-labinci.com\/wp-content\/uploads\/2025\/11\/WEB-1.jpg 800w, https:\/\/kastelir-labinci.com\/wp-content\/uploads\/2025\/11\/WEB-1-300x200.jpg 300w, https:\/\/kastelir-labinci.com\/wp-content\/uploads\/2025\/11\/WEB-1-768x512.jpg 768w\" sizes=\"(max-width: 800px) 100vw, 800px\" \/><\/figure>\n\n\n\n<figure class=\"wp-block-image size-large\"><a href=\"https:\/\/kastelir-labinci.com\/wp-content\/uploads\/2025\/11\/FOTKE-WEB_Gramperijada-2024-191-1024x683.jpg\"><img loading=\"lazy\" decoding=\"async\" width=\"1024\" height=\"683\" data-id=\"16220\" src=\"https:\/\/kastelir-labinci.com\/wp-content\/uploads\/2025\/11\/FOTKE-WEB_Gramperijada-2024-191-1024x683.jpg\" alt=\"\" class=\"wp-image-16220\" srcset=\"https:\/\/kastelir-labinci.com\/wp-content\/uploads\/2025\/11\/FOTKE-WEB_Gramperijada-2024-191-1024x683.jpg 1024w, https:\/\/kastelir-labinci.com\/wp-content\/uploads\/2025\/11\/FOTKE-WEB_Gramperijada-2024-191-300x200.jpg 300w, https:\/\/kastelir-labinci.com\/wp-content\/uploads\/2025\/11\/FOTKE-WEB_Gramperijada-2024-191-768x512.jpg 768w, https:\/\/kastelir-labinci.com\/wp-content\/uploads\/2025\/11\/FOTKE-WEB_Gramperijada-2024-191-1536x1024.jpg 1536w, https:\/\/kastelir-labinci.com\/wp-content\/uploads\/2025\/11\/FOTKE-WEB_Gramperijada-2024-191.jpg 2048w\" sizes=\"(max-width: 1024px) 100vw, 1024px\" \/><\/a><\/figure>\n<\/figure>\n\n\n\n<p><\/p>\n\n\n\n<p><strong>Ka\u0161telir-Labinci so bili uvr\u0161\u010deni med Najbolj\u0161e turisti\u010dne vasi sveta (Best Tourism Villages) po izboru Svetovne turisti\u010dne organizacije (UNWTO)<\/strong> \u2013 priznanje, ki potrjuje trajnostni razvoj, bogato tradicijo in sodobnega duha na\u0161ega kraja. Pod geslom \u00bbKjer se sodobno \u017eivljenje sre\u010da s<br>tradicijo\u00ab Ka\u0161telir-Labinci rastejo kot prepoznavna istrska destinacija \u2013 kraj, kjer se prepletajo kultura, kmetijstvo in turizem v toplem, harmoni\u010dnem ritmu istrskega \u017eivljenja.<\/p>\n\n\n\n<figure class=\"wp-block-image size-large\"><img loading=\"lazy\" decoding=\"async\" width=\"1024\" height=\"768\" src=\"https:\/\/kastelir-labinci.com\/wp-content\/uploads\/2025\/11\/FOTKE-WEB_ZA-VIZUAL--1024x768.jpg\" alt=\"\" class=\"wp-image-16262\" srcset=\"https:\/\/kastelir-labinci.com\/wp-content\/uploads\/2025\/11\/FOTKE-WEB_ZA-VIZUAL--1024x768.jpg 1024w, https:\/\/kastelir-labinci.com\/wp-content\/uploads\/2025\/11\/FOTKE-WEB_ZA-VIZUAL--300x225.jpg 300w, https:\/\/kastelir-labinci.com\/wp-content\/uploads\/2025\/11\/FOTKE-WEB_ZA-VIZUAL--768x576.jpg 768w, https:\/\/kastelir-labinci.com\/wp-content\/uploads\/2025\/11\/FOTKE-WEB_ZA-VIZUAL--1536x1152.jpg 1536w, https:\/\/kastelir-labinci.com\/wp-content\/uploads\/2025\/11\/FOTKE-WEB_ZA-VIZUAL--2048x1536.jpg 2048w, https:\/\/kastelir-labinci.com\/wp-content\/uploads\/2025\/11\/FOTKE-WEB_ZA-VIZUAL--640x480.jpg 640w, https:\/\/kastelir-labinci.com\/wp-content\/uploads\/2025\/11\/FOTKE-WEB_ZA-VIZUAL--480x360.jpg 480w\" sizes=\"(max-width: 1024px) 100vw, 1024px\" \/><\/figure>\n","protected":false},"excerpt":{"rendered":"<p>Ob\u010dina Ka\u0161telir-Labinci \u2013 Castelliere \u2013 Santa Domenica se nahaja na severozahodu Istre, le 10 kilometrov od Pore\u010da. Obsega obmo\u010dje velikosti 32 km\u00b2 in vklju\u010duje 15 naselij: Babi\u0107i, Brnobi\u0107i, Cerjani, Dekli\u0107i, [&hellip;]<\/p>\n","protected":false},"author":1,"featured_media":0,"parent":0,"menu_order":0,"comment_status":"closed","ping_status":"closed","template":"","meta":{"_citadela_hide_page_title":"","_citadela_remove_header_space":"","_citadela_custom_class":"","_citadela_half_map_provider":"","_citadela_half_map_theme":"","_citadela_half_map_themeOSM":"","_citadela_half_map_customTheme":"","_citadela_half_map_dataType":"","_citadela_half_map_dynamicTrack":false,"_citadela_half_map_trackColor":"","_citadela_half_map_trackEndpointsColor":"","_citadela_half_map_filterCategory":"","_citadela_half_map_filterLocation":"","_citadela_half_map_filterFeatured":false,"_citadela_half_map_noDataBehavior":"empty-map","_citadela_half_map_noDataText":"","_citadela_half_map_clusterGridSize":80,"_citadela_header":false,"_citadela_header_over_content":false,"_citadela_header_text_color":"","_citadela_header_logo":[],"_citadela_header_bg_image":[],"_citadela_header_bg_position":[],"_citadela_header_bg_size":"","_citadela_header_bg_repeat":"","_citadela_header_bg_fixed":false,"_citadela_header_bg_color":"","_citadela_header_bg_image_overlay":"","_citadela_header_transparent_bg":false,"_citadela_content_width":"","_citadela_half_layout_position":"","footnotes":""},"class_list":["post-16383","page","type-page","status-publish","hentry"],"yoast_head":"<!-- This site is optimized with the Yoast SEO plugin v25.2 - https:\/\/yoast.com\/wordpress\/plugins\/seo\/ -->\n<title>O nas - Together in<\/title>\n<meta name=\"description\" content=\"Together in Ka\u0161telir Labinci\" \/>\n<meta name=\"robots\" content=\"index, follow, max-snippet:-1, max-image-preview:large, max-video-preview:-1\" \/>\n<link rel=\"canonical\" href=\"https:\/\/kastelir-labinci.com\/sl\/o-nas\/\" \/>\n<meta property=\"og:locale\" content=\"sl_SI\" \/>\n<meta property=\"og:type\" content=\"article\" \/>\n<meta property=\"og:title\" content=\"O nas - Together in\" \/>\n<meta property=\"og:description\" content=\"Together in Ka\u0161telir Labinci\" \/>\n<meta property=\"og:url\" content=\"https:\/\/kastelir-labinci.com\/sl\/o-nas\/\" \/>\n<meta property=\"og:site_name\" content=\"Together in\" \/>\n<meta property=\"article:modified_time\" content=\"2025-11-14T19:46:37+00:00\" \/>\n<meta property=\"og:image\" content=\"https:\/\/kastelir-labinci.com\/wp-content\/uploads\/2025\/11\/FOTKE-WEB_DJI_20250603140840_0193_D-scaled.jpg\" \/>\n\t<meta property=\"og:image:width\" content=\"2560\" \/>\n\t<meta property=\"og:image:height\" content=\"1920\" \/>\n\t<meta property=\"og:image:type\" content=\"image\/jpeg\" \/>\n<meta name=\"twitter:card\" content=\"summary_large_image\" \/>\n<meta name=\"twitter:label1\" content=\"Est. reading time\" \/>\n\t<meta name=\"twitter:data1\" content=\"3 minute\" \/>\n<script type=\"application\/ld+json\" class=\"yoast-schema-graph\">{\"@context\":\"https:\/\/schema.org\",\"@graph\":[{\"@type\":\"WebPage\",\"@id\":\"https:\/\/kastelir-labinci.com\/sl\/o-nas\/\",\"url\":\"https:\/\/kastelir-labinci.com\/sl\/o-nas\/\",\"name\":\"O nas - Together in\",\"isPartOf\":{\"@id\":\"https:\/\/kastelir-labinci.com\/sl\/#website\"},\"primaryImageOfPage\":{\"@id\":\"https:\/\/kastelir-labinci.com\/sl\/o-nas\/#primaryimage\"},\"image\":{\"@id\":\"https:\/\/kastelir-labinci.com\/sl\/o-nas\/#primaryimage\"},\"thumbnailUrl\":\"https:\/\/kastelir-labinci.com\/wp-content\/uploads\/2025\/11\/FOTKE-WEB_DJI_20250603140840_0193_D-1024x768.jpg\",\"datePublished\":\"2021-04-21T21:12:03+00:00\",\"dateModified\":\"2025-11-14T19:46:37+00:00\",\"description\":\"Together in Ka\u0161telir Labinci\",\"breadcrumb\":{\"@id\":\"https:\/\/kastelir-labinci.com\/sl\/o-nas\/#breadcrumb\"},\"inLanguage\":\"sl-SI\",\"potentialAction\":[{\"@type\":\"ReadAction\",\"target\":[\"https:\/\/kastelir-labinci.com\/sl\/o-nas\/\"]}]},{\"@type\":\"ImageObject\",\"inLanguage\":\"sl-SI\",\"@id\":\"https:\/\/kastelir-labinci.com\/sl\/o-nas\/#primaryimage\",\"url\":\"https:\/\/kastelir-labinci.com\/wp-content\/uploads\/2025\/11\/FOTKE-WEB_DJI_20250603140840_0193_D-1024x768.jpg\",\"contentUrl\":\"https:\/\/kastelir-labinci.com\/wp-content\/uploads\/2025\/11\/FOTKE-WEB_DJI_20250603140840_0193_D-1024x768.jpg\"},{\"@type\":\"BreadcrumbList\",\"@id\":\"https:\/\/kastelir-labinci.com\/sl\/o-nas\/#breadcrumb\",\"itemListElement\":[{\"@type\":\"ListItem\",\"position\":1,\"name\":\"Home\",\"item\":\"https:\/\/kastelir-labinci.com\/sl\/\"},{\"@type\":\"ListItem\",\"position\":2,\"name\":\"O nas\"}]},{\"@type\":\"WebSite\",\"@id\":\"https:\/\/kastelir-labinci.com\/sl\/#website\",\"url\":\"https:\/\/kastelir-labinci.com\/sl\/\",\"name\":\"Together in\",\"description\":\"- Ka\u0161telir-Labinci\",\"publisher\":{\"@id\":\"https:\/\/kastelir-labinci.com\/sl\/#organization\"},\"potentialAction\":[{\"@type\":\"SearchAction\",\"target\":{\"@type\":\"EntryPoint\",\"urlTemplate\":\"https:\/\/kastelir-labinci.com\/sl\/?s={search_term_string}\"},\"query-input\":{\"@type\":\"PropertyValueSpecification\",\"valueRequired\":true,\"valueName\":\"search_term_string\"}}],\"inLanguage\":\"sl-SI\"},{\"@type\":\"Organization\",\"@id\":\"https:\/\/kastelir-labinci.com\/sl\/#organization\",\"name\":\"TOGETHER IN Ka\u0161telir - Labinci, turisti\u010dka zajednica\",\"url\":\"https:\/\/kastelir-labinci.com\/sl\/\",\"logo\":{\"@type\":\"ImageObject\",\"inLanguage\":\"sl-SI\",\"@id\":\"https:\/\/kastelir-labinci.com\/sl\/#\/schema\/logo\/image\/\",\"url\":\"https:\/\/kastelir-labinci.com\/wp-content\/uploads\/2020\/08\/logotip-3.png\",\"contentUrl\":\"https:\/\/kastelir-labinci.com\/wp-content\/uploads\/2020\/08\/logotip-3.png\",\"width\":512,\"height\":326,\"caption\":\"TOGETHER IN Ka\u0161telir - Labinci, turisti\u010dka zajednica\"},\"image\":{\"@id\":\"https:\/\/kastelir-labinci.com\/sl\/#\/schema\/logo\/image\/\"}}]}<\/script>\n<!-- \/ Yoast SEO plugin. -->","yoast_head_json":{"title":"O nas - Together in","description":"Together in Ka\u0161telir Labinci","robots":{"index":"index","follow":"follow","max-snippet":"max-snippet:-1","max-image-preview":"max-image-preview:large","max-video-preview":"max-video-preview:-1"},"canonical":"https:\/\/kastelir-labinci.com\/sl\/o-nas\/","og_locale":"sl_SI","og_type":"article","og_title":"O nas - Together in","og_description":"Together in Ka\u0161telir Labinci","og_url":"https:\/\/kastelir-labinci.com\/sl\/o-nas\/","og_site_name":"Together in","article_modified_time":"2025-11-14T19:46:37+00:00","og_image":[{"width":2560,"height":1920,"url":"https:\/\/kastelir-labinci.com\/wp-content\/uploads\/2025\/11\/FOTKE-WEB_DJI_20250603140840_0193_D-scaled.jpg","type":"image\/jpeg"}],"twitter_card":"summary_large_image","twitter_misc":{"Est. reading time":"3 minute"},"schema":{"@context":"https:\/\/schema.org","@graph":[{"@type":"WebPage","@id":"https:\/\/kastelir-labinci.com\/sl\/o-nas\/","url":"https:\/\/kastelir-labinci.com\/sl\/o-nas\/","name":"O nas - Together in","isPartOf":{"@id":"https:\/\/kastelir-labinci.com\/sl\/#website"},"primaryImageOfPage":{"@id":"https:\/\/kastelir-labinci.com\/sl\/o-nas\/#primaryimage"},"image":{"@id":"https:\/\/kastelir-labinci.com\/sl\/o-nas\/#primaryimage"},"thumbnailUrl":"https:\/\/kastelir-labinci.com\/wp-content\/uploads\/2025\/11\/FOTKE-WEB_DJI_20250603140840_0193_D-1024x768.jpg","datePublished":"2021-04-21T21:12:03+00:00","dateModified":"2025-11-14T19:46:37+00:00","description":"Together in Ka\u0161telir Labinci","breadcrumb":{"@id":"https:\/\/kastelir-labinci.com\/sl\/o-nas\/#breadcrumb"},"inLanguage":"sl-SI","potentialAction":[{"@type":"ReadAction","target":["https:\/\/kastelir-labinci.com\/sl\/o-nas\/"]}]},{"@type":"ImageObject","inLanguage":"sl-SI","@id":"https:\/\/kastelir-labinci.com\/sl\/o-nas\/#primaryimage","url":"https:\/\/kastelir-labinci.com\/wp-content\/uploads\/2025\/11\/FOTKE-WEB_DJI_20250603140840_0193_D-1024x768.jpg","contentUrl":"https:\/\/kastelir-labinci.com\/wp-content\/uploads\/2025\/11\/FOTKE-WEB_DJI_20250603140840_0193_D-1024x768.jpg"},{"@type":"BreadcrumbList","@id":"https:\/\/kastelir-labinci.com\/sl\/o-nas\/#breadcrumb","itemListElement":[{"@type":"ListItem","position":1,"name":"Home","item":"https:\/\/kastelir-labinci.com\/sl\/"},{"@type":"ListItem","position":2,"name":"O nas"}]},{"@type":"WebSite","@id":"https:\/\/kastelir-labinci.com\/sl\/#website","url":"https:\/\/kastelir-labinci.com\/sl\/","name":"Together in","description":"- Ka\u0161telir-Labinci","publisher":{"@id":"https:\/\/kastelir-labinci.com\/sl\/#organization"},"potentialAction":[{"@type":"SearchAction","target":{"@type":"EntryPoint","urlTemplate":"https:\/\/kastelir-labinci.com\/sl\/?s={search_term_string}"},"query-input":{"@type":"PropertyValueSpecification","valueRequired":true,"valueName":"search_term_string"}}],"inLanguage":"sl-SI"},{"@type":"Organization","@id":"https:\/\/kastelir-labinci.com\/sl\/#organization","name":"TOGETHER IN Ka\u0161telir - Labinci, turisti\u010dka zajednica","url":"https:\/\/kastelir-labinci.com\/sl\/","logo":{"@type":"ImageObject","inLanguage":"sl-SI","@id":"https:\/\/kastelir-labinci.com\/sl\/#\/schema\/logo\/image\/","url":"https:\/\/kastelir-labinci.com\/wp-content\/uploads\/2020\/08\/logotip-3.png","contentUrl":"https:\/\/kastelir-labinci.com\/wp-content\/uploads\/2020\/08\/logotip-3.png","width":512,"height":326,"caption":"TOGETHER IN Ka\u0161telir - Labinci, turisti\u010dka zajednica"},"image":{"@id":"https:\/\/kastelir-labinci.com\/sl\/#\/schema\/logo\/image\/"}}]}},"_links":{"self":[{"href":"https:\/\/kastelir-labinci.com\/sl\/wp-json\/wp\/v2\/pages\/16383"}],"collection":[{"href":"https:\/\/kastelir-labinci.com\/sl\/wp-json\/wp\/v2\/pages"}],"about":[{"href":"https:\/\/kastelir-labinci.com\/sl\/wp-json\/wp\/v2\/types\/page"}],"author":[{"embeddable":true,"href":"https:\/\/kastelir-labinci.com\/sl\/wp-json\/wp\/v2\/users\/1"}],"replies":[{"embeddable":true,"href":"https:\/\/kastelir-labinci.com\/sl\/wp-json\/wp\/v2\/comments?post=16383"}],"version-history":[{"count":2,"href":"https:\/\/kastelir-labinci.com\/sl\/wp-json\/wp\/v2\/pages\/16383\/revisions"}],"predecessor-version":[{"id":16386,"href":"https:\/\/kastelir-labinci.com\/sl\/wp-json\/wp\/v2\/pages\/16383\/revisions\/16386"}],"wp:attachment":[{"href":"https:\/\/kastelir-labinci.com\/sl\/wp-json\/wp\/v2\/media?parent=16383"}],"curies":[{"name":"wp","href":"https:\/\/api.w.org\/{rel}","templated":true}]}}