{"id":5320,"date":"2021-05-26T10:37:38","date_gmt":"2021-05-26T10:37:38","guid":{"rendered":"https:\/\/kastelir-labinci.com\/dozivljaj\/"},"modified":"2021-09-19T09:07:10","modified_gmt":"2021-09-19T09:07:10","slug":"dozivljaj","status":"publish","type":"page","link":"https:\/\/kastelir-labinci.com\/sl\/dozivljaj\/","title":{"rendered":"Do\u017eivi"},"content":{"rendered":"\n<div class=\"wp-block-citadela-blocks-custom-container citadela-block-custom-container size-wide bg-type-image inside-space-none bg-size-auto has-overlay\" style=\"background-image:url(http:\/\/kastelir-labinci.com\/wp-content\/uploads\/2020\/06\/blank.png);background-repeat:no-repeat;background-position:50% 100%\"><div class=\"bg-image-overlay\" style=\"opacity:0.5\"><\/div><div class=\"inner-holder\">\n<div class=\"wp-block-citadela-blocks-spacer citadela-block-spacer\"><div class=\"inner-holder\" style=\"padding-top:200px\"><\/div><\/div>\n\n\n\n<div class=\"wp-block-group\"><div class=\"wp-block-group__inner-container is-layout-flow wp-block-group-is-layout-flow\">         <div \r\n            class=\"citadela-block-responsive-text align-left\"\r\n                                 >\r\n            <h1 class=\"inner-tag\" style=\"font-size: 49px;\"><strong><span class=\"has-inline-color has-luminous-vivid-amber-color\">Do\u017eivi<\/span><\/strong><\/h1>         <\/div>\r\n      \n\n\n<p>Sodelujte v na\u0161em na\u010dinu \u017eivljenja, spoznajte tukaj\u0161njo kulturo in obi\u010daje.<\/p>\n\n\n\n<p>Samo petdeset kilometrov smo oddaljeni od evropske mre\u017ee poti in sedem kilometrov od morja, zato je na\u0161a ruralna sredina zanimiva tudi izven sezone, ko se lahko udele\u017eite trgatve grozdja, oliv, pobiranja krompirja, nabiranja \u0161pargljev in gob. Bli\u017eina notranjosti Istre vam ponuja dogodiv\u0161\u010dine v majhnih srednjeve\u0161kih mestecih, ki organizirajo filmske, glasbene in gastronomske festivale, vklju\u010dno z dnevi tartufov in vina. Ker nas obkro\u017ea bujna sredozemska vegetacija, ki se prepleta z olj\u010dniki, vinogradi in njivami, boste lahko u\u017eivali v vonjih narave, \u010distem zraku in gostoljubnosti ljudi, ki vam nudijo mirnej\u0161o atmosfero sodobnega \u017eivljenja.<\/p>\n\n\n\n<div class=\"wp-block-columns is-layout-flex wp-container-core-columns-is-layout-1 wp-block-columns-is-layout-flex\">\n<div class=\"wp-block-column is-layout-flow wp-block-column-is-layout-flow\">\n<figure class=\"wp-block-image size-citadela_service is-resized is-style-default\"><img decoding=\"async\" src=\"https:\/\/kastelir-labinci.com\/wp-content\/uploads\/2021\/06\/Kastelir-Vitis-fridays-fb-2-1-480x360.jpg\" alt=\"\" class=\"wp-image-4741\" width=\"500\" srcset=\"https:\/\/kastelir-labinci.com\/wp-content\/uploads\/2021\/06\/Kastelir-Vitis-fridays-fb-2-1-480x360.jpg 480w, https:\/\/kastelir-labinci.com\/wp-content\/uploads\/2021\/06\/Kastelir-Vitis-fridays-fb-2-1-640x480.jpg 640w\" sizes=\"(max-width: 480px) 100vw, 480px\" \/><\/figure>\n\n\n\n<p><strong>OKUSI<\/strong><\/p>\n\n\n\n<p>Za nepozabne gastronomske izku\u0161nje poskusite dobrote na\u0161ega kraja.<\/p>\n\n\n\n<p>\u0160tevilne turisti\u010dne in dru\u017einske kmetije vas bodo vedno pri\u010dakale z odprtimi rokami in vam omogo\u010dile nepozabna gastro do\u017eivetja. Zaradi velikega \u0161tevila turisti\u010dnih kmetij, ki pridelujejo lastne kon\u010dne izdelke, ter potrebe, da so rezultati njihovega truda predstavljeni prav tam, kjer so nastali, se poleti organizira &#8220;Ka\u0161telirski poletni sejem&#8221;, kjer lahko pridelke in izdelke poskusite in kupite.<\/p>\n\n\n\n<p><strong><a href=\"https:\/\/kastelir-labinci.com\/2021\/06\/25\/together-in-free-friday-tasting\/\">Together In Tour<\/a><\/strong><\/p>\n\n\n\n<p>V sodelovanju s Kmetijskim zdru\u017eenjem Vitis vas za posebno do\u017eivetje iz prve roke vabimo, da se z nami podate na &#8220;Together In Tour&#8221;. Enkrat na teden organiziramo izlet, na katerem boste obiskali dru\u017einske kmetije v Ka\u0161telir-Labincih, odkrili \u010dare pode\u017eelske Istre ter poskusili vino, \u017eganje, olj\u010dno olje in druge avtohtone izdelke. Te edinstvene zgodbe zares ne smete zamuditi.<\/p>\n\n\n\n<p><\/p>\n<\/div>\n\n\n\n<div class=\"wp-block-column is-layout-flow wp-block-column-is-layout-flow\">\n<figure class=\"wp-block-image size-citadela_service is-resized is-style-default\"><img decoding=\"async\" src=\"https:\/\/kastelir-labinci.com\/wp-content\/uploads\/2021\/05\/20180804_210443-scaled-1-480x360.jpg\" alt=\"\" class=\"wp-image-6409\" width=\"500\" srcset=\"https:\/\/kastelir-labinci.com\/wp-content\/uploads\/2021\/05\/20180804_210443-scaled-1-480x360.jpg 480w, https:\/\/kastelir-labinci.com\/wp-content\/uploads\/2021\/05\/20180804_210443-scaled-1-300x225.jpg 300w, https:\/\/kastelir-labinci.com\/wp-content\/uploads\/2021\/05\/20180804_210443-scaled-1-1024x768.jpg 1024w, https:\/\/kastelir-labinci.com\/wp-content\/uploads\/2021\/05\/20180804_210443-scaled-1-768x576.jpg 768w, https:\/\/kastelir-labinci.com\/wp-content\/uploads\/2021\/05\/20180804_210443-scaled-1-640x480.jpg 640w, https:\/\/kastelir-labinci.com\/wp-content\/uploads\/2021\/05\/20180804_210443-scaled-1-1536x1152.jpg 1536w, https:\/\/kastelir-labinci.com\/wp-content\/uploads\/2021\/05\/20180804_210443-scaled-1-2048x1536.jpg 2048w\" sizes=\"(max-width: 480px) 100vw, 480px\" \/><\/figure>\n\n\n\n<p><strong><a href=\"https:\/\/kastelir-labinci.com\/sl\/2021\/06\/26\/events-kastelir\/\">Prireditve in dogodki<\/a><\/strong><\/p>\n\n\n\n<p>Pri nas boste do\u017eiveli dale\u010d naokrog znano Gramperijado, prireditev, ki slavi krompir kot plod. \u010ce se spra\u0161ujete, zakaj ime Gramperijada, vedite, da je Ka\u0161telir edini kraj v Istri, kjer se krompir imenuje gramper, njegova kakovost pa slovi dale\u010d naokrog. Gramperijada klju\u010duje tekmovanja najbolj nenavadnih, najve\u010djih krompirjev, njen obvezni del pa so tudi priprava vsakr\u0161nih jedi iz krompirja, glasba in vesela atmosfera.<\/p>\n\n\n\n<p>Pri nas poteka tudi praznovanje Kuzminja, ki med me\u0161\u010dani in obiskovalci vsaki\u010d izzove navdu\u0161enje, zlasti zaradi priprave tradicionalnih jedi v \u017eivo. Pri pripravi dobrot pogosto v tekmujejo ekipe, sestavljene iz \u010dlanov ob\u010dinskih organov, prostovoljnih gasilskih dru\u0161tev, vokalnih skupin, \u010dlanov italijanske skupnosti ali \u0161portnih klubov. Kuzminja je tudi praznovanje, kjer se s tradicionalno cerkveno procesijo sve\u010dano obele\u017euje dan za\u0161\u010ditnikov kraja sv. Kozme in Damijana.<\/p>\n\n\n\n<p>Vsekakor je treba izpostavit tudi tradicionalno proslavo Valentinovega, ki ji namenjamo posebno pozornost, saj je sv. Valentin za\u0161\u010ditnik Ka\u0161telira. Vabimo vas tudi na nepozabno praznovanje praznika sv. Ivana, za\u0161\u010ditnika Labincev. Ta praznik se v tem kraju obele\u017euje vsako leto 24. junija.<\/p>\n<\/div>\n<\/div>\n\n\n\n<figure class=\"wp-block-gallery aligncenter columns-0 is-cropped wp-block-gallery-1 is-layout-flex wp-block-gallery-is-layout-flex\"><ul class=\"blocks-gallery-grid\"><\/ul><\/figure>\n\n\n\n<p><\/p>\n<\/div><\/div>\n\n\n\n<p><\/p>\n<\/div><\/div>\n\n\n\n<div class=\"wp-block-citadela-blocks-spacer citadela-block-spacer\"><div class=\"inner-holder\" style=\"padding-top:5vw\"><\/div><\/div>\n\n\n\n<div class=\"wp-block-citadela-blocks-spacer citadela-block-spacer\"><div class=\"inner-holder\" style=\"padding-top:4vw\"><\/div><\/div>\n\n\n\n<div class=\"wp-block-citadela-blocks-spacer citadela-block-spacer negative-height\"><div class=\"inner-holder\" style=\"margin-top:-8em\"><\/div><\/div>\n","protected":false},"excerpt":{"rendered":"","protected":false},"author":1,"featured_media":0,"parent":0,"menu_order":0,"comment_status":"closed","ping_status":"closed","template":"","meta":{"_citadela_hide_page_title":"1","_citadela_remove_header_space":"","_citadela_custom_class":"","_citadela_half_map_provider":"","_citadela_half_map_theme":"","_citadela_half_map_themeOSM":"","_citadela_half_map_customTheme":"","_citadela_half_map_dataType":"","_citadela_half_map_dynamicTrack":false,"_citadela_half_map_trackColor":"","_citadela_half_map_trackEndpointsColor":"","_citadela_half_map_filterCategory":"","_citadela_half_map_filterLocation":"","_citadela_half_map_filterFeatured":false,"_citadela_half_map_noDataBehavior":"empty-map","_citadela_half_map_noDataText":"","_citadela_half_map_clusterGridSize":80,"_citadela_header":true,"_citadela_header_over_content":true,"_citadela_header_text_color":"","_citadela_header_logo":[],"_citadela_header_bg_image":[],"_citadela_header_bg_position":{"x":0.5,"y":0.5},"_citadela_header_bg_size":"cover","_citadela_header_bg_repeat":"no-repeat","_citadela_header_bg_fixed":false,"_citadela_header_bg_color":"","_citadela_header_bg_image_overlay":"","_citadela_header_transparent_bg":false,"_citadela_content_width":"","_citadela_half_layout_position":"","footnotes":""},"class_list":["post-5320","page","type-page","status-publish","hentry"],"yoast_head":"<!-- This site is optimized with the Yoast SEO plugin v25.2 - https:\/\/yoast.com\/wordpress\/plugins\/seo\/ -->\n<title>Do\u017eivi - Together in<\/title>\n<meta name=\"description\" content=\"Together in Ka\u0161telir Labinci\" \/>\n<meta name=\"robots\" content=\"index, follow, max-snippet:-1, max-image-preview:large, max-video-preview:-1\" \/>\n<link rel=\"canonical\" href=\"https:\/\/kastelir-labinci.com\/sl\/dozivljaj\/\" \/>\n<meta property=\"og:locale\" content=\"sl_SI\" \/>\n<meta property=\"og:type\" content=\"article\" \/>\n<meta property=\"og:title\" content=\"Do\u017eivi - Together in\" \/>\n<meta property=\"og:description\" content=\"Together in Ka\u0161telir Labinci\" \/>\n<meta property=\"og:url\" content=\"https:\/\/kastelir-labinci.com\/sl\/dozivljaj\/\" \/>\n<meta property=\"og:site_name\" content=\"Together in\" \/>\n<meta property=\"article:modified_time\" content=\"2021-09-19T09:07:10+00:00\" \/>\n<meta property=\"og:image\" content=\"https:\/\/kastelir-labinci.com\/wp-content\/uploads\/2021\/06\/Kastelir-Vitis-fridays-fb-2-1-480x360.jpg\" \/>\n<meta name=\"twitter:card\" content=\"summary_large_image\" \/>\n<meta name=\"twitter:label1\" content=\"Est. reading time\" \/>\n\t<meta name=\"twitter:data1\" content=\"3 minute\" \/>\n<script type=\"application\/ld+json\" class=\"yoast-schema-graph\">{\"@context\":\"https:\/\/schema.org\",\"@graph\":[{\"@type\":\"WebPage\",\"@id\":\"https:\/\/kastelir-labinci.com\/sl\/dozivljaj\/\",\"url\":\"https:\/\/kastelir-labinci.com\/sl\/dozivljaj\/\",\"name\":\"Do\u017eivi - Together in\",\"isPartOf\":{\"@id\":\"https:\/\/kastelir-labinci.com\/sl\/#website\"},\"primaryImageOfPage\":{\"@id\":\"https:\/\/kastelir-labinci.com\/sl\/dozivljaj\/#primaryimage\"},\"image\":{\"@id\":\"https:\/\/kastelir-labinci.com\/sl\/dozivljaj\/#primaryimage\"},\"thumbnailUrl\":\"https:\/\/kastelir-labinci.com\/wp-content\/uploads\/2021\/06\/Kastelir-Vitis-fridays-fb-2-1-480x360.jpg\",\"datePublished\":\"2021-05-26T10:37:38+00:00\",\"dateModified\":\"2021-09-19T09:07:10+00:00\",\"description\":\"Together in Ka\u0161telir Labinci\",\"breadcrumb\":{\"@id\":\"https:\/\/kastelir-labinci.com\/sl\/dozivljaj\/#breadcrumb\"},\"inLanguage\":\"sl-SI\",\"potentialAction\":[{\"@type\":\"ReadAction\",\"target\":[\"https:\/\/kastelir-labinci.com\/sl\/dozivljaj\/\"]}]},{\"@type\":\"ImageObject\",\"inLanguage\":\"sl-SI\",\"@id\":\"https:\/\/kastelir-labinci.com\/sl\/dozivljaj\/#primaryimage\",\"url\":\"https:\/\/kastelir-labinci.com\/wp-content\/uploads\/2021\/06\/Kastelir-Vitis-fridays-fb-2-1-480x360.jpg\",\"contentUrl\":\"https:\/\/kastelir-labinci.com\/wp-content\/uploads\/2021\/06\/Kastelir-Vitis-fridays-fb-2-1-480x360.jpg\"},{\"@type\":\"BreadcrumbList\",\"@id\":\"https:\/\/kastelir-labinci.com\/sl\/dozivljaj\/#breadcrumb\",\"itemListElement\":[{\"@type\":\"ListItem\",\"position\":1,\"name\":\"Home\",\"item\":\"https:\/\/kastelir-labinci.com\/sl\/\"},{\"@type\":\"ListItem\",\"position\":2,\"name\":\"Do\u017eivi\"}]},{\"@type\":\"WebSite\",\"@id\":\"https:\/\/kastelir-labinci.com\/sl\/#website\",\"url\":\"https:\/\/kastelir-labinci.com\/sl\/\",\"name\":\"Together in\",\"description\":\"- Ka\u0161telir-Labinci\",\"publisher\":{\"@id\":\"https:\/\/kastelir-labinci.com\/sl\/#organization\"},\"potentialAction\":[{\"@type\":\"SearchAction\",\"target\":{\"@type\":\"EntryPoint\",\"urlTemplate\":\"https:\/\/kastelir-labinci.com\/sl\/?s={search_term_string}\"},\"query-input\":{\"@type\":\"PropertyValueSpecification\",\"valueRequired\":true,\"valueName\":\"search_term_string\"}}],\"inLanguage\":\"sl-SI\"},{\"@type\":\"Organization\",\"@id\":\"https:\/\/kastelir-labinci.com\/sl\/#organization\",\"name\":\"TOGETHER IN Ka\u0161telir - Labinci, turisti\u010dka zajednica\",\"url\":\"https:\/\/kastelir-labinci.com\/sl\/\",\"logo\":{\"@type\":\"ImageObject\",\"inLanguage\":\"sl-SI\",\"@id\":\"https:\/\/kastelir-labinci.com\/sl\/#\/schema\/logo\/image\/\",\"url\":\"https:\/\/kastelir-labinci.com\/wp-content\/uploads\/2020\/08\/logotip-3.png\",\"contentUrl\":\"https:\/\/kastelir-labinci.com\/wp-content\/uploads\/2020\/08\/logotip-3.png\",\"width\":512,\"height\":326,\"caption\":\"TOGETHER IN Ka\u0161telir - Labinci, turisti\u010dka zajednica\"},\"image\":{\"@id\":\"https:\/\/kastelir-labinci.com\/sl\/#\/schema\/logo\/image\/\"}}]}<\/script>\n<!-- \/ Yoast SEO plugin. -->","yoast_head_json":{"title":"Do\u017eivi - Together in","description":"Together in Ka\u0161telir Labinci","robots":{"index":"index","follow":"follow","max-snippet":"max-snippet:-1","max-image-preview":"max-image-preview:large","max-video-preview":"max-video-preview:-1"},"canonical":"https:\/\/kastelir-labinci.com\/sl\/dozivljaj\/","og_locale":"sl_SI","og_type":"article","og_title":"Do\u017eivi - Together in","og_description":"Together in Ka\u0161telir Labinci","og_url":"https:\/\/kastelir-labinci.com\/sl\/dozivljaj\/","og_site_name":"Together in","article_modified_time":"2021-09-19T09:07:10+00:00","og_image":[{"url":"https:\/\/kastelir-labinci.com\/wp-content\/uploads\/2021\/06\/Kastelir-Vitis-fridays-fb-2-1-480x360.jpg","type":"","width":"","height":""}],"twitter_card":"summary_large_image","twitter_misc":{"Est. reading time":"3 minute"},"schema":{"@context":"https:\/\/schema.org","@graph":[{"@type":"WebPage","@id":"https:\/\/kastelir-labinci.com\/sl\/dozivljaj\/","url":"https:\/\/kastelir-labinci.com\/sl\/dozivljaj\/","name":"Do\u017eivi - Together in","isPartOf":{"@id":"https:\/\/kastelir-labinci.com\/sl\/#website"},"primaryImageOfPage":{"@id":"https:\/\/kastelir-labinci.com\/sl\/dozivljaj\/#primaryimage"},"image":{"@id":"https:\/\/kastelir-labinci.com\/sl\/dozivljaj\/#primaryimage"},"thumbnailUrl":"https:\/\/kastelir-labinci.com\/wp-content\/uploads\/2021\/06\/Kastelir-Vitis-fridays-fb-2-1-480x360.jpg","datePublished":"2021-05-26T10:37:38+00:00","dateModified":"2021-09-19T09:07:10+00:00","description":"Together in Ka\u0161telir Labinci","breadcrumb":{"@id":"https:\/\/kastelir-labinci.com\/sl\/dozivljaj\/#breadcrumb"},"inLanguage":"sl-SI","potentialAction":[{"@type":"ReadAction","target":["https:\/\/kastelir-labinci.com\/sl\/dozivljaj\/"]}]},{"@type":"ImageObject","inLanguage":"sl-SI","@id":"https:\/\/kastelir-labinci.com\/sl\/dozivljaj\/#primaryimage","url":"https:\/\/kastelir-labinci.com\/wp-content\/uploads\/2021\/06\/Kastelir-Vitis-fridays-fb-2-1-480x360.jpg","contentUrl":"https:\/\/kastelir-labinci.com\/wp-content\/uploads\/2021\/06\/Kastelir-Vitis-fridays-fb-2-1-480x360.jpg"},{"@type":"BreadcrumbList","@id":"https:\/\/kastelir-labinci.com\/sl\/dozivljaj\/#breadcrumb","itemListElement":[{"@type":"ListItem","position":1,"name":"Home","item":"https:\/\/kastelir-labinci.com\/sl\/"},{"@type":"ListItem","position":2,"name":"Do\u017eivi"}]},{"@type":"WebSite","@id":"https:\/\/kastelir-labinci.com\/sl\/#website","url":"https:\/\/kastelir-labinci.com\/sl\/","name":"Together in","description":"- Ka\u0161telir-Labinci","publisher":{"@id":"https:\/\/kastelir-labinci.com\/sl\/#organization"},"potentialAction":[{"@type":"SearchAction","target":{"@type":"EntryPoint","urlTemplate":"https:\/\/kastelir-labinci.com\/sl\/?s={search_term_string}"},"query-input":{"@type":"PropertyValueSpecification","valueRequired":true,"valueName":"search_term_string"}}],"inLanguage":"sl-SI"},{"@type":"Organization","@id":"https:\/\/kastelir-labinci.com\/sl\/#organization","name":"TOGETHER IN Ka\u0161telir - Labinci, turisti\u010dka zajednica","url":"https:\/\/kastelir-labinci.com\/sl\/","logo":{"@type":"ImageObject","inLanguage":"sl-SI","@id":"https:\/\/kastelir-labinci.com\/sl\/#\/schema\/logo\/image\/","url":"https:\/\/kastelir-labinci.com\/wp-content\/uploads\/2020\/08\/logotip-3.png","contentUrl":"https:\/\/kastelir-labinci.com\/wp-content\/uploads\/2020\/08\/logotip-3.png","width":512,"height":326,"caption":"TOGETHER IN Ka\u0161telir - Labinci, turisti\u010dka zajednica"},"image":{"@id":"https:\/\/kastelir-labinci.com\/sl\/#\/schema\/logo\/image\/"}}]}},"_links":{"self":[{"href":"https:\/\/kastelir-labinci.com\/sl\/wp-json\/wp\/v2\/pages\/5320"}],"collection":[{"href":"https:\/\/kastelir-labinci.com\/sl\/wp-json\/wp\/v2\/pages"}],"about":[{"href":"https:\/\/kastelir-labinci.com\/sl\/wp-json\/wp\/v2\/types\/page"}],"author":[{"embeddable":true,"href":"https:\/\/kastelir-labinci.com\/sl\/wp-json\/wp\/v2\/users\/1"}],"replies":[{"embeddable":true,"href":"https:\/\/kastelir-labinci.com\/sl\/wp-json\/wp\/v2\/comments?post=5320"}],"version-history":[{"count":3,"href":"https:\/\/kastelir-labinci.com\/sl\/wp-json\/wp\/v2\/pages\/5320\/revisions"}],"predecessor-version":[{"id":9307,"href":"https:\/\/kastelir-labinci.com\/sl\/wp-json\/wp\/v2\/pages\/5320\/revisions\/9307"}],"wp:attachment":[{"href":"https:\/\/kastelir-labinci.com\/sl\/wp-json\/wp\/v2\/media?parent=5320"}],"curies":[{"name":"wp","href":"https:\/\/api.w.org\/{rel}","templated":true}]}}